{"id":1098,"date":"2014-05-30T10:46:00","date_gmt":"2014-05-30T08:46:00","guid":{"rendered":"http:\/\/www.eureka-asbl.be\/?page_id=1098"},"modified":"2018-06-16T10:05:06","modified_gmt":"2018-06-16T08:05:06","slug":"les-cartes-mentales-mind-mapping","status":"publish","type":"page","link":"https:\/\/www.campus-berlaymont.be\/l\/les-cartes-mentales-mind-mapping\/","title":{"rendered":"Les cartes mentales &#8211; Mind mapping"},"content":{"rendered":"<h2 style=\"color: #222222;\">Ces suivis sont pris en charge par notre partenaire\u00a0<a title=\"Dact-Ecole\" href=\"http:\/\/www.campus-berlaymont.be\/l\/dact-ecole\/\">Dact-Ecole<\/a>\u00a0au lyc\u00e9e de Berlaymont<\/h2>\n<p>&nbsp;<\/p>\n<p><img loading=\"lazy\" class=\"aligncenter size-full wp-image-1099\" src=\"http:\/\/www.campus-berlaymont.be\/l\/wp-content\/uploads\/2014\/05\/0a704026DEFAULT.png\" alt=\"0a704026DEFAULT\" width=\"507\" height=\"196\" srcset=\"https:\/\/www.campus-berlaymont.be\/l\/wp-content\/uploads\/2014\/05\/0a704026DEFAULT.png 507w, https:\/\/www.campus-berlaymont.be\/l\/wp-content\/uploads\/2014\/05\/0a704026DEFAULT-300x116.png 300w\" sizes=\"(max-width: 507px) 100vw, 507px\" \/><\/p>\n<p style=\"text-align: justify;\"><span style=\"font-weight: bold; color: #000000;\">Cette activit\u00e9 est organis\u00e9e le vendredi en 8 cours de 1 h pendant le temps de midi pour les \u00e9l\u00e8ves au 1er degr\u00e9.<\/span><\/p>\n<p style=\"text-align: justify;\"><span style=\"font-weight: bold; color: #000000;\">Notre p\u00e9dagogie est active, autrement dit nous suscitons l&rsquo;apprentissage, nous demandons \u00e0 nos \u00e9l\u00e8ves de se poser des questions et de trouver leurs propres solutions tout en les encadrant et en poursuivant des objectifs clairement \u00e9tablis.<\/span><br style=\"font-weight: bold; color: #000000;\" \/><br style=\"font-weight: bold; color: #000000;\" \/><span style=\"font-weight: bold; color: #bc1149;\"><a style=\"color: #228b22;\" href=\"http:\/\/www.dact-ecole.org\/cmentales\/map5.html\">CARTE MENTALE ANIMEE ET EXPLIQUEE<\/a><\/span><\/p>\n<p><img loading=\"lazy\" class=\"alignright size-full wp-image-1100\" src=\"http:\/\/www.campus-berlaymont.be\/l\/wp-content\/uploads\/2014\/05\/2629ad8cDEFAULT.png\" alt=\"2629ad8cDEFAULT\" width=\"331\" height=\"253\" srcset=\"https:\/\/www.campus-berlaymont.be\/l\/wp-content\/uploads\/2014\/05\/2629ad8cDEFAULT.png 331w, https:\/\/www.campus-berlaymont.be\/l\/wp-content\/uploads\/2014\/05\/2629ad8cDEFAULT-300x229.png 300w\" sizes=\"(max-width: 331px) 100vw, 331px\" \/><\/p>\n<p>Contenu de l&rsquo;activit\u00e9 :<\/p>\n<ul style=\"color: #000000;\">\n<li>Principe de base et prise de conscience<\/li>\n<li>Les 6 r\u00e8gles de la carte mentale<\/li>\n<li>La pens\u00e9e irradiante<\/li>\n<li>Illustrer ma carte par des dessins simples (symboles)<\/li>\n<li>Utilisation de la tablette<\/li>\n<li>Cr\u00e9ation d&rsquo;une carte en 3D<\/li>\n<li>Comment fonctionne le cerveau?<\/li>\n<li>Prendre des notes<\/li>\n<li>Comment fonctionnent les m\u00e9moires ?<\/li>\n<li>Cartes in et cartes out<\/li>\n<li>Am\u00e9liorer une carte existante<\/li>\n<\/ul>\n<p>&nbsp;<\/p>\n<p style=\"text-align: justify;\">PAF : 140 euros (1er degr\u00e9 : 1re et 2e)<\/p>\n<p style=\"text-align: justify;\">Le forfait couvre 8\u00a0s\u00e9ances d&rsquo;1 h (1 sem \/ 2)\u00a0pour le 1er degr\u00e9.<\/p>\n<p style=\"text-align: justify;\">Les premiers ateliers d\u00e9buteraient au lyc\u00e9e de Berlaymont le vendredi\u00a07 octobre 2016, \u00e0 condition qu&rsquo;ils comportent 10 inscrits minimum.<\/p>\n","protected":false},"excerpt":{"rendered":"<p>Ces suivis sont pris en charge par notre partenaire\u00a0Dact-Ecole\u00a0au lyc\u00e9e de Berlaymont &nbsp; Cette activit\u00e9 est organis\u00e9e le vendredi en 8 cours de 1 h pendant le temps de midi pour les \u00e9l\u00e8ves au 1er degr\u00e9. Notre p\u00e9dagogie est active, autrement dit nous suscitons l&rsquo;apprentissage, nous demandons \u00e0 nos \u00e9l\u00e8ves [&hellip;]<\/p>\n","protected":false},"author":3,"featured_media":0,"parent":0,"menu_order":0,"comment_status":"closed","ping_status":"closed","template":"","meta":{"spay_email":""},"jetpack_sharing_enabled":true,"jetpack_shortlink":"https:\/\/wp.me\/Pa07XE-hI","_links":{"self":[{"href":"https:\/\/www.campus-berlaymont.be\/l\/wp-json\/wp\/v2\/pages\/1098"}],"collection":[{"href":"https:\/\/www.campus-berlaymont.be\/l\/wp-json\/wp\/v2\/pages"}],"about":[{"href":"https:\/\/www.campus-berlaymont.be\/l\/wp-json\/wp\/v2\/types\/page"}],"author":[{"embeddable":true,"href":"https:\/\/www.campus-berlaymont.be\/l\/wp-json\/wp\/v2\/users\/3"}],"replies":[{"embeddable":true,"href":"https:\/\/www.campus-berlaymont.be\/l\/wp-json\/wp\/v2\/comments?post=1098"}],"version-history":[{"count":1,"href":"https:\/\/www.campus-berlaymont.be\/l\/wp-json\/wp\/v2\/pages\/1098\/revisions"}],"predecessor-version":[{"id":3169,"href":"https:\/\/www.campus-berlaymont.be\/l\/wp-json\/wp\/v2\/pages\/1098\/revisions\/3169"}],"wp:attachment":[{"href":"https:\/\/www.campus-berlaymont.be\/l\/wp-json\/wp\/v2\/media?parent=1098"}],"curies":[{"name":"wp","href":"https:\/\/api.w.org\/{rel}","templated":true}]}}