{"id":1337,"date":"2015-03-02T19:39:04","date_gmt":"2015-03-02T18:39:04","guid":{"rendered":"http:\/\/www.eureka-asbl.be\/?page_id=1337"},"modified":"2019-01-06T18:27:51","modified_gmt":"2019-01-06T17:27:51","slug":"stages","status":"publish","type":"page","link":"https:\/\/www.campus-berlaymont.be\/l\/langues-2\/stages\/","title":{"rendered":"Stages"},"content":{"rendered":"<p class=\"p1\"><img loading=\"lazy\" class=\"aligncenter size-full wp-image-1020\" src=\"http:\/\/www.campus-berlaymont.be\/l\/wp-content\/uploads\/2014\/04\/Robot-Homepage3.png\" alt=\"Robot Homepage3\" width=\"140\" height=\"200\" scale=\"0\" \/><\/p>\n<p class=\"p1\" style=\"text-align: justify;\"><span class=\"s1\">L\u2019asbl INTERLINGUA a plus de 20 ans d\u2019exp\u00e9rience dans l\u2019apprentissage des langues. Elle est l\u2019un de nos <span class=\"s2\">partenaires<\/span> pour nos activit\u00e9s parascolaires au lyc\u00e9e.<\/span><\/p>\n<p class=\"p1\" style=\"text-align: justify;\"><span class=\"s1\">Elle propose \u00e9galement \u00e0 P\u00e2ques et en \u00e9t\u00e9 des stages en <strong>langues<\/strong>, <strong>math\u00e9matique<\/strong>\u00a0au Lyc\u00e9e de Berlaymont\u00a0 :<\/span><\/p>\n<p class=\"p1\" style=\"text-align: justify;\"><span class=\"s1\"><b>Ses formules\u00a0:<\/b><\/span><\/p>\n<ul>\n<li><span class=\"s1\">N\u00e9erlandais<\/span><\/li>\n<li><span class=\"s1\">Anglais<\/span><\/li>\n<li>Math<\/li>\n<li>\n<div><span style=\"color: #444444; font-size: medium;\">Horaire: 4 p\u00e9riodes de cours de 45 min. par matin\u00e9e de 9 h \u00e0 12 h 15.<\/span><\/div>\n<\/li>\n<li>\n<div><span style=\"color: #444444; font-size: medium;\">Formule : <span style=\"font-weight: 600;\">une seule branche par semaine<\/span><\/span><\/div>\n<\/li>\n<li>\n<div><span style=\"color: #444444; font-size: medium;\">Encadrement professionnel. <b><i>Enseignants exp\u00e9riment\u00e9s.<\/i><\/b><\/span><\/div>\n<\/li>\n<li>\n<div><span style=\"color: #444444; font-size: medium;\">Groupe de 5 participants en moyenne.<\/span><\/div>\n<\/li>\n<li>\n<div><span style=\"color: #444444; font-size: medium;\">Efficacit\u00e9 garantie par un programme personnalis\u00e9. Approche interactive et ludique.<\/span><\/div>\n<\/li>\n<\/ul>\n<p class=\"p1\" style=\"text-align: justify;\"><span class=\"s1\">S<b>on programme :<\/b><\/span><\/p>\n<ul class=\"ul1\" style=\"text-align: justify;\">\n<li style=\"list-style-type: none;\">\n<ul class=\"ul1\" style=\"text-align: justify;\">\n<li class=\"li1\"><span class=\"s1\">Accent mis sur les besoins de chaque \u00e9l\u00e8ve.<\/span><\/li>\n<\/ul>\n<\/li>\n<\/ul>\n<ul class=\"ul1\" style=\"text-align: justify;\">\n<li style=\"list-style-type: none;\">\n<ul class=\"ul1\" style=\"text-align: justify;\">\n<li class=\"li1\"><span class=\"s1\">M\u00e9thodologie int\u00e9gr\u00e9e dans chaque branche.<\/span><\/li>\n<\/ul>\n<\/li>\n<\/ul>\n<ul class=\"ul1\" style=\"text-align: justify;\">\n<li style=\"list-style-type: none;\">\n<ul class=\"ul1\" style=\"text-align: justify;\">\n<li class=\"li1\"><span class=\"s1\">Rencontre parents et professeurs en d\u00e9but et fin de stage.<\/span><\/li>\n<\/ul>\n<\/li>\n<\/ul>\n<ul class=\"ul1\" style=\"text-align: justify;\">\n<li style=\"list-style-type: none;\">\n<ul class=\"ul1\" style=\"text-align: justify;\">\n<li class=\"li1\"><span class=\"s1\">Expression orale programm\u00e9e chaque matin\u00e9e en langues.<\/span><\/li>\n<\/ul>\n<\/li>\n<\/ul>\n<ul class=\"ul1\" style=\"text-align: justify;\">\n<li style=\"list-style-type: none;\">\n<ul class=\"ul1\" style=\"text-align: justify;\">\n<li class=\"li1\"><span class=\"s1\">Remise \u00e0 niveau, travail de vacances, examen de passage\u2026<\/span><\/li>\n<\/ul>\n<\/li>\n<\/ul>\n<ul class=\"ul1\" style=\"text-align: justify;\">\n<li style=\"list-style-type: none;\">\n<ul class=\"ul1\" style=\"text-align: justify;\">\n<li class=\"li1\"><span class=\"s1\">Perfectionnement et immersion.<\/span><\/li>\n<\/ul>\n<\/li>\n<\/ul>\n<ul class=\"ul1\" style=\"text-align: justify;\">\n<li class=\"li1\"><span class=\"s1\">Toutes les comp\u00e9tences \u00a0r\u00e9activ\u00e9es et approfondies.<\/span><\/li>\n<\/ul>\n<p class=\"p1\" style=\"text-align: justify;\"><span class=\"s1\"><b>Ses atouts\u00a0:<\/b><\/span><\/p>\n<ul class=\"ul1\" style=\"text-align: justify;\">\n<li style=\"list-style-type: none;\">\n<ul class=\"ul1\" style=\"text-align: justify;\">\n<li class=\"li1\"><span class=\"s1\">Plus de 20 ans d\u2019exp\u00e9rience dans l\u2019apprentissage.<\/span><\/li>\n<\/ul>\n<\/li>\n<\/ul>\n<ul class=\"ul1\" style=\"text-align: justify;\">\n<li style=\"list-style-type: none;\">\n<ul class=\"ul1\" style=\"text-align: justify;\">\n<li class=\"li1\"><span class=\"s1\">Encadrement professionnel.<\/span><\/li>\n<\/ul>\n<\/li>\n<\/ul>\n<ul class=\"ul1\" style=\"text-align: justify;\">\n<li style=\"list-style-type: none;\">\n<ul class=\"ul1\" style=\"text-align: justify;\">\n<li class=\"li1\"><span class=\"s1\">Efficacit\u00e9 garantie par un programme personnalis\u00e9<\/span><\/li>\n<\/ul>\n<\/li>\n<\/ul>\n<ul class=\"ul1\" style=\"text-align: justify;\">\n<li style=\"list-style-type: none;\">\n<ul class=\"ul1\" style=\"text-align: justify;\">\n<li class=\"li1\"><span class=\"s1\">Petits groupes homog\u00e8nes.<\/span><\/li>\n<\/ul>\n<\/li>\n<\/ul>\n<ul class=\"ul1\" style=\"text-align: justify;\">\n<li style=\"list-style-type: none;\">\n<ul class=\"ul1\" style=\"text-align: justify;\">\n<li class=\"li1\"><span class=\"s1\">Guidance individualis\u00e9e.<\/span><\/li>\n<\/ul>\n<\/li>\n<\/ul>\n<ul class=\"ul1\" style=\"text-align: justify;\">\n<li style=\"list-style-type: none;\">\n<ul class=\"ul1\" style=\"text-align: justify;\">\n<li class=\"li1\"><span class=\"s1\">Approche interactive et ludique.<\/span><\/li>\n<\/ul>\n<\/li>\n<\/ul>\n<ul class=\"ul1\" style=\"text-align: justify;\">\n<li class=\"li1\"><span class=\"s1\">95% de r\u00e9ussite aux examens de passage et tests de remise \u00e0 niveau.<\/span><\/li>\n<\/ul>\n<p><strong>Dates (2019) :<\/strong><\/p>\n<ul>\n<li>du lundi 15 au vendredi 19 avril<\/li>\n<li>du lundi 19 ao\u00fbt au vendredi 23 ao\u00fbt<\/li>\n<li>du lundi 26 au vendredi 30 ao\u00fbt<\/li>\n<\/ul>\n<p><b style=\"text-align: justify;\">Prix\u00a0<\/b><span style=\"text-align: justify;\">: 180 euros la semaine (8,6 \u20ac l&rsquo;heure de cours). Remboursement partiel possible via votre mutuelle (nous contacter)<\/span><\/p>\n<p class=\"p1\" style=\"text-align: justify;\"><span class=\"s1\"><b>\u00c2ge\u00a0<\/b>: 12 \u00e0 18 ans<\/span><\/p>\n<p class=\"p1\" style=\"text-align: justify;\"><span class=\"s1\"><b>Nombre de participants<\/b>\u00a0: 3 \u00e0 8 participants.\u00a0 Groupes homog\u00e8nes par degr\u00e9.<\/span><\/p>\n<p class=\"p1\" style=\"text-align: justify;\"><span class=\"s1\">Inscriptions on line\u00a0:\u00a0<a href=\"http:\/\/www.interlingua-asbl.be\/\"><span class=\"s2\">www.interlingua-asbl.be<\/span><\/a><\/span><\/p>\n<p class=\"p1\" style=\"text-align: justify;\"><span class=\"s1\">Renseignements\u00a0: 0474\/988 558<\/span><\/p>\n<p class=\"p3\" style=\"text-align: justify;\"><span class=\"s3\">Mail\u00a0: <a href=\"mailto:info@interlingua-asbl.be\"><span class=\"s4\">info@interlingua-asbl.be<\/span><\/a><\/span><b style=\"line-height: 1.42857;\"><\/b><\/p>\n","protected":false},"excerpt":{"rendered":"<p>L\u2019asbl INTERLINGUA a plus de 20 ans d\u2019exp\u00e9rience dans l\u2019apprentissage des langues. Elle est l\u2019un de nos partenaires pour nos activit\u00e9s parascolaires au lyc\u00e9e. Elle propose \u00e9galement \u00e0 P\u00e2ques et en \u00e9t\u00e9 des stages en langues, math\u00e9matique\u00a0au Lyc\u00e9e de Berlaymont\u00a0 : Ses formules\u00a0: N\u00e9erlandais Anglais Math Horaire: 4 p\u00e9riodes de [&hellip;]<\/p>\n","protected":false},"author":3,"featured_media":0,"parent":1146,"menu_order":0,"comment_status":"closed","ping_status":"closed","template":"","meta":{"spay_email":""},"jetpack_sharing_enabled":true,"jetpack_shortlink":"https:\/\/wp.me\/Pa07XE-lz","_links":{"self":[{"href":"https:\/\/www.campus-berlaymont.be\/l\/wp-json\/wp\/v2\/pages\/1337"}],"collection":[{"href":"https:\/\/www.campus-berlaymont.be\/l\/wp-json\/wp\/v2\/pages"}],"about":[{"href":"https:\/\/www.campus-berlaymont.be\/l\/wp-json\/wp\/v2\/types\/page"}],"author":[{"embeddable":true,"href":"https:\/\/www.campus-berlaymont.be\/l\/wp-json\/wp\/v2\/users\/3"}],"replies":[{"embeddable":true,"href":"https:\/\/www.campus-berlaymont.be\/l\/wp-json\/wp\/v2\/comments?post=1337"}],"version-history":[{"count":7,"href":"https:\/\/www.campus-berlaymont.be\/l\/wp-json\/wp\/v2\/pages\/1337\/revisions"}],"predecessor-version":[{"id":4535,"href":"https:\/\/www.campus-berlaymont.be\/l\/wp-json\/wp\/v2\/pages\/1337\/revisions\/4535"}],"up":[{"embeddable":true,"href":"https:\/\/www.campus-berlaymont.be\/l\/wp-json\/wp\/v2\/pages\/1146"}],"wp:attachment":[{"href":"https:\/\/www.campus-berlaymont.be\/l\/wp-json\/wp\/v2\/media?parent=1337"}],"curies":[{"name":"wp","href":"https:\/\/api.w.org\/{rel}","templated":true}]}}