{"id":1389,"date":"2015-04-24T17:20:56","date_gmt":"2015-04-24T15:20:56","guid":{"rendered":"http:\/\/www.eureka-asbl.be\/?page_id=1389"},"modified":"2025-08-23T09:59:03","modified_gmt":"2025-08-23T07:59:03","slug":"type-dactivites-proposees","status":"publish","type":"page","link":"https:\/\/www.campus-berlaymont.be\/l\/type-dactivites-proposees\/","title":{"rendered":"Type d&rsquo;activit\u00e9s propos\u00e9es"},"content":{"rendered":"<p>Toutes les activit\u00e9s ne sont pas organis\u00e9es d&rsquo;ann\u00e9e en ann\u00e9e. S\u00e9lectionner en bas de page les propositions de l&rsquo;ann\u00e9e concern\u00e9e.<\/p>\n<table>\n<tbody>\n<tr>\n<td>\n<h3>Arts<\/h3>\n<ul>\n<li><a href=\"https:\/\/wp.me\/P48wfY-FQ\">Atelier cin\u00e9ma <strong>suspendu<\/strong>\u00a0<\/a><\/li>\n<li>Atelier \u00e9criture<br \/>\nBerlaymont orchestra<\/li>\n<li><a href=\"http:\/\/www.campus-berlaymont.be\/l\/ceramique\/\">C\u00e9ramique (suspendu)<\/a><\/li>\n<li><a href=\"http:\/\/www.campus-berlaymont.be\/l\/chant\/\">Chant <strong>suspendu<\/strong>\u00a0<\/a><\/li>\n<li><a href=\"https:\/\/www.campus-berlaymont.be\/l\/chorale\/\">chorale <strong>suspendu<\/strong><\/a><\/li>\n<li><a href=\"http:\/\/www.campus-berlaymont.be\/l\/danse-urbaine\/\">Danses\u00a0<\/a><\/li>\n<li><a href=\"http:\/\/www.campus-berlaymont.be\/l\/guitare\/\">Guitare (cours collectif <strong>suspendu<\/strong>)<\/a><\/li>\n<li><a href=\"http:\/\/www.campus-berlaymont.be\/l\/piano\/\">Piano\u00a0(cours individuel)<\/a><\/li>\n<li><a href=\"http:\/\/www.campus-berlaymont.be\/l\/piano-cours-collectif-pour-debutant\/\">Piano (cours collectif <strong>suspendu<\/strong>)<\/a><\/li>\n<li><a href=\"http:\/\/www.campus-berlaymont.be\/l\/theatre\/\">Th\u00e9\u00e2tre (suspendu)<\/a><\/li>\n<\/ul>\n<h3>Divers<\/h3>\n<ul>\n<li><a href=\"https:\/\/www.campus-berlaymont.be\/l\/beps\/\">Beps<\/a><\/li>\n<li><a href=\"http:\/\/www.eureka-asbl.be\/les-cartes-mentales-mind-mapping\/\">Cartes mentales <strong>suspendu<\/strong><\/a><\/li>\n<li><a href=\"https:\/\/www.campus-berlaymont.be\/l\/codage-scratch\/\">Codage\/scratch<\/a><\/li>\n<li><a href=\"http:\/\/www.eureka-asbl.be\/dactylo\/\">Dactylo <strong>suspendu<\/strong><\/a><\/li>\n<li><a href=\"http:\/\/www.eureka-asbl.be\/informatique\/\">Informatique <strong>suspendu<\/strong><\/a><\/li>\n<li><a href=\"https:\/\/www.campus-berlaymont.be\/l\/lego-spike-4\/\">Lego Spike<\/a><\/li>\n<li><a href=\"http:\/\/www.eureka-asbl.be\/mathematique\/\">Math\u00e9matique <strong>suspendu<\/strong><\/a><\/li>\n<li><a href=\"http:\/\/www.eureka-asbl.be\/mentorat-scolaire\/\">Mentorat scolaire <strong>suspendu<\/strong><\/a> (Gestion mentale et neurosciences)<\/li>\n<li><a href=\"http:\/\/www.eureka-asbl.be\/robo-tic\/\">Robo-Tic <strong>suspendu<\/strong><\/a><\/li>\n<li><\/li>\n<\/ul>\n<h3>Etudes<\/h3>\n<p>Etudes dirig\u00e9es<\/td>\n<td>\n<h3>Langues<\/h3>\n<ul>\n<li><a href=\"http:\/\/www.eureka-asbl.be\/langues\/langues\/\">Suivi en langues suspens <strong>suspendu<\/strong><\/a> (n\u00e9erlandais ou anglais)<\/li>\n<\/ul>\n<h3>Sports<\/h3>\n<ul>\n<li><a href=\"http:\/\/www.eureka-asbl.be\/badminton\/\">Badminton (suspendu)<\/a><\/li>\n<li><a href=\"http:\/\/wp.me\/P48wfY-oK\">Course d&rsquo;orientation <strong>suspendu<\/strong><\/a><\/li>\n<li><a href=\"http:\/\/www.eureka-asbl.be\/escalade\/\">Escalade<br \/>\n<\/a><\/li>\n<li>Fitness<\/li>\n<li><a href=\"http:\/\/www.eureka-asbl.be\/football\/\">Football<\/a><\/li>\n<li><a href=\"http:\/\/www.eureka-asbl.be\/gymnastique-sportive\/\">Gymnastique sportive <strong>suspendu<\/strong><\/a><\/li>\n<li><a href=\"https:\/\/www.campus-berlaymont.be\/l\/multinewsport\/\">MultiNewSport\u00a0 <strong>suspendu<\/strong><\/a><\/li>\n<li><a href=\"http:\/\/www.eureka-asbl.be\/netball\/\">Netball<\/a><\/li>\n<li><a href=\"http:\/\/www.eureka-asbl.be\/rugby\/\">Rugby <strong>suspendu<\/strong><\/a><\/li>\n<li><a href=\"http:\/\/www.eureka-asbl.be\/ping-pong\/\">Tennis de table<\/a><\/li>\n<li><a href=\"https:\/\/www.campus-berlaymont.be\/l\/tournois-sports-multiples\/\">Tournois sports multiples <strong>suspendu<\/strong><\/a><\/li>\n<li><a href=\"http:\/\/www.eureka-asbl.be\/unihockey\/\">Unihockey<\/a><\/li>\n<li><a href=\"http:\/\/www.eureka-asbl.be\/volley\/\">Volley ball<\/a><\/li>\n<li><a href=\"http:\/\/www.eureka-asbl.be\/vtt\/\">VTT <strong>suspendu<\/strong><\/a><\/li>\n<\/ul>\n<\/td>\n<\/tr>\n<\/tbody>\n<\/table>\n<p><a href=\"https:\/\/www.campus-berlaymont.be\/l\/wp-content\/uploads\/2025\/08\/Calendrier-Etudes-dirigees-2025-2026-.pdf\">Calendrier des activit\u00e9s &#8211; \u00e9tudes dirig\u00e9es 2025-2026<\/a><\/p>\n<p>D\u00e9pliant explicatif pour les \u00e9tudes 2025-2026 (\u00e0 para\u00eetre)<\/p>\n<p><a href=\"_wp_link_placeholder\" data-wplink-edit=\"true\">Calendrier des activit\u00e9s &#8211; parascolaire organis\u00e9es en 2025-2026<\/a><\/p>\n<p>D\u00e9pliant explicatif des activit\u00e9s organis\u00e9es en 2025-2026 (\u00e0 para\u00eetre)<\/p>\n<p>Proposition 2025-2026 pour les activit\u00e9s parascolaires (\u00e0 para\u00eetre)<\/p>\n","protected":false},"excerpt":{"rendered":"<p>Toutes les activit\u00e9s ne sont pas organis\u00e9es d&rsquo;ann\u00e9e en ann\u00e9e. S\u00e9lectionner en bas de page les propositions de l&rsquo;ann\u00e9e concern\u00e9e. Arts Atelier cin\u00e9ma suspendu\u00a0 Atelier \u00e9criture Berlaymont orchestra C\u00e9ramique (suspendu) Chant suspendu\u00a0 chorale suspendu Danses\u00a0 Guitare (cours collectif suspendu) Piano\u00a0(cours individuel) Piano (cours collectif suspendu) Th\u00e9\u00e2tre (suspendu) Divers Beps Cartes [&hellip;]<\/p>\n","protected":false},"author":3,"featured_media":0,"parent":0,"menu_order":0,"comment_status":"closed","ping_status":"closed","template":"","meta":{"spay_email":""},"jetpack_sharing_enabled":true,"jetpack_shortlink":"https:\/\/wp.me\/Pa07XE-mp","_links":{"self":[{"href":"https:\/\/www.campus-berlaymont.be\/l\/wp-json\/wp\/v2\/pages\/1389"}],"collection":[{"href":"https:\/\/www.campus-berlaymont.be\/l\/wp-json\/wp\/v2\/pages"}],"about":[{"href":"https:\/\/www.campus-berlaymont.be\/l\/wp-json\/wp\/v2\/types\/page"}],"author":[{"embeddable":true,"href":"https:\/\/www.campus-berlaymont.be\/l\/wp-json\/wp\/v2\/users\/3"}],"replies":[{"embeddable":true,"href":"https:\/\/www.campus-berlaymont.be\/l\/wp-json\/wp\/v2\/comments?post=1389"}],"version-history":[{"count":43,"href":"https:\/\/www.campus-berlaymont.be\/l\/wp-json\/wp\/v2\/pages\/1389\/revisions"}],"predecessor-version":[{"id":8853,"href":"https:\/\/www.campus-berlaymont.be\/l\/wp-json\/wp\/v2\/pages\/1389\/revisions\/8853"}],"wp:attachment":[{"href":"https:\/\/www.campus-berlaymont.be\/l\/wp-json\/wp\/v2\/media?parent=1389"}],"curies":[{"name":"wp","href":"https:\/\/api.w.org\/{rel}","templated":true}]}}