{"id":1534,"date":"2015-07-27T17:38:19","date_gmt":"2015-07-27T15:38:19","guid":{"rendered":"http:\/\/www.eureka-asbl.be\/?page_id=1534"},"modified":"2025-08-23T10:06:13","modified_gmt":"2025-08-23T08:06:13","slug":"course-dorientation","status":"publish","type":"page","link":"https:\/\/www.campus-berlaymont.be\/l\/course-dorientation\/","title":{"rendered":"Course d&rsquo;orientation"},"content":{"rendered":"<p style=\"text-align: center;\"><a href=\"http:\/\/www.eureka-asbl.be\/wp-content\/uploads\/2015\/07\/course-dorientation-1.jpeg\"><img loading=\"lazy\" class=\" size-full wp-image-1535 alignleft\" src=\"http:\/\/www.eureka-asbl.be\/wp-content\/uploads\/2015\/07\/course-dorientation-1.jpeg\" alt=\"course d'orientation 1\" width=\"191\" height=\"164\" \/><\/a><strong>NE SERA PAS ORGANISE L&rsquo;ANNEE SCOLAIRE 21-22<\/strong><\/p>\n<p style=\"text-align: justify;\">\n<p style=\"text-align: justify;\">\n<p style=\"text-align: justify;\">Faire de la course d&rsquo;orientation, c&rsquo;est se d\u00e9placer vers des buts pr\u00e9cis en terrain inconnu \u00e0 l&rsquo;aide d&rsquo;une carte (plan, carte, roadbook&#8230;) et \u00e9ventuellement d&rsquo;une boussole. La course d&rsquo;orientation est une course individuelle contre la montre sur un parcours mat\u00e9rialis\u00e9 par des postes (balises).<\/p>\n<p style=\"text-align: justify;\">Cette activit\u00e9 sera propos\u00e9e une fois par mois de 16 h 15 \u00e0 17 h 15 (sauf les mois d&rsquo;hiver\u00a0&#8211; d\u00e9cembre \u00e0 f\u00e9vrier) sur le site du Centre scolaire du Berlaymont.<\/p>\n<p style=\"text-align: justify;\">PAF : 145 euros<\/p>\n<p style=\"text-align: justify;\">Carte course d&rsquo;orientation : la codification est pr\u00e9cise (d\u00e9tails, couleurs,&#8230;) et identique pour toutes les cartes.<\/p>\n<p><a href=\"http:\/\/www.eureka-asbl.be\/wp-content\/uploads\/2015\/07\/course-dorientation-2.jpeg\"><br \/>\n<img loading=\"lazy\" class=\" size-full wp-image-1536 aligncenter\" src=\"http:\/\/www.eureka-asbl.be\/wp-content\/uploads\/2015\/07\/course-dorientation-2.jpeg\" alt=\"course d'orientation 2\" width=\"251\" height=\"201\" \/><\/a><\/p>\n","protected":false},"excerpt":{"rendered":"<p>NE SERA PAS ORGANISE L&rsquo;ANNEE SCOLAIRE 21-22 Faire de la course d&rsquo;orientation, c&rsquo;est se d\u00e9placer vers des buts pr\u00e9cis en terrain inconnu \u00e0 l&rsquo;aide d&rsquo;une carte (plan, carte, roadbook&#8230;) et \u00e9ventuellement d&rsquo;une boussole. La course d&rsquo;orientation est une course individuelle contre la montre sur un parcours mat\u00e9rialis\u00e9 par des postes [&hellip;]<\/p>\n","protected":false},"author":3,"featured_media":0,"parent":0,"menu_order":0,"comment_status":"closed","ping_status":"open","template":"","meta":{"spay_email":""},"jetpack_sharing_enabled":true,"jetpack_shortlink":"https:\/\/wp.me\/Pa07XE-oK","_links":{"self":[{"href":"https:\/\/www.campus-berlaymont.be\/l\/wp-json\/wp\/v2\/pages\/1534"}],"collection":[{"href":"https:\/\/www.campus-berlaymont.be\/l\/wp-json\/wp\/v2\/pages"}],"about":[{"href":"https:\/\/www.campus-berlaymont.be\/l\/wp-json\/wp\/v2\/types\/page"}],"author":[{"embeddable":true,"href":"https:\/\/www.campus-berlaymont.be\/l\/wp-json\/wp\/v2\/users\/3"}],"replies":[{"embeddable":true,"href":"https:\/\/www.campus-berlaymont.be\/l\/wp-json\/wp\/v2\/comments?post=1534"}],"version-history":[{"count":2,"href":"https:\/\/www.campus-berlaymont.be\/l\/wp-json\/wp\/v2\/pages\/1534\/revisions"}],"predecessor-version":[{"id":8861,"href":"https:\/\/www.campus-berlaymont.be\/l\/wp-json\/wp\/v2\/pages\/1534\/revisions\/8861"}],"wp:attachment":[{"href":"https:\/\/www.campus-berlaymont.be\/l\/wp-json\/wp\/v2\/media?parent=1534"}],"curies":[{"name":"wp","href":"https:\/\/api.w.org\/{rel}","templated":true}]}}