{"id":2974,"date":"2018-06-13T20:22:02","date_gmt":"2018-06-13T18:22:02","guid":{"rendered":"http:\/\/www.campus-berlaymont.be\/l\/?page_id=2974"},"modified":"2018-06-13T20:22:48","modified_gmt":"2018-06-13T18:22:48","slug":"absence-2","status":"publish","type":"page","link":"https:\/\/www.campus-berlaymont.be\/l\/absence-2\/","title":{"rendered":"Absence"},"content":{"rendered":"<p>Les tarifs pratiqu\u00e9s le sont \u00e0 titre forfaitaire pour la dur\u00e9e d&rsquo;un trimestre ou plus.<\/p>\n<p>Si votre enfant est absent \u00e0 l&rsquo;une ou l&rsquo;autre des s\u00e9ances organis\u00e9es, aucun remboursement ne sera accord\u00e9.<\/p>\n<p>Toutefois, pour les absences de longue dur\u00e9e, y compris \u00e0 l&rsquo;\u00e9cole o\u00f9 l&rsquo;enfant suit sa scolarit\u00e9, des reports de jours sur le prochain trimestre peuvent \u00eatre envisag\u00e9s.<\/p>\n<p>Si tel devait \u00eatre le cas, vous pouvez vous adresser \u00e0 notre service facturation via l&rsquo;adresse de &lt;a title=\u00a0\u00bbContact\u00a0\u00bb href=\u00a0\u00bbhttp:\/\/www.campus-berlaymont.be\/l\/contacts\/\u00a0\u00bb&gt;contact&lt;\/a&gt;.<\/p>\n","protected":false},"excerpt":{"rendered":"<p>Les tarifs pratiqu\u00e9s le sont \u00e0 titre forfaitaire pour la dur\u00e9e d&rsquo;un trimestre ou plus. Si votre enfant est absent \u00e0 l&rsquo;une ou l&rsquo;autre des s\u00e9ances organis\u00e9es, aucun remboursement ne sera accord\u00e9. Toutefois, pour les absences de longue dur\u00e9e, y compris \u00e0 l&rsquo;\u00e9cole o\u00f9 l&rsquo;enfant suit sa scolarit\u00e9, des reports [&hellip;]<\/p>\n","protected":false},"author":3,"featured_media":0,"parent":0,"menu_order":0,"comment_status":"closed","ping_status":"closed","template":"","meta":{"spay_email":""},"jetpack_sharing_enabled":true,"jetpack_shortlink":"https:\/\/wp.me\/Pa07XE-LY","_links":{"self":[{"href":"https:\/\/www.campus-berlaymont.be\/l\/wp-json\/wp\/v2\/pages\/2974"}],"collection":[{"href":"https:\/\/www.campus-berlaymont.be\/l\/wp-json\/wp\/v2\/pages"}],"about":[{"href":"https:\/\/www.campus-berlaymont.be\/l\/wp-json\/wp\/v2\/types\/page"}],"author":[{"embeddable":true,"href":"https:\/\/www.campus-berlaymont.be\/l\/wp-json\/wp\/v2\/users\/3"}],"replies":[{"embeddable":true,"href":"https:\/\/www.campus-berlaymont.be\/l\/wp-json\/wp\/v2\/comments?post=2974"}],"version-history":[{"count":1,"href":"https:\/\/www.campus-berlaymont.be\/l\/wp-json\/wp\/v2\/pages\/2974\/revisions"}],"predecessor-version":[{"id":2975,"href":"https:\/\/www.campus-berlaymont.be\/l\/wp-json\/wp\/v2\/pages\/2974\/revisions\/2975"}],"wp:attachment":[{"href":"https:\/\/www.campus-berlaymont.be\/l\/wp-json\/wp\/v2\/media?parent=2974"}],"curies":[{"name":"wp","href":"https:\/\/api.w.org\/{rel}","templated":true}]}}