{"id":2977,"date":"2018-06-13T20:23:45","date_gmt":"2018-06-13T18:23:45","guid":{"rendered":"http:\/\/www.campus-berlaymont.be\/l\/?page_id=2977"},"modified":"2022-06-28T10:23:38","modified_gmt":"2022-06-28T08:23:38","slug":"deduction-fiscale","status":"publish","type":"page","link":"https:\/\/www.campus-berlaymont.be\/l\/deduction-fiscale\/","title":{"rendered":"D\u00e9duction fiscale"},"content":{"rendered":"<p>pour des gardes d\u2019enfants de moins de 14 ans uniquement<\/p>\n<p>Les d\u00e9penses pour garde d\u2019enfant \u2013 qu\u2019il s\u2019agisse de garde pendant des journ\u00e9es compl\u00e8tes ou des demi-journ\u00e9es ou encore pendant un certain nombre d\u2019heures par jour, que la garde s\u2019effectue en\u00a0journ\u00e9e ou de nuit\u00a0\u2013 sont, dans certaines limites,\u00a0d\u00e9ductibles \u00e0 100 %.<\/p>\n<p>Pour l\u2019ann\u00e9e de d\u00e9claration 2022 (revenus de l\u2019ann\u00e9e 2021) le montant d\u00e9ductible ne peut cependant \u00eatre sup\u00e9rieur \u00e0 <strong>14 euros<\/strong> par jour de garde et par enfant de moins de 14 ans*.<\/p>\n<p>* ou 18 ans en cas de handicap lourd<\/p>\n<p>Plus d\u2019informations dans la brochure du Minist\u00e8re des finances.<\/p>\n","protected":false},"excerpt":{"rendered":"<p>pour des gardes d\u2019enfants de moins de 14 ans uniquement Les d\u00e9penses pour garde d\u2019enfant \u2013 qu\u2019il s\u2019agisse de garde pendant des journ\u00e9es compl\u00e8tes ou des demi-journ\u00e9es ou encore pendant un certain nombre d\u2019heures par jour, que la garde s\u2019effectue en\u00a0journ\u00e9e ou de nuit\u00a0\u2013 sont, dans certaines limites,\u00a0d\u00e9ductibles \u00e0 100 [&hellip;]<\/p>\n","protected":false},"author":3,"featured_media":0,"parent":0,"menu_order":0,"comment_status":"closed","ping_status":"closed","template":"","meta":{"spay_email":""},"jetpack_sharing_enabled":true,"jetpack_shortlink":"https:\/\/wp.me\/Pa07XE-M1","_links":{"self":[{"href":"https:\/\/www.campus-berlaymont.be\/l\/wp-json\/wp\/v2\/pages\/2977"}],"collection":[{"href":"https:\/\/www.campus-berlaymont.be\/l\/wp-json\/wp\/v2\/pages"}],"about":[{"href":"https:\/\/www.campus-berlaymont.be\/l\/wp-json\/wp\/v2\/types\/page"}],"author":[{"embeddable":true,"href":"https:\/\/www.campus-berlaymont.be\/l\/wp-json\/wp\/v2\/users\/3"}],"replies":[{"embeddable":true,"href":"https:\/\/www.campus-berlaymont.be\/l\/wp-json\/wp\/v2\/comments?post=2977"}],"version-history":[{"count":5,"href":"https:\/\/www.campus-berlaymont.be\/l\/wp-json\/wp\/v2\/pages\/2977\/revisions"}],"predecessor-version":[{"id":8678,"href":"https:\/\/www.campus-berlaymont.be\/l\/wp-json\/wp\/v2\/pages\/2977\/revisions\/8678"}],"wp:attachment":[{"href":"https:\/\/www.campus-berlaymont.be\/l\/wp-json\/wp\/v2\/media?parent=2977"}],"curies":[{"name":"wp","href":"https:\/\/api.w.org\/{rel}","templated":true}]}}