{"id":2987,"date":"2018-06-13T20:33:00","date_gmt":"2018-06-13T18:33:00","guid":{"rendered":"http:\/\/www.campus-berlaymont.be\/l\/?page_id=2987"},"modified":"2018-06-13T20:33:00","modified_gmt":"2018-06-13T18:33:00","slug":"presence","status":"publish","type":"page","link":"https:\/\/www.campus-berlaymont.be\/l\/presence\/","title":{"rendered":"Pr\u00e9sence"},"content":{"rendered":"<p>La pr\u00e9sence des \u00e9l\u00e8ves est requise \u00e0 chaque s\u00e9ance de l\u2019activit\u00e9 choisie.<\/p>\n<p>Vous \u00eates donc invit\u00e9s \u00e0 justifier les absences \u00e9ventuelles (maladie ou autres activit\u00e9s de classe)\u00a0 par e-mail aux adresses de contact des \u00e9coles o\u00f9 les activit\u00e9s s\u2019organisent.<\/p>\n<p>Nous nous engageons par ailleurs \u00e0 contr\u00f4ler r\u00e9guli\u00e8rement les pr\u00e9sences et \u00e0 vous avertir par e-mail des absences r\u00e9currentes.<\/p>\n","protected":false},"excerpt":{"rendered":"<p>La pr\u00e9sence des \u00e9l\u00e8ves est requise \u00e0 chaque s\u00e9ance de l\u2019activit\u00e9 choisie. Vous \u00eates donc invit\u00e9s \u00e0 justifier les absences \u00e9ventuelles (maladie ou autres activit\u00e9s de classe)\u00a0 par e-mail aux adresses de contact des \u00e9coles o\u00f9 les activit\u00e9s s\u2019organisent. Nous nous engageons par ailleurs \u00e0 contr\u00f4ler r\u00e9guli\u00e8rement les pr\u00e9sences et [&hellip;]<\/p>\n","protected":false},"author":3,"featured_media":0,"parent":0,"menu_order":0,"comment_status":"closed","ping_status":"closed","template":"","meta":{"spay_email":""},"jetpack_sharing_enabled":true,"jetpack_shortlink":"https:\/\/wp.me\/Pa07XE-Mb","_links":{"self":[{"href":"https:\/\/www.campus-berlaymont.be\/l\/wp-json\/wp\/v2\/pages\/2987"}],"collection":[{"href":"https:\/\/www.campus-berlaymont.be\/l\/wp-json\/wp\/v2\/pages"}],"about":[{"href":"https:\/\/www.campus-berlaymont.be\/l\/wp-json\/wp\/v2\/types\/page"}],"author":[{"embeddable":true,"href":"https:\/\/www.campus-berlaymont.be\/l\/wp-json\/wp\/v2\/users\/3"}],"replies":[{"embeddable":true,"href":"https:\/\/www.campus-berlaymont.be\/l\/wp-json\/wp\/v2\/comments?post=2987"}],"version-history":[{"count":1,"href":"https:\/\/www.campus-berlaymont.be\/l\/wp-json\/wp\/v2\/pages\/2987\/revisions"}],"predecessor-version":[{"id":2988,"href":"https:\/\/www.campus-berlaymont.be\/l\/wp-json\/wp\/v2\/pages\/2987\/revisions\/2988"}],"wp:attachment":[{"href":"https:\/\/www.campus-berlaymont.be\/l\/wp-json\/wp\/v2\/media?parent=2987"}],"curies":[{"name":"wp","href":"https:\/\/api.w.org\/{rel}","templated":true}]}}