{"id":2989,"date":"2018-06-13T20:33:44","date_gmt":"2018-06-13T18:33:44","guid":{"rendered":"http:\/\/www.campus-berlaymont.be\/l\/?page_id=2989"},"modified":"2022-06-28T11:12:33","modified_gmt":"2022-06-28T09:12:33","slug":"tarifs","status":"publish","type":"page","link":"https:\/\/www.campus-berlaymont.be\/l\/tarifs\/","title":{"rendered":"Tarifs"},"content":{"rendered":"<p style=\"text-align: justify;\">Le tarif est variable d\u2019une activit\u00e9 \u00e0 l\u2019autre parce qu\u2019il couvre nos frais (location, d\u00e9fraiement, mat\u00e9riels p\u00e9dagogiques propres \u00e0 l\u2019ASBL). Il est repris dans le bas du descriptif pr\u00e9sent\u00e9 pour chaque activit\u00e9 ou encore sur le formulaire d\u2019inscription.<\/p>\n<p style=\"text-align: justify;\">Les activit\u00e9s sont organis\u00e9es en fonction d\u2019un nombre minimum d\u2019inscrits : 8 pour le parascolaire, 12 pour l\u2019\u00e9tude dirig\u00e9e, 4 pour le soutien scolaire.<\/p>\n<p style=\"text-align: justify;\">Si en cours d\u2019ann\u00e9e scolaire il n\u2019y avait plus le nombre minimal de participants \u00e0 l\u2019activit\u00e9, celle-ci s\u2019arr\u00eatera et nous rembourserons les participants au prorata des ateliers donn\u00e9s.<\/p>\n<p style=\"text-align: justify;\"><strong>L\u2019engagement se prend bien pour toute la dur\u00e9e de l\u2019activit\u00e9<\/strong>.\u00a0<strong>Un d\u00e9sistement ne donnera lieu \u00e0 aucun remboursement<\/strong>.<\/p>\n<p style=\"text-align: justify;\">Le prix demand\u00e9 couvre la participation \u00e0 l&rsquo;ensemble des jours d&rsquo;activit\u00e9s. Ne plus y participer ou n&rsquo;y participer qu&rsquo;au coup par coup n&rsquo;engendrera pas de remboursement. En effet, les montants demand\u00e9s le sont sur le principe d&rsquo;une mutualisation entre tous les participants.<\/p>\n<p style=\"text-align: justify;\">Le montant correspondant doit nous parvenir\u00a0<strong>sous les 8 jours calendrier qui suivent la confirmation<\/strong>\u00a0de l\u2019inscription sur le num\u00e9ro de compte IBAN:\u00a0BE51 \u00a07512\u00a00677\u00a07162\u00a0en indiquant le nom et pr\u00e9nom de l\u2019enfant et l\u2019activit\u00e9 suivie. La participation de l&rsquo;enfant \u00e0 nos activit\u00e9s (li\u00e9e \u00e0 une inscription en ligne ou via la remise d&rsquo;un formulaire papier) oblige\u00a0un paiement (hors p\u00e9riode de d\u00e9couverte ou forfait LBW).<\/p>\n<p style=\"text-align: justify;\">Nous ne prendrons pas en consid\u00e9ration les inscriptions pour lesquelles subsistent un litige de paiement sur d\u2019anciennes activit\u00e9s.<\/p>\n<p style=\"text-align: justify;\">Pour un \u00e9ventuel arrangement financier, vous pouvez prendre contact avec notre secr\u00e9tariat \u2013 dominique.struyf(at)campus-berlaymont.be.<\/p>\n<p style=\"text-align: justify;\"><b>EN CAS D\u2019ABANDON OU D\u2019EXCLUSION EN COURS D\u2019ANNEE, LE FORFAIT NE POURRA ETRE REMBOURSE.<\/b><\/p>\n<p>Certaines mutuelles remboursent \u00e9galement certains types d&rsquo;activit\u00e9s.<\/p>\n<p>Si l\u2019activit\u00e9 n\u2019atteint pas un minimum de participants, \u00a0Campus Berlaymont &#8211; L se r\u00e9serve le droit d\u2019annuler l\u2019activit\u00e9 et de rembourser les parents.<\/p>\n","protected":false},"excerpt":{"rendered":"<p>Le tarif est variable d\u2019une activit\u00e9 \u00e0 l\u2019autre parce qu\u2019il couvre nos frais (location, d\u00e9fraiement, mat\u00e9riels p\u00e9dagogiques propres \u00e0 l\u2019ASBL). Il est repris dans le bas du descriptif pr\u00e9sent\u00e9 pour chaque activit\u00e9 ou encore sur le formulaire d\u2019inscription. Les activit\u00e9s sont organis\u00e9es en fonction d\u2019un nombre minimum d\u2019inscrits : 8 [&hellip;]<\/p>\n","protected":false},"author":3,"featured_media":0,"parent":0,"menu_order":0,"comment_status":"closed","ping_status":"closed","template":"","meta":{"spay_email":""},"jetpack_sharing_enabled":true,"jetpack_shortlink":"https:\/\/wp.me\/Pa07XE-Md","_links":{"self":[{"href":"https:\/\/www.campus-berlaymont.be\/l\/wp-json\/wp\/v2\/pages\/2989"}],"collection":[{"href":"https:\/\/www.campus-berlaymont.be\/l\/wp-json\/wp\/v2\/pages"}],"about":[{"href":"https:\/\/www.campus-berlaymont.be\/l\/wp-json\/wp\/v2\/types\/page"}],"author":[{"embeddable":true,"href":"https:\/\/www.campus-berlaymont.be\/l\/wp-json\/wp\/v2\/users\/3"}],"replies":[{"embeddable":true,"href":"https:\/\/www.campus-berlaymont.be\/l\/wp-json\/wp\/v2\/comments?post=2989"}],"version-history":[{"count":3,"href":"https:\/\/www.campus-berlaymont.be\/l\/wp-json\/wp\/v2\/pages\/2989\/revisions"}],"predecessor-version":[{"id":8698,"href":"https:\/\/www.campus-berlaymont.be\/l\/wp-json\/wp\/v2\/pages\/2989\/revisions\/8698"}],"wp:attachment":[{"href":"https:\/\/www.campus-berlaymont.be\/l\/wp-json\/wp\/v2\/media?parent=2989"}],"curies":[{"name":"wp","href":"https:\/\/api.w.org\/{rel}","templated":true}]}}