{"id":3219,"date":"2018-06-19T07:51:39","date_gmt":"2018-06-19T05:51:39","guid":{"rendered":"https:\/\/www.campus-berlaymont.be\/l\/?page_id=3219"},"modified":"2018-08-23T13:43:08","modified_gmt":"2018-08-23T11:43:08","slug":"multinewsport","status":"publish","type":"page","link":"https:\/\/www.campus-berlaymont.be\/l\/multinewsport\/","title":{"rendered":"MultiNewSport"},"content":{"rendered":"<p style=\"text-align: center;\"><strong>SPORT DE BALLON&#8230; DE COOPERATION&#8230;. \/\u00a0 MIXTE<\/strong><\/p>\n<p>Tu souhaites d\u00e9couvrir des sports que tu n&rsquo;as pas l&rsquo;habitude de voir et de pratiquer. N&rsquo;h\u00e9site plus\u00a0!<\/p>\n<p>TCHOUKBALL<\/p>\n<p><img loading=\"lazy\" src=\"https:\/\/www.campus-berlaymont.be\/l\/wp-content\/uploads\/2018\/06\/Korfball-300x200.jpg\" alt=\"\" class=\"size-medium wp-image-3222 alignleft\" width=\"300\" height=\"200\" srcset=\"https:\/\/www.campus-berlaymont.be\/l\/wp-content\/uploads\/2018\/06\/Korfball-300x200.jpg 300w, https:\/\/www.campus-berlaymont.be\/l\/wp-content\/uploads\/2018\/06\/Korfball-768x512.jpg 768w, https:\/\/www.campus-berlaymont.be\/l\/wp-content\/uploads\/2018\/06\/Korfball.jpg 1024w, https:\/\/www.campus-berlaymont.be\/l\/wp-content\/uploads\/2018\/06\/Korfball-360x240.jpg 360w, https:\/\/www.campus-berlaymont.be\/l\/wp-content\/uploads\/2018\/06\/Korfball-600x400.jpg 600w\" sizes=\"(max-width: 300px) 100vw, 300px\" \/><\/p>\n<p>Le tchoukball se joue en \u00e9quipe de 7 \u00e0 9 joueurs \u00e0 l&rsquo;aide de deux surfaces de renvoi et un ballon de hand. Le but \u00e9tant pour l&rsquo;\u00e9quipe qui a le ballon de le faire rebondir au sol apr\u00e8s un tir sur le cadre sans que l&rsquo;\u00e9quipe adverse ne puisse l&rsquo;intercepter. Le Tchouk se caract\u00e9rise par la suppression de toute forme d&rsquo;agression corporelle entre les adversaires. Le jeu demande une vraie coh\u00e9sion au sein de l&rsquo;\u00e9quipe. Il est impossible de gagner un match en ne comptant que sur les prouesses techniques de quelques-uns.<\/p>\n<p>KORFBALL<\/p>\n<p><img loading=\"lazy\" src=\"https:\/\/www.campus-berlaymont.be\/l\/wp-content\/uploads\/2018\/06\/Tchoukball.jpg\" alt=\"\" class=\"size-full wp-image-3223 alignright\" width=\"275\" height=\"184\" \/><\/p>\n<p>Le Korfball est un jeu coop\u00e9ratif mixte qui consiste \u00e0 marquer dans un panier situ\u00e9 \u00e0 une hauteur de 3,5m. Il est caract\u00e9ris\u00e9 par sa mixit\u00e9, son jeu rapide, la pr\u00e9cision requise, son d\u00e9veloppement moteur<\/p>\n<p>PAF : 165 euros<\/p>\n<p>L\u2019activit\u00e9 sera organis\u00e9e \u00e0 partir de 8 participants.<\/p>\n<p>Le forfait couvre entre 20 et 23 s\u00e9ances r\u00e9parties entre la premi\u00e8re semaine du mois d\u2019octobre et la premi\u00e8re semaine du mois de juin.<\/p>\n","protected":false},"excerpt":{"rendered":"<p>SPORT DE BALLON&#8230; DE COOPERATION&#8230;. \/\u00a0 MIXTE Tu souhaites d\u00e9couvrir des sports que tu n&rsquo;as pas l&rsquo;habitude de voir et de pratiquer. N&rsquo;h\u00e9site plus\u00a0! TCHOUKBALL Le tchoukball se joue en \u00e9quipe de 7 \u00e0 9 joueurs \u00e0 l&rsquo;aide de deux surfaces de renvoi et un ballon de hand. Le but [&hellip;]<\/p>\n","protected":false},"author":3,"featured_media":0,"parent":0,"menu_order":0,"comment_status":"closed","ping_status":"closed","template":"","meta":{"spay_email":""},"jetpack_sharing_enabled":true,"jetpack_shortlink":"https:\/\/wp.me\/Pa07XE-PV","_links":{"self":[{"href":"https:\/\/www.campus-berlaymont.be\/l\/wp-json\/wp\/v2\/pages\/3219"}],"collection":[{"href":"https:\/\/www.campus-berlaymont.be\/l\/wp-json\/wp\/v2\/pages"}],"about":[{"href":"https:\/\/www.campus-berlaymont.be\/l\/wp-json\/wp\/v2\/types\/page"}],"author":[{"embeddable":true,"href":"https:\/\/www.campus-berlaymont.be\/l\/wp-json\/wp\/v2\/users\/3"}],"replies":[{"embeddable":true,"href":"https:\/\/www.campus-berlaymont.be\/l\/wp-json\/wp\/v2\/comments?post=3219"}],"version-history":[{"count":6,"href":"https:\/\/www.campus-berlaymont.be\/l\/wp-json\/wp\/v2\/pages\/3219\/revisions"}],"predecessor-version":[{"id":3422,"href":"https:\/\/www.campus-berlaymont.be\/l\/wp-json\/wp\/v2\/pages\/3219\/revisions\/3422"}],"wp:attachment":[{"href":"https:\/\/www.campus-berlaymont.be\/l\/wp-json\/wp\/v2\/media?parent=3219"}],"curies":[{"name":"wp","href":"https:\/\/api.w.org\/{rel}","templated":true}]}}