{"id":3509,"date":"2018-09-04T08:00:55","date_gmt":"2018-09-04T06:00:55","guid":{"rendered":"https:\/\/www.campus-berlaymont.be\/l\/?page_id=3509"},"modified":"2022-06-28T09:55:45","modified_gmt":"2022-06-28T07:55:45","slug":"berlay-game","status":"publish","type":"page","link":"https:\/\/www.campus-berlaymont.be\/l\/berlay-game\/","title":{"rendered":"Berlay Game"},"content":{"rendered":"\n<p><img loading=\"lazy\" src=\"https:\/\/www.campus-berlaymont.be\/l\/wp-content\/uploads\/2018\/09\/De.jpg\" alt=\"\" width=\"225\" height=\"225\" class=\"size-full wp-image-3505 alignright\" srcset=\"https:\/\/www.campus-berlaymont.be\/l\/wp-content\/uploads\/2018\/09\/De.jpg 225w, https:\/\/www.campus-berlaymont.be\/l\/wp-content\/uploads\/2018\/09\/De-150x150.jpg 150w, https:\/\/www.campus-berlaymont.be\/l\/wp-content\/uploads\/2018\/09\/De-160x160.jpg 160w\" sizes=\"(max-width: 225px) 100vw, 225px\" \/><\/p>\n\n\n\n<p><\/p>\n\n\n\n<p>Si tu as envie de t\u2019impliquer dans un projet&nbsp;motivant et que tu es passionn\u00e9 de jeux de soci\u00e9t\u00e9, nous t\u2019attendons au \u00ab&nbsp;Berlaygame&nbsp;\u00bb&nbsp;! Nous te proposons de cr\u00e9er un jeu de soci\u00e9t\u00e9 de A \u00e0 Z, de la conception des r\u00e8gles en passant par la cr\u00e9ation du plateau de jeu, sans oublier la publicit\u00e9 de celui-ci aupr\u00e8s des autres \u00e9l\u00e8ves. L\u2019objectif final est de proposer \u00e0 l\u2019ensemble des \u00e9l\u00e8ves du premier degr\u00e9 de venir s\u2019affronter les uns contre les autres une fois le jeu finalis\u00e9. Fais preuve de cr\u00e9ativit\u00e9 et d\u2019originalit\u00e9&nbsp;!<\/p>\n\n\n\n<p>PAF : 174 euros<\/p>\n\n\n\n<p>Le forfait couvre 25 s\u00e9ances r\u00e9parties entre la premi\u00e8re semaine du mois d\u2019octobre et la premi\u00e8re semaine du mois de juin.<\/p>\n","protected":false},"excerpt":{"rendered":"<p>Si tu as envie de t\u2019impliquer dans un projet&nbsp;motivant et que tu es passionn\u00e9 de jeux de soci\u00e9t\u00e9, nous t\u2019attendons au \u00ab&nbsp;Berlaygame&nbsp;\u00bb&nbsp;! Nous te proposons de cr\u00e9er un jeu de soci\u00e9t\u00e9 de A \u00e0 Z, de la conception des r\u00e8gles en passant par la cr\u00e9ation du plateau de jeu, sans [&hellip;]<\/p>\n","protected":false},"author":3,"featured_media":0,"parent":0,"menu_order":0,"comment_status":"closed","ping_status":"closed","template":"","meta":{"spay_email":""},"jetpack_sharing_enabled":true,"jetpack_shortlink":"https:\/\/wp.me\/Pa07XE-UB","_links":{"self":[{"href":"https:\/\/www.campus-berlaymont.be\/l\/wp-json\/wp\/v2\/pages\/3509"}],"collection":[{"href":"https:\/\/www.campus-berlaymont.be\/l\/wp-json\/wp\/v2\/pages"}],"about":[{"href":"https:\/\/www.campus-berlaymont.be\/l\/wp-json\/wp\/v2\/types\/page"}],"author":[{"embeddable":true,"href":"https:\/\/www.campus-berlaymont.be\/l\/wp-json\/wp\/v2\/users\/3"}],"replies":[{"embeddable":true,"href":"https:\/\/www.campus-berlaymont.be\/l\/wp-json\/wp\/v2\/comments?post=3509"}],"version-history":[{"count":4,"href":"https:\/\/www.campus-berlaymont.be\/l\/wp-json\/wp\/v2\/pages\/3509\/revisions"}],"predecessor-version":[{"id":8668,"href":"https:\/\/www.campus-berlaymont.be\/l\/wp-json\/wp\/v2\/pages\/3509\/revisions\/8668"}],"wp:attachment":[{"href":"https:\/\/www.campus-berlaymont.be\/l\/wp-json\/wp\/v2\/media?parent=3509"}],"curies":[{"name":"wp","href":"https:\/\/api.w.org\/{rel}","templated":true}]}}