{"id":3523,"date":"2018-09-04T11:11:43","date_gmt":"2018-09-04T09:11:43","guid":{"rendered":"https:\/\/www.campus-berlaymont.be\/l\/?page_id=3523"},"modified":"2022-08-31T11:31:46","modified_gmt":"2022-08-31T09:31:46","slug":"art-plastique-2","status":"publish","type":"page","link":"https:\/\/www.campus-berlaymont.be\/l\/art-plastique-2\/","title":{"rendered":"Art plastique"},"content":{"rendered":"\n<p><img loading=\"lazy\" width=\"300\" height=\"168\" class=\"size-medium wp-image-3522 aligncenter\" src=\"https:\/\/www.campus-berlaymont.be\/l\/wp-content\/uploads\/2018\/09\/art-plastique-300x168.jpg\" alt=\"\" style=\"\"><\/p>\n\n\n\n<figure class=\"wp-block-image size-full\"><img loading=\"lazy\" width=\"430\" height=\"229\" src=\"https:\/\/www.campus-berlaymont.be\/l\/wp-content\/uploads\/2022\/08\/ARTS-HOU-1.png\" alt=\"\" class=\"wp-image-8742\" srcset=\"https:\/\/www.campus-berlaymont.be\/l\/wp-content\/uploads\/2022\/08\/ARTS-HOU-1.png 430w, https:\/\/www.campus-berlaymont.be\/l\/wp-content\/uploads\/2022\/08\/ARTS-HOU-1-300x160.png 300w\" sizes=\"(max-width: 430px) 100vw, 430px\" \/><\/figure>\n\n\n\n<p>Les arts plastiques (parascolaire).<\/p>\n\n\n\n<p>Dans une soci\u00e9t\u00e9 o\u00f9 l\u2019image prend toute la place, il est important d\u2019apprendre \u00e0 voir, et ne<br>pas subir les images sans les comprendre. Les arts plastiques sont aussi utiles pour le<br>d\u00e9veloppement d\u2019une carri\u00e8re professionnelle. Les personnes cr\u00e9atives arrivent plus<br>facilement \u00e0 trouver des solutions et d\u00e9bloquer des situations.<\/p>\n\n\n\n<p>Voici quelques id\u00e9es de r\u00e9alisations pr\u00e9vues dans cette activit\u00e9\u00a0:<br>&#8211; du tissage contemporain.<br>&#8211; des dessins sur l\u2019illusion optique<br>&#8211; travailler le papier (papier m\u00e2ch\u00e9, sculpture, tableau d\u00e9coratifs\u2026)<br>&#8211; la perspective.<br>&#8211; travailler le bois (r\u00e9aliser de la d\u00e9co avec du bois de palette\u2026)<\/p>\n\n\n\n<p>Si tu aimes bricoler, dessiner, cr\u00e9er ou si tu d\u00e9sires d\u00e9couvrir les arts plastiques et les arts<\/p>\n\n\n\n<p>appliqu\u00e9s, inscris-toi \u00e0 ce parascolaire.<\/p>\n\n\n\n<p>A tr\u00e8s bient\u00f4t\u2026 Mme Houthoofd <\/p>\n\n\n\n<p>PAF pour l\u2019ann\u00e9e scolaire : 174 euros<\/p>\n\n\n\n<p>L&rsquo;activit\u00e9 sera organis\u00e9e \u00e0 partir de 8 participants.<\/p>\n\n\n\n<p>Le forfait couvre entre 20 et 23 s\u00e9ances r\u00e9parties entre la premi\u00e8re semaine du mois d\u2019octobre et la premi\u00e8re semaine du mois de juin.<\/p>\n\n\n<div class=\"wp-block-image\">\n<figure class=\"alignleft size-full\"><img loading=\"lazy\" width=\"151\" height=\"143\" src=\"https:\/\/www.campus-berlaymont.be\/l\/wp-content\/uploads\/2022\/08\/ART-HOU-2.png\" alt=\"\" class=\"wp-image-8741\"\/><\/figure><\/div>\n\n\n<figure class=\"wp-block-image size-full\"><img loading=\"lazy\" width=\"187\" height=\"207\" src=\"https:\/\/www.campus-berlaymont.be\/l\/wp-content\/uploads\/2022\/08\/ART-HOU-3.png\" alt=\"\" class=\"wp-image-8740\"\/><\/figure>\n\n\n<div class=\"wp-block-image\">\n<figure class=\"alignright size-full\"><img loading=\"lazy\" width=\"157\" height=\"236\" src=\"https:\/\/www.campus-berlaymont.be\/l\/wp-content\/uploads\/2022\/08\/ART-HOU-4.png\" alt=\"\" class=\"wp-image-8739\"\/><\/figure><\/div>\n\n<div class=\"wp-block-image\">\n<figure class=\"aligncenter size-full\"><img loading=\"lazy\" width=\"172\" height=\"172\" src=\"https:\/\/www.campus-berlaymont.be\/l\/wp-content\/uploads\/2022\/08\/ART-HOU-5.png\" alt=\"\" class=\"wp-image-8738\" srcset=\"https:\/\/www.campus-berlaymont.be\/l\/wp-content\/uploads\/2022\/08\/ART-HOU-5.png 172w, https:\/\/www.campus-berlaymont.be\/l\/wp-content\/uploads\/2022\/08\/ART-HOU-5-150x150.png 150w, https:\/\/www.campus-berlaymont.be\/l\/wp-content\/uploads\/2022\/08\/ART-HOU-5-160x160.png 160w\" sizes=\"(max-width: 172px) 100vw, 172px\" \/><\/figure><\/div>\n\n<div class=\"wp-block-image\">\n<figure class=\"alignright size-full\"><img loading=\"lazy\" width=\"139\" height=\"142\" src=\"https:\/\/www.campus-berlaymont.be\/l\/wp-content\/uploads\/2022\/08\/ART-HOU-7.png\" alt=\"\" class=\"wp-image-8736\"\/><\/figure><\/div>\n\n<div class=\"wp-block-image\">\n<figure class=\"alignright size-full\"><img loading=\"lazy\" width=\"180\" height=\"180\" src=\"https:\/\/www.campus-berlaymont.be\/l\/wp-content\/uploads\/2022\/08\/ART-HOU-6.png\" alt=\"\" class=\"wp-image-8737\" srcset=\"https:\/\/www.campus-berlaymont.be\/l\/wp-content\/uploads\/2022\/08\/ART-HOU-6.png 180w, https:\/\/www.campus-berlaymont.be\/l\/wp-content\/uploads\/2022\/08\/ART-HOU-6-150x150.png 150w, https:\/\/www.campus-berlaymont.be\/l\/wp-content\/uploads\/2022\/08\/ART-HOU-6-160x160.png 160w\" sizes=\"(max-width: 180px) 100vw, 180px\" \/><\/figure><\/div>","protected":false},"excerpt":{"rendered":"<p>Les arts plastiques (parascolaire). Dans une soci\u00e9t\u00e9 o\u00f9 l\u2019image prend toute la place, il est important d\u2019apprendre \u00e0 voir, et nepas subir les images sans les comprendre. Les arts plastiques sont aussi utiles pour led\u00e9veloppement d\u2019une carri\u00e8re professionnelle. Les personnes cr\u00e9atives arrivent plusfacilement \u00e0 trouver des solutions et d\u00e9bloquer des [&hellip;]<\/p>\n","protected":false},"author":3,"featured_media":0,"parent":0,"menu_order":0,"comment_status":"closed","ping_status":"closed","template":"","meta":{"spay_email":""},"jetpack_sharing_enabled":true,"jetpack_shortlink":"https:\/\/wp.me\/Pa07XE-UP","_links":{"self":[{"href":"https:\/\/www.campus-berlaymont.be\/l\/wp-json\/wp\/v2\/pages\/3523"}],"collection":[{"href":"https:\/\/www.campus-berlaymont.be\/l\/wp-json\/wp\/v2\/pages"}],"about":[{"href":"https:\/\/www.campus-berlaymont.be\/l\/wp-json\/wp\/v2\/types\/page"}],"author":[{"embeddable":true,"href":"https:\/\/www.campus-berlaymont.be\/l\/wp-json\/wp\/v2\/users\/3"}],"replies":[{"embeddable":true,"href":"https:\/\/www.campus-berlaymont.be\/l\/wp-json\/wp\/v2\/comments?post=3523"}],"version-history":[{"count":10,"href":"https:\/\/www.campus-berlaymont.be\/l\/wp-json\/wp\/v2\/pages\/3523\/revisions"}],"predecessor-version":[{"id":8784,"href":"https:\/\/www.campus-berlaymont.be\/l\/wp-json\/wp\/v2\/pages\/3523\/revisions\/8784"}],"wp:attachment":[{"href":"https:\/\/www.campus-berlaymont.be\/l\/wp-json\/wp\/v2\/media?parent=3523"}],"curies":[{"name":"wp","href":"https:\/\/api.w.org\/{rel}","templated":true}]}}