{"id":50,"date":"2013-11-09T10:21:07","date_gmt":"2013-11-09T09:21:07","guid":{"rendered":"http:\/\/localhost:8888\/ssb\/?page_id=50"},"modified":"2019-09-22T17:31:28","modified_gmt":"2019-09-22T15:31:28","slug":"osmose","status":"publish","type":"page","link":"https:\/\/www.campus-berlaymont.be\/l\/","title":{"rendered":"Activit\u00e9s p\u00e9riscolaires au sein des \u00e9coles"},"content":{"rendered":"<p style=\"text-align: justify;\"><span style=\"line-height: 1.5em;\"><strong><img loading=\"lazy\" src=\"https:\/\/www.campus-berlaymont.be\/l\/wp-content\/uploads\/2018\/06\/Campus-L-1-300x272.png\" alt=\"\" width=\"300\" height=\"272\" class=\"wp-image-3180 size-medium alignleft\" scale=\"0\" srcset=\"https:\/\/www.campus-berlaymont.be\/l\/wp-content\/uploads\/2018\/06\/Campus-L-1-300x272.png 300w, https:\/\/www.campus-berlaymont.be\/l\/wp-content\/uploads\/2018\/06\/Campus-L-1-600x544.png 600w, https:\/\/www.campus-berlaymont.be\/l\/wp-content\/uploads\/2018\/06\/Campus-L-1.png 693w\" sizes=\"(max-width: 300px) 100vw, 300px\" \/>Campus Berlaymont &#8211; L <\/strong>est<\/span><span style=\"line-height: 1.5em;\">\u00a0un soutien dans l&rsquo;organisation d&rsquo;activit\u00e9s p\u00e9riscolaires.<\/span><\/p>\n<p style=\"text-align: justify;\"><span style=\"line-height: 1.5em;\">Nous\u00a0apportons une exp\u00e9rience, une aide et une structure pour construire avec l&rsquo;\u00e9cole les activit\u00e9s qui lui conviennent en dehors du temps scolaire (temps de midi\u00a0et\u00a0apr\u00e8s 16 h).<\/span><\/p>\n<p style=\"text-align: justify;\"><span style=\"line-height: 1.5em;\">Nous avons la conviction que ces activit\u00e9s renforcent les motivations et les esp\u00e9rances des \u00e9l\u00e8ves dans leur scolarit\u00e9.<\/span><\/p>\n","protected":false},"excerpt":{"rendered":"<p>Campus Berlaymont &#8211; L est\u00a0un soutien dans l&rsquo;organisation d&rsquo;activit\u00e9s p\u00e9riscolaires. Nous\u00a0apportons une exp\u00e9rience, une aide et une structure pour construire avec l&rsquo;\u00e9cole les activit\u00e9s qui lui conviennent en dehors du temps scolaire (temps de midi\u00a0et\u00a0apr\u00e8s 16 h). Nous avons la conviction que ces activit\u00e9s renforcent les motivations et les esp\u00e9rances [&hellip;]<\/p>\n","protected":false},"author":3,"featured_media":0,"parent":0,"menu_order":0,"comment_status":"closed","ping_status":"closed","template":"","meta":{"spay_email":""},"jetpack_sharing_enabled":true,"jetpack_shortlink":"https:\/\/wp.me\/Pa07XE-O","_links":{"self":[{"href":"https:\/\/www.campus-berlaymont.be\/l\/wp-json\/wp\/v2\/pages\/50"}],"collection":[{"href":"https:\/\/www.campus-berlaymont.be\/l\/wp-json\/wp\/v2\/pages"}],"about":[{"href":"https:\/\/www.campus-berlaymont.be\/l\/wp-json\/wp\/v2\/types\/page"}],"author":[{"embeddable":true,"href":"https:\/\/www.campus-berlaymont.be\/l\/wp-json\/wp\/v2\/users\/3"}],"replies":[{"embeddable":true,"href":"https:\/\/www.campus-berlaymont.be\/l\/wp-json\/wp\/v2\/comments?post=50"}],"version-history":[{"count":6,"href":"https:\/\/www.campus-berlaymont.be\/l\/wp-json\/wp\/v2\/pages\/50\/revisions"}],"predecessor-version":[{"id":6887,"href":"https:\/\/www.campus-berlaymont.be\/l\/wp-json\/wp\/v2\/pages\/50\/revisions\/6887"}],"wp:attachment":[{"href":"https:\/\/www.campus-berlaymont.be\/l\/wp-json\/wp\/v2\/media?parent=50"}],"curies":[{"name":"wp","href":"https:\/\/api.w.org\/{rel}","templated":true}]}}