{"id":536,"date":"2013-11-30T16:10:00","date_gmt":"2013-11-30T15:10:00","guid":{"rendered":"http:\/\/www.eureka-asbl.be\/?page_id=536"},"modified":"2018-06-14T20:31:10","modified_gmt":"2018-06-14T18:31:10","slug":"candidature","status":"publish","type":"page","link":"https:\/\/www.campus-berlaymont.be\/l\/candidature\/","title":{"rendered":"Candidature"},"content":{"rendered":"<p>Vous souhaitez participer \u00e0 notre but social ?<\/p>\n<p>Vous souhaitez proposer un atelier \u00e0 organiser au lyc\u00e9e apr\u00e8s le temps scolaire ou un temps de midi ?<\/p>\n<p>Notre ASBL recourt essentiellement aux volontaires pour l\u2019aider dans sa mission d\u2019offrir un service de qualit\u00e9 \u00e0 un prix d\u00e9mocratique aux parents. Les volontaires peuvent recevoir des d\u00e9fraiements.<\/p>\n<p>La relation entre l\u2019ASBL et ses volontaires se place dans un cadre l\u00e9gal dont les premi\u00e8res informations peuvent se trouver sur le site consacr\u00e9 \u00e0 cet acte : <a href=\"http:\/\/www.volontariat.be\/\">http:\/\/www.volontariat.be<\/a><\/p>\n<p>Pour rejoindre l&rsquo;\u00e9quipe, vous pouvez nous contacter en remplissant le formulaire ci-dessous.<\/p>\n<p>[pirate_forms]<\/p>\n<p>&nbsp;<\/p>\n","protected":false},"excerpt":{"rendered":"<p>Vous souhaitez participer \u00e0 notre but social ? Vous souhaitez proposer un atelier \u00e0 organiser au lyc\u00e9e apr\u00e8s le temps scolaire ou un temps de midi ? Notre ASBL recourt essentiellement aux volontaires pour l\u2019aider dans sa mission d\u2019offrir un service de qualit\u00e9 \u00e0 un prix d\u00e9mocratique aux parents. Les [&hellip;]<\/p>\n","protected":false},"author":3,"featured_media":0,"parent":0,"menu_order":0,"comment_status":"closed","ping_status":"closed","template":"","meta":{"spay_email":""},"jetpack_sharing_enabled":true,"jetpack_shortlink":"https:\/\/wp.me\/Pa07XE-8E","_links":{"self":[{"href":"https:\/\/www.campus-berlaymont.be\/l\/wp-json\/wp\/v2\/pages\/536"}],"collection":[{"href":"https:\/\/www.campus-berlaymont.be\/l\/wp-json\/wp\/v2\/pages"}],"about":[{"href":"https:\/\/www.campus-berlaymont.be\/l\/wp-json\/wp\/v2\/types\/page"}],"author":[{"embeddable":true,"href":"https:\/\/www.campus-berlaymont.be\/l\/wp-json\/wp\/v2\/users\/3"}],"replies":[{"embeddable":true,"href":"https:\/\/www.campus-berlaymont.be\/l\/wp-json\/wp\/v2\/comments?post=536"}],"version-history":[{"count":5,"href":"https:\/\/www.campus-berlaymont.be\/l\/wp-json\/wp\/v2\/pages\/536\/revisions"}],"predecessor-version":[{"id":3044,"href":"https:\/\/www.campus-berlaymont.be\/l\/wp-json\/wp\/v2\/pages\/536\/revisions\/3044"}],"wp:attachment":[{"href":"https:\/\/www.campus-berlaymont.be\/l\/wp-json\/wp\/v2\/media?parent=536"}],"curies":[{"name":"wp","href":"https:\/\/api.w.org\/{rel}","templated":true}]}}