{"id":733,"date":"2014-04-03T18:14:15","date_gmt":"2014-04-03T16:14:15","guid":{"rendered":"http:\/\/www.eureka-asbl.be\/?page_id=733"},"modified":"2022-08-31T11:00:09","modified_gmt":"2022-08-31T09:00:09","slug":"piano","status":"publish","type":"page","link":"https:\/\/www.campus-berlaymont.be\/l\/piano\/","title":{"rendered":"Piano"},"content":{"rendered":"<p>Les Claviers-Magiques au Centre Scolaire du Berlaymont<br \/>\nCours de piano tous niveaux d\u00e8s la rentr\u00e9e de septembre 2022<img loading=\"lazy\" src=\"https:\/\/www.campus-berlaymont.be\/l\/wp-content\/uploads\/2022\/08\/Piano-questroy.jpg\" alt=\"\" width=\"192\" height=\"146\" class=\"size-full wp-image-8733 alignright\" \/><\/p>\n<p>Micheline QUESTROY vous propose<\/p>\n<p>Cours particulier avec formation musicale int\u00e9gr\u00e9e<br \/>\nCours en bin\u00f4me pour d\u00e9couvrir le plaisir du piano \u00e0 4 mains<br \/>\nR\u00e9pertoire vari\u00e9 de J.S.Bach \u00e0 Chilly Gonzales<\/p>\n<p>Les places sont limit\u00e9es (8 places disponibles).<\/p>\n<p>Les cours sont pris en charge par : <a href=\"http:\/\/www.getyourvoice.be\/\">http:\/\/www.getyourvoice.be\/<\/a><\/p>\n<p>PAF : 520 euros<\/p>\n<p>Le forfait couvre 22 s\u00e9ances r\u00e9parties entre la premi\u00e8re semaine du mois d\u2019octobre et la premi\u00e8re semaine du mois de juin.<\/p>\n","protected":false},"excerpt":{"rendered":"<p>Les Claviers-Magiques au Centre Scolaire du Berlaymont Cours de piano tous niveaux d\u00e8s la rentr\u00e9e de septembre 2022 Micheline QUESTROY vous propose Cours particulier avec formation musicale int\u00e9gr\u00e9e Cours en bin\u00f4me pour d\u00e9couvrir le plaisir du piano \u00e0 4 mains R\u00e9pertoire vari\u00e9 de J.S.Bach \u00e0 Chilly Gonzales Les places sont [&hellip;]<\/p>\n","protected":false},"author":3,"featured_media":0,"parent":0,"menu_order":0,"comment_status":"closed","ping_status":"closed","template":"","meta":{"spay_email":""},"jetpack_sharing_enabled":true,"jetpack_shortlink":"https:\/\/wp.me\/Pa07XE-bP","_links":{"self":[{"href":"https:\/\/www.campus-berlaymont.be\/l\/wp-json\/wp\/v2\/pages\/733"}],"collection":[{"href":"https:\/\/www.campus-berlaymont.be\/l\/wp-json\/wp\/v2\/pages"}],"about":[{"href":"https:\/\/www.campus-berlaymont.be\/l\/wp-json\/wp\/v2\/types\/page"}],"author":[{"embeddable":true,"href":"https:\/\/www.campus-berlaymont.be\/l\/wp-json\/wp\/v2\/users\/3"}],"replies":[{"embeddable":true,"href":"https:\/\/www.campus-berlaymont.be\/l\/wp-json\/wp\/v2\/comments?post=733"}],"version-history":[{"count":8,"href":"https:\/\/www.campus-berlaymont.be\/l\/wp-json\/wp\/v2\/pages\/733\/revisions"}],"predecessor-version":[{"id":8734,"href":"https:\/\/www.campus-berlaymont.be\/l\/wp-json\/wp\/v2\/pages\/733\/revisions\/8734"}],"wp:attachment":[{"href":"https:\/\/www.campus-berlaymont.be\/l\/wp-json\/wp\/v2\/media?parent=733"}],"curies":[{"name":"wp","href":"https:\/\/api.w.org\/{rel}","templated":true}]}}