{"id":736,"date":"2014-04-03T18:16:10","date_gmt":"2014-04-03T16:16:10","guid":{"rendered":"http:\/\/www.eureka-asbl.be\/?page_id=736"},"modified":"2022-06-28T11:13:37","modified_gmt":"2022-06-28T09:13:37","slug":"theatre","status":"publish","type":"page","link":"https:\/\/www.campus-berlaymont.be\/l\/theatre\/","title":{"rendered":"Th\u00e9\u00e2tre"},"content":{"rendered":"<p>IMPROVISATION THEATRALE<\/p>\n<p><span style=\"color: #001e57;\">Envie de d\u00e9velopper ton imagination, ton sens de la r\u00e9partie et ta confiance en toi?<\/span><\/p>\n<p><span style=\"color: #001e57;\">Envie de rire, de passer de bons moments.<\/span><\/p>\n<p><span style=\"color: #001e57;\">Lance-toi dans ce parascolaire.<\/span><\/p>\n<p><span style=\"color: #001e57;\">C\u2019est toi qui as les cartes en main : tu proposes un th\u00e8me, tu montes sur sc\u00e8ne seul ou \u00e0\u00a0plusieurs et tu commences \u00e0 improviser.<\/span><\/p>\n<p><span style=\"color: #001e57;\">Quand le sketch est fini, si tu en es satisfait, on le garde pour le spectacle (\u00e0\u00a0d\u00e9finir avec toi).<\/span><\/p>\n<div><span style=\"color: #001e57;\">\u00a0<\/span><\/div>\n<p>PAF : 174 euros<\/p>\n<p>L&rsquo;activit\u00e9 sera organis\u00e9e \u00e0 partir de 8 participants.<\/p>\n<p>Le forfait couvre entre 20 et 23 s\u00e9ances r\u00e9parties entre la premi\u00e8re semaine du mois d\u2019octobre et la premi\u00e8re semaine du mois de juin.<\/p>\n","protected":false},"excerpt":{"rendered":"<p>IMPROVISATION THEATRALE Envie de d\u00e9velopper ton imagination, ton sens de la r\u00e9partie et ta confiance en toi? Envie de rire, de passer de bons moments. Lance-toi dans ce parascolaire. C\u2019est toi qui as les cartes en main : tu proposes un th\u00e8me, tu montes sur sc\u00e8ne seul ou \u00e0\u00a0plusieurs et [&hellip;]<\/p>\n","protected":false},"author":3,"featured_media":0,"parent":0,"menu_order":0,"comment_status":"closed","ping_status":"closed","template":"","meta":{"spay_email":""},"jetpack_sharing_enabled":true,"jetpack_shortlink":"https:\/\/wp.me\/Pa07XE-bS","_links":{"self":[{"href":"https:\/\/www.campus-berlaymont.be\/l\/wp-json\/wp\/v2\/pages\/736"}],"collection":[{"href":"https:\/\/www.campus-berlaymont.be\/l\/wp-json\/wp\/v2\/pages"}],"about":[{"href":"https:\/\/www.campus-berlaymont.be\/l\/wp-json\/wp\/v2\/types\/page"}],"author":[{"embeddable":true,"href":"https:\/\/www.campus-berlaymont.be\/l\/wp-json\/wp\/v2\/users\/3"}],"replies":[{"embeddable":true,"href":"https:\/\/www.campus-berlaymont.be\/l\/wp-json\/wp\/v2\/comments?post=736"}],"version-history":[{"count":5,"href":"https:\/\/www.campus-berlaymont.be\/l\/wp-json\/wp\/v2\/pages\/736\/revisions"}],"predecessor-version":[{"id":8700,"href":"https:\/\/www.campus-berlaymont.be\/l\/wp-json\/wp\/v2\/pages\/736\/revisions\/8700"}],"wp:attachment":[{"href":"https:\/\/www.campus-berlaymont.be\/l\/wp-json\/wp\/v2\/media?parent=736"}],"curies":[{"name":"wp","href":"https:\/\/api.w.org\/{rel}","templated":true}]}}