{"id":786,"date":"2014-04-05T17:15:51","date_gmt":"2014-04-05T15:15:51","guid":{"rendered":"http:\/\/www.eureka-asbl.be\/?page_id=786"},"modified":"2022-06-28T09:49:12","modified_gmt":"2022-06-28T07:49:12","slug":"badminton","status":"publish","type":"page","link":"https:\/\/www.campus-berlaymont.be\/l\/badminton\/","title":{"rendered":"Badminton"},"content":{"rendered":"<p><img loading=\"lazy\" class=\"alignleft size-medium wp-image-832\" alt=\"badminton\" src=\"http:\/\/www.campus-berlaymont.be\/l\/wp-content\/uploads\/2014\/04\/badminton-300x200.jpg\" width=\"300\" height=\"200\" srcset=\"https:\/\/www.campus-berlaymont.be\/l\/wp-content\/uploads\/2014\/04\/badminton-300x200.jpg 300w, https:\/\/www.campus-berlaymont.be\/l\/wp-content\/uploads\/2014\/04\/badminton.jpg 424w\" sizes=\"(max-width: 300px) 100vw, 300px\" \/>Le badminton est un sport de raquette avec volant.<\/p>\n<p>En occident, il est parfois consid\u00e9r\u00e9 comme un simple jeu d&rsquo;ext\u00e9rieur peu fatiguant (petit fr\u00e8re du tennis)<\/p>\n<p>Pourtant, le badminton est un sport qui pratiqu\u00e9 dans le cadre d&rsquo;un club est extr\u00eamement \u00e9prouvant et tactique.<\/p>\n<p>En Asie, le badminton est le sport n\u00b01, et dans le monde, c&rsquo;est le 2e sport le plus pratiqu\u00e9 apr\u00e8s le football.<\/p>\n<p>Le jeu consiste \u00e0 \u00e9changer un volant \u00e0 l&rsquo;aide d&rsquo;une raquette, au-dessus d&rsquo;un filet haut de 1,524 m, au centre et 1,55 m au niveau des poteaux.<\/p>\n<p>Les techniques de frappe induisent des mouvements vari\u00e9s : lents rapides et feint\u00e9s.<\/p>\n<p>La vitesse des coups peut aller de 3 km\/h lors d&rsquo;une amortie \u00e0 plus de 300 km\/h pour un smash.<\/p>\n<p>En r\u00e9sum\u00e9, ce sport est :<\/p>\n<ul>\n<li>Tr\u00e8s ludique et tr\u00e8s physique,<\/li>\n<li>peut-\u00eatre\u00a0 pratiqu\u00e9 \u00e0 tout \u00e2ge et \u00e0 tout niveau<\/li>\n<li>ne n\u00e9cessite pratiquement aucune disposition particuli\u00e8re et son apprentissage est tr\u00e8s rapide.<\/li>\n<\/ul>\n<p>Participation aux comp\u00e9titions inter \u00e9coles FRSEL<\/p>\n<p>PAF pour l&rsquo;ann\u00e9e scolaire : 174 euros<\/p>\n<p>Le forfait couvre entre 20 et 23 s\u00e9ances r\u00e9parties entre la premi\u00e8re semaine du mois d\u2019octobre et la premi\u00e8re semaine du mois de juin.<\/p>\n","protected":false},"excerpt":{"rendered":"<p>Le badminton est un sport de raquette avec volant. En occident, il est parfois consid\u00e9r\u00e9 comme un simple jeu d&rsquo;ext\u00e9rieur peu fatiguant (petit fr\u00e8re du tennis) Pourtant, le badminton est un sport qui pratiqu\u00e9 dans le cadre d&rsquo;un club est extr\u00eamement \u00e9prouvant et tactique. En Asie, le badminton est le [&hellip;]<\/p>\n","protected":false},"author":3,"featured_media":0,"parent":0,"menu_order":0,"comment_status":"closed","ping_status":"closed","template":"","meta":{"spay_email":""},"jetpack_sharing_enabled":true,"jetpack_shortlink":"https:\/\/wp.me\/Pa07XE-cG","_links":{"self":[{"href":"https:\/\/www.campus-berlaymont.be\/l\/wp-json\/wp\/v2\/pages\/786"}],"collection":[{"href":"https:\/\/www.campus-berlaymont.be\/l\/wp-json\/wp\/v2\/pages"}],"about":[{"href":"https:\/\/www.campus-berlaymont.be\/l\/wp-json\/wp\/v2\/types\/page"}],"author":[{"embeddable":true,"href":"https:\/\/www.campus-berlaymont.be\/l\/wp-json\/wp\/v2\/users\/3"}],"replies":[{"embeddable":true,"href":"https:\/\/www.campus-berlaymont.be\/l\/wp-json\/wp\/v2\/comments?post=786"}],"version-history":[{"count":4,"href":"https:\/\/www.campus-berlaymont.be\/l\/wp-json\/wp\/v2\/pages\/786\/revisions"}],"predecessor-version":[{"id":8665,"href":"https:\/\/www.campus-berlaymont.be\/l\/wp-json\/wp\/v2\/pages\/786\/revisions\/8665"}],"wp:attachment":[{"href":"https:\/\/www.campus-berlaymont.be\/l\/wp-json\/wp\/v2\/media?parent=786"}],"curies":[{"name":"wp","href":"https:\/\/api.w.org\/{rel}","templated":true}]}}