{"id":789,"date":"2014-04-05T17:18:22","date_gmt":"2014-04-05T15:18:22","guid":{"rendered":"http:\/\/www.eureka-asbl.be\/?page_id=789"},"modified":"2022-09-02T09:34:11","modified_gmt":"2022-09-02T07:34:11","slug":"escalade","status":"publish","type":"page","link":"https:\/\/www.campus-berlaymont.be\/l\/escalade\/","title":{"rendered":"Escalade"},"content":{"rendered":"<p><img loading=\"lazy\" class=\"alignleft size-medium wp-image-834\" src=\"http:\/\/www.campus-berlaymont.be\/l\/wp-content\/uploads\/2014\/04\/Escalade-5-300x225.jpg\" alt=\"Escalade-5\" width=\"300\" height=\"225\" srcset=\"https:\/\/www.campus-berlaymont.be\/l\/wp-content\/uploads\/2014\/04\/Escalade-5-300x225.jpg 300w, https:\/\/www.campus-berlaymont.be\/l\/wp-content\/uploads\/2014\/04\/Escalade-5.jpg 400w\" sizes=\"(max-width: 300px) 100vw, 300px\" \/>Au lyc\u00e9e de Berlaymont, nous pouvons compter sur l&rsquo;utilisation d&rsquo;un mur d\u2019escalade de 13 voies. Ce sport, v\u00e9ritable \u00e9cole de vie, compte d\u00e9j\u00e0 de nombreux adeptes.<\/p>\n<p>L\u2019escalade est un sport consistant \u00e0 atteindre le haut d\u2019une structure, appel\u00e9e voie.<\/p>\n<p>L\u2019escalade impose l\u2019utilisation de cordes, de mousquetons et d\u2019un baudrier. La cord\u00e9e est assur\u00e9e par le second, qui laisse filer doucement la corde au fur et \u00e0 mesure de la progression de son leader.<\/p>\n<p>PAF : 174 euros<\/p>\n<p>L&rsquo;activit\u00e9 sera organis\u00e9e \u00e0 partir de <strong>12 participants<\/strong> par un animateur de l&rsquo;ASBL S\u00e9same Nature.<\/p>\n<p>Le forfait couvre entre 20 et 23 s\u00e9ances r\u00e9parties entre la premi\u00e8re semaine du mois d\u2019octobre et la premi\u00e8re semaine du mois de juin.<\/p>\n","protected":false},"excerpt":{"rendered":"<p>Au lyc\u00e9e de Berlaymont, nous pouvons compter sur l&rsquo;utilisation d&rsquo;un mur d\u2019escalade de 13 voies. Ce sport, v\u00e9ritable \u00e9cole de vie, compte d\u00e9j\u00e0 de nombreux adeptes. L\u2019escalade est un sport consistant \u00e0 atteindre le haut d\u2019une structure, appel\u00e9e voie. L\u2019escalade impose l\u2019utilisation de cordes, de mousquetons et d\u2019un baudrier. La [&hellip;]<\/p>\n","protected":false},"author":3,"featured_media":0,"parent":0,"menu_order":0,"comment_status":"closed","ping_status":"closed","template":"","meta":{"spay_email":""},"jetpack_sharing_enabled":true,"jetpack_shortlink":"https:\/\/wp.me\/Pa07XE-cJ","_links":{"self":[{"href":"https:\/\/www.campus-berlaymont.be\/l\/wp-json\/wp\/v2\/pages\/789"}],"collection":[{"href":"https:\/\/www.campus-berlaymont.be\/l\/wp-json\/wp\/v2\/pages"}],"about":[{"href":"https:\/\/www.campus-berlaymont.be\/l\/wp-json\/wp\/v2\/types\/page"}],"author":[{"embeddable":true,"href":"https:\/\/www.campus-berlaymont.be\/l\/wp-json\/wp\/v2\/users\/3"}],"replies":[{"embeddable":true,"href":"https:\/\/www.campus-berlaymont.be\/l\/wp-json\/wp\/v2\/comments?post=789"}],"version-history":[{"count":7,"href":"https:\/\/www.campus-berlaymont.be\/l\/wp-json\/wp\/v2\/pages\/789\/revisions"}],"predecessor-version":[{"id":8751,"href":"https:\/\/www.campus-berlaymont.be\/l\/wp-json\/wp\/v2\/pages\/789\/revisions\/8751"}],"wp:attachment":[{"href":"https:\/\/www.campus-berlaymont.be\/l\/wp-json\/wp\/v2\/media?parent=789"}],"curies":[{"name":"wp","href":"https:\/\/api.w.org\/{rel}","templated":true}]}}