{"id":791,"date":"2014-04-05T17:20:33","date_gmt":"2014-04-05T15:20:33","guid":{"rendered":"http:\/\/www.eureka-asbl.be\/?page_id=791"},"modified":"2025-09-09T08:01:53","modified_gmt":"2025-09-09T06:01:53","slug":"football","status":"publish","type":"page","link":"https:\/\/www.campus-berlaymont.be\/l\/football\/","title":{"rendered":"Football"},"content":{"rendered":"<p style=\"text-align: justify;\"><img loading=\"lazy\" class=\"alignleft size-medium wp-image-836\" src=\"http:\/\/www.campus-berlaymont.be\/l\/wp-content\/uploads\/2014\/04\/football-300x300.jpg\" alt=\"football\" width=\"300\" height=\"300\" srcset=\"https:\/\/www.campus-berlaymont.be\/l\/wp-content\/uploads\/2014\/04\/football-300x300.jpg 300w, https:\/\/www.campus-berlaymont.be\/l\/wp-content\/uploads\/2014\/04\/football-160x160.jpg 160w, https:\/\/www.campus-berlaymont.be\/l\/wp-content\/uploads\/2014\/04\/football-230x230.jpg 230w, https:\/\/www.campus-berlaymont.be\/l\/wp-content\/uploads\/2014\/04\/football-600x600.jpg 600w, https:\/\/www.campus-berlaymont.be\/l\/wp-content\/uploads\/2014\/04\/football-150x150.jpg 150w, https:\/\/www.campus-berlaymont.be\/l\/wp-content\/uploads\/2014\/04\/football-768x768.jpg 768w, https:\/\/www.campus-berlaymont.be\/l\/wp-content\/uploads\/2014\/04\/football-100x100.jpg 100w, https:\/\/www.campus-berlaymont.be\/l\/wp-content\/uploads\/2014\/04\/football.jpg 795w\" sizes=\"(max-width: 300px) 100vw, 300px\" \/>Les \u00e9l\u00e8ves au lyc\u00e9e de Berlaymont ont l\u2019occasion de participer \u00e0 des s\u00e9ances de football en salle.<\/p>\n<p style=\"text-align: justify;\">Ce sport se pratique sur un terrain de hand-ball dont les buts sont plus petits que la pratique du football \u00e0 l\u2019ext\u00e9rieur.<\/p>\n<p style=\"text-align: justify;\">Les cours comprennent des exercices pratiques (dribbles, passes, entra\u00eenement physique) et des phases de jeu.<\/p>\n<p style=\"text-align: justify;\">Les \u00e9l\u00e8ves du lyc\u00e9e de Berlaymont pourront participer aux comp\u00e9titions inter-\u00e9coles de football que propose la FRSEL (F\u00e9d\u00e9ration Royale Sportive de l\u2019Enseignement Libre).<\/p>\n<p style=\"text-align: justify;\">PAF : 145 euros pour&nbsp; l&rsquo;ann\u00e9e<\/p>\n<p style=\"text-align: justify;\">Le forfait couvre 20 \u00e0 25 s\u00e9ances r\u00e9parties entre la premi\u00e8re semaine du mois d\u2019octobre et la premi\u00e8re semaine du mois de juin.<\/p>\n","protected":false},"excerpt":{"rendered":"<p>Les \u00e9l\u00e8ves au lyc\u00e9e de Berlaymont ont l\u2019occasion de participer \u00e0 des s\u00e9ances de football en salle. Ce sport se pratique sur un terrain de hand-ball dont les buts sont plus petits que la pratique du football \u00e0 l\u2019ext\u00e9rieur. Les cours comprennent des exercices pratiques (dribbles, passes, entra\u00eenement physique) et [&hellip;]<\/p>\n","protected":false},"author":3,"featured_media":0,"parent":0,"menu_order":0,"comment_status":"closed","ping_status":"closed","template":"","meta":{"spay_email":""},"jetpack_sharing_enabled":true,"jetpack_shortlink":"https:\/\/wp.me\/Pa07XE-cL","_links":{"self":[{"href":"https:\/\/www.campus-berlaymont.be\/l\/wp-json\/wp\/v2\/pages\/791"}],"collection":[{"href":"https:\/\/www.campus-berlaymont.be\/l\/wp-json\/wp\/v2\/pages"}],"about":[{"href":"https:\/\/www.campus-berlaymont.be\/l\/wp-json\/wp\/v2\/types\/page"}],"author":[{"embeddable":true,"href":"https:\/\/www.campus-berlaymont.be\/l\/wp-json\/wp\/v2\/users\/3"}],"replies":[{"embeddable":true,"href":"https:\/\/www.campus-berlaymont.be\/l\/wp-json\/wp\/v2\/comments?post=791"}],"version-history":[{"count":3,"href":"https:\/\/www.campus-berlaymont.be\/l\/wp-json\/wp\/v2\/pages\/791\/revisions"}],"predecessor-version":[{"id":8874,"href":"https:\/\/www.campus-berlaymont.be\/l\/wp-json\/wp\/v2\/pages\/791\/revisions\/8874"}],"wp:attachment":[{"href":"https:\/\/www.campus-berlaymont.be\/l\/wp-json\/wp\/v2\/media?parent=791"}],"curies":[{"name":"wp","href":"https:\/\/api.w.org\/{rel}","templated":true}]}}