{"id":795,"date":"2014-04-05T17:22:22","date_gmt":"2014-04-05T15:22:22","guid":{"rendered":"http:\/\/www.eureka-asbl.be\/?page_id=795"},"modified":"2022-06-28T11:03:37","modified_gmt":"2022-06-28T09:03:37","slug":"judo","status":"publish","type":"page","link":"https:\/\/www.campus-berlaymont.be\/l\/judo\/","title":{"rendered":"Judo"},"content":{"rendered":"<p style=\"text-align: justify;\">Le judo, litt\u00e9ralement voie de la souplesse ou principe de l\u2019adaptation) est un art martial, un sport de combat et un principe de vivre d\u2019origine japonaise, fond\u00e9 en 1882. Il se compose pour l\u2019essentiel de techniques de projection, de contr\u00f4le au sol, d\u2019\u00e9tranglements et de clefs. Le lieu o\u00f9 l\u2019on pratique le judo s\u2019appelle le dojo. Les pratiquants (les judokas) portent une tenue en coton renforc\u00e9e appel\u00e9e judogi, souvent appel\u00e9e \u00e0 tort kimono, qui est le nom g\u00e9n\u00e9rique de la tenue traditionnelle japonaise.<\/p>\n<p style=\"text-align: justify;\">Le professeur proposera un entra\u00eenement sous forme de jeux\u00a0 qui aidera les adolescent \u00e0 prendre confiance en eux et \u00e0 d\u00e9couvrir leur corps qui va \u00e9voluer. Une des \u00e9tapes indispensables est l\u2019apprentissage de la chute. Ils vont devenir plus s\u00fbrs d\u2019eux, plus souples et plus forts afin de se pr\u00e9parer pour les prochaines comp\u00e9titions et pour le prochain passage de grade.<\/p>\n<p style=\"text-align: justify;\">Code moral du judo :<\/p>\n<ul style=\"text-align: justify;\">\n<li>La politesse,\u00a0<em>c\u2019est le respect d\u2019autrui<\/em><\/li>\n<li>Le courage,\u00a0<em>c\u2019est faire ce qui est juste<\/em><\/li>\n<li>La sinc\u00e9rit\u00e9,\u00a0<em>c\u2019est s\u2019exprimer sans d\u00e9guiser sa pens\u00e9e<\/em><\/li>\n<li>L\u2019honneur,\u00a0<em>c\u2019est \u00eatre fid\u00e8le \u00e0 la parole donn\u00e9e<\/em><\/li>\n<li>La modestie,\u00a0<em>c\u2019est parler de soi-m\u00eame sans orgueil<\/em><\/li>\n<li>Le respect,\u00a0<em>sans respect aucune confiance ne peut na\u00eetre<\/em><\/li>\n<li>Le contr\u00f4le de soi,\u00a0<em>c\u2019est savoir taire lorsque monte sa col\u00e8re<\/em><\/li>\n<li>L\u2019amiti\u00e9,\u00a0<em>c\u2019est le plus pur et le plus fort des sentiments humains<\/em>.<\/li>\n<\/ul>\n<p style=\"text-align: justify;\">PAF: 174 euros<\/p>\n<p style=\"text-align: justify;\">L&rsquo;activit\u00e9 sera organis\u00e9e \u00e0 partir de 8 participants.<\/p>\n<p>Le forfait couvre entre 20 et 23 s\u00e9ances r\u00e9parties entre la premi\u00e8re semaine du mois d\u2019octobre et la premi\u00e8re semaine du mois de juin.<\/p>\n","protected":false},"excerpt":{"rendered":"<p>Le judo, litt\u00e9ralement voie de la souplesse ou principe de l\u2019adaptation) est un art martial, un sport de combat et un principe de vivre d\u2019origine japonaise, fond\u00e9 en 1882. Il se compose pour l\u2019essentiel de techniques de projection, de contr\u00f4le au sol, d\u2019\u00e9tranglements et de clefs. Le lieu o\u00f9 l\u2019on [&hellip;]<\/p>\n","protected":false},"author":3,"featured_media":0,"parent":0,"menu_order":0,"comment_status":"closed","ping_status":"closed","template":"","meta":{"spay_email":""},"jetpack_sharing_enabled":true,"jetpack_shortlink":"https:\/\/wp.me\/Pa07XE-cP","_links":{"self":[{"href":"https:\/\/www.campus-berlaymont.be\/l\/wp-json\/wp\/v2\/pages\/795"}],"collection":[{"href":"https:\/\/www.campus-berlaymont.be\/l\/wp-json\/wp\/v2\/pages"}],"about":[{"href":"https:\/\/www.campus-berlaymont.be\/l\/wp-json\/wp\/v2\/types\/page"}],"author":[{"embeddable":true,"href":"https:\/\/www.campus-berlaymont.be\/l\/wp-json\/wp\/v2\/users\/3"}],"replies":[{"embeddable":true,"href":"https:\/\/www.campus-berlaymont.be\/l\/wp-json\/wp\/v2\/comments?post=795"}],"version-history":[{"count":4,"href":"https:\/\/www.campus-berlaymont.be\/l\/wp-json\/wp\/v2\/pages\/795\/revisions"}],"predecessor-version":[{"id":8688,"href":"https:\/\/www.campus-berlaymont.be\/l\/wp-json\/wp\/v2\/pages\/795\/revisions\/8688"}],"wp:attachment":[{"href":"https:\/\/www.campus-berlaymont.be\/l\/wp-json\/wp\/v2\/media?parent=795"}],"curies":[{"name":"wp","href":"https:\/\/api.w.org\/{rel}","templated":true}]}}