{"id":797,"date":"2014-04-05T17:23:36","date_gmt":"2014-04-05T15:23:36","guid":{"rendered":"http:\/\/www.eureka-asbl.be\/?page_id=797"},"modified":"2025-08-23T10:03:38","modified_gmt":"2025-08-23T08:03:38","slug":"netball","status":"publish","type":"page","link":"https:\/\/www.campus-berlaymont.be\/l\/netball\/","title":{"rendered":"Netball"},"content":{"rendered":"<p style=\"text-align: justify;\">Le netball se pratique au premier degr\u00e9 et est uniquement r\u00e9serv\u00e9 aux filles.<\/p>\n<p style=\"text-align: justify;\">Il pr\u00e9pare au volley-ball par quelques similitudes. Le terrain est le m\u00eame (18 m sur 9 m) ainsi que la disposition sur le terrain (6 \u00e9l\u00e8ves dispos\u00e9es en deux lignes de trois)\u00a0 et le sens de rotation lors du changement de service.<\/p>\n<p style=\"text-align: justify;\">La diff\u00e9rence avec le volley est qu\u2019au service, la balle est lanc\u00e9e (et non frapp\u00e9e) avec une main, qu\u2019il faut trois 3 \u00ab\u00a0toucher\u00a0\u00bb de balle avant de la renvoyer \u00e0 deux mains au-dessus du filet dans le camp adverse. Chaque fois qu\u2019une balle touche le sol, il y a 1 point de marqu\u00e9 pour l\u2019\u00e9quipe \u00e0 l\u2019origine de l\u2019action. Le but en netball, est de mettre le plus de balle au sol dans le camp adverse afin de gagner le match qui se d\u00e9roule en deux sets gagnants de 25 points.<\/p>\n<p style=\"text-align: justify;\">Ce sport demande de la vitesse de r\u00e9action, de la coordination, de la mobilit\u00e9, du fair-play et du dynamisme.<\/p>\n<p style=\"text-align: justify;\">Le Berlaymont participe aux comp\u00e9titions inter-\u00e9coles de netball que propose la FRSEL (F\u00e9d\u00e9ration Royale Sportive de l\u2019Enseignement Libre).<\/p>\n<p style=\"text-align: justify;\">PAF : 145 euros pour l&rsquo;\u00e9nn\u00e9e<\/p>\n<p style=\"text-align: justify;\">Le forfait couvre 20 \u00e0 25 s\u00e9ances r\u00e9parties entre la premi\u00e8re semaine du mois d\u2019octobre et la premi\u00e8re semaine du mois de juin.<\/p>\n","protected":false},"excerpt":{"rendered":"<p>Le netball se pratique au premier degr\u00e9 et est uniquement r\u00e9serv\u00e9 aux filles. Il pr\u00e9pare au volley-ball par quelques similitudes. Le terrain est le m\u00eame (18 m sur 9 m) ainsi que la disposition sur le terrain (6 \u00e9l\u00e8ves dispos\u00e9es en deux lignes de trois)\u00a0 et le sens de rotation [&hellip;]<\/p>\n","protected":false},"author":3,"featured_media":0,"parent":0,"menu_order":0,"comment_status":"closed","ping_status":"closed","template":"","meta":{"spay_email":""},"jetpack_sharing_enabled":true,"jetpack_shortlink":"https:\/\/wp.me\/Pa07XE-cR","_links":{"self":[{"href":"https:\/\/www.campus-berlaymont.be\/l\/wp-json\/wp\/v2\/pages\/797"}],"collection":[{"href":"https:\/\/www.campus-berlaymont.be\/l\/wp-json\/wp\/v2\/pages"}],"about":[{"href":"https:\/\/www.campus-berlaymont.be\/l\/wp-json\/wp\/v2\/types\/page"}],"author":[{"embeddable":true,"href":"https:\/\/www.campus-berlaymont.be\/l\/wp-json\/wp\/v2\/users\/3"}],"replies":[{"embeddable":true,"href":"https:\/\/www.campus-berlaymont.be\/l\/wp-json\/wp\/v2\/comments?post=797"}],"version-history":[{"count":4,"href":"https:\/\/www.campus-berlaymont.be\/l\/wp-json\/wp\/v2\/pages\/797\/revisions"}],"predecessor-version":[{"id":8858,"href":"https:\/\/www.campus-berlaymont.be\/l\/wp-json\/wp\/v2\/pages\/797\/revisions\/8858"}],"wp:attachment":[{"href":"https:\/\/www.campus-berlaymont.be\/l\/wp-json\/wp\/v2\/media?parent=797"}],"curies":[{"name":"wp","href":"https:\/\/api.w.org\/{rel}","templated":true}]}}