{"id":810,"date":"2014-04-05T17:33:06","date_gmt":"2014-04-05T15:33:06","guid":{"rendered":"http:\/\/www.eureka-asbl.be\/?page_id=810"},"modified":"2022-06-28T11:13:03","modified_gmt":"2022-06-28T09:13:03","slug":"ping-pong","status":"publish","type":"page","link":"https:\/\/www.campus-berlaymont.be\/l\/ping-pong\/","title":{"rendered":"Tennis de table"},"content":{"rendered":"<p style=\"text-align: justify;\">Le tennis de table est un sport de raquette qui oppose soit deux joueurs soit quatre joueurs autour d\u2019une table.<\/p>\n<p style=\"text-align: justify;\">Le tennis de table trouve ses origines dans l\u2019Angleterre de la fin du XIXe\u00a0si\u00e8cle.<\/p>\n<p style=\"text-align: justify;\">On joue sur une table s\u00e9par\u00e9e au milieu par un filetaut de 15,25\u00a0cm, \u00e9cart\u00e9 d\u2019autant \u00e0 l\u2019ext\u00e9rieur du bord de la table. Chaque joueur est \u00e9quip\u00e9 d\u2019une raquette. Le but est de renvoyer la balle avec cette raquette sur la moiti\u00e9 de table adverse. Un point est gagn\u00e9 par le joueur chaque fois que son adversaire ne renvoie pas la balle, laisse rebondir la balle plus d\u2019une fois sur sa demi-table, ou emp\u00eache la balle renvoy\u00e9e par le joueur de rebondir sur sa propre demi-table (<em>obstruction<\/em>). Dans le cas o\u00f9 la balle est rattrap\u00e9e en dehors de la table alors qu\u2019elle n\u2019avait pas touch\u00e9 celle-ci, le point est perdu par le joueur qui vient de jouer la balle. Un point est gagn\u00e9 aussi lorsque l\u2019adversaire renvoie la balle qui touche un obstacle avant de toucher la demi-table adverse (sauf les poteaux du filet), ou touche la balle autrement qu\u2019avec la raquette ou la main qui tient la raquette\u2026<\/p>\n<p style=\"text-align: justify;\">Rapidit\u00e9, r\u00e9flexes et coordination des mouvements sont exploit\u00e9s lors des matches.<\/p>\n<p style=\"text-align: justify;\">Participation aux comp\u00e9titions inter \u00e9coles FRSEL.<\/p>\n<p style=\"text-align: justify;\">PAF : 174 euros<\/p>\n<p style=\"text-align: justify;\">L&rsquo;activit\u00e9 sera organis\u00e9e \u00e0 partir de 8 participants.<\/p>\n<p>Le forfait couvre entre 20 et 23 s\u00e9ances r\u00e9parties entre la premi\u00e8re semaine du mois d\u2019octobre et la premi\u00e8re semaine du mois de juin.<\/p>\n","protected":false},"excerpt":{"rendered":"<p>Le tennis de table est un sport de raquette qui oppose soit deux joueurs soit quatre joueurs autour d\u2019une table. Le tennis de table trouve ses origines dans l\u2019Angleterre de la fin du XIXe\u00a0si\u00e8cle. On joue sur une table s\u00e9par\u00e9e au milieu par un filetaut de 15,25\u00a0cm, \u00e9cart\u00e9 d\u2019autant \u00e0 [&hellip;]<\/p>\n","protected":false},"author":3,"featured_media":0,"parent":0,"menu_order":0,"comment_status":"closed","ping_status":"closed","template":"","meta":{"spay_email":""},"jetpack_sharing_enabled":true,"jetpack_shortlink":"https:\/\/wp.me\/Pa07XE-d4","_links":{"self":[{"href":"https:\/\/www.campus-berlaymont.be\/l\/wp-json\/wp\/v2\/pages\/810"}],"collection":[{"href":"https:\/\/www.campus-berlaymont.be\/l\/wp-json\/wp\/v2\/pages"}],"about":[{"href":"https:\/\/www.campus-berlaymont.be\/l\/wp-json\/wp\/v2\/types\/page"}],"author":[{"embeddable":true,"href":"https:\/\/www.campus-berlaymont.be\/l\/wp-json\/wp\/v2\/users\/3"}],"replies":[{"embeddable":true,"href":"https:\/\/www.campus-berlaymont.be\/l\/wp-json\/wp\/v2\/comments?post=810"}],"version-history":[{"count":4,"href":"https:\/\/www.campus-berlaymont.be\/l\/wp-json\/wp\/v2\/pages\/810\/revisions"}],"predecessor-version":[{"id":8699,"href":"https:\/\/www.campus-berlaymont.be\/l\/wp-json\/wp\/v2\/pages\/810\/revisions\/8699"}],"wp:attachment":[{"href":"https:\/\/www.campus-berlaymont.be\/l\/wp-json\/wp\/v2\/media?parent=810"}],"curies":[{"name":"wp","href":"https:\/\/api.w.org\/{rel}","templated":true}]}}