{"id":817,"date":"2014-04-05T17:36:06","date_gmt":"2014-04-05T15:36:06","guid":{"rendered":"http:\/\/www.eureka-asbl.be\/?page_id=817"},"modified":"2025-08-23T10:04:30","modified_gmt":"2025-08-23T08:04:30","slug":"unihockey","status":"publish","type":"page","link":"https:\/\/www.campus-berlaymont.be\/l\/unihockey\/","title":{"rendered":"Unihockey"},"content":{"rendered":"<p style=\"text-align: justify;\">L\u2019unihockey est un sport collectif o\u00f9 chacun peut s\u2019int\u00e9grer, s\u2019initier, se faire plaisir, s\u2019exprimer et se perfectionner.<\/p>\n<p style=\"text-align: justify;\">Gar\u00e7ons ou filles peuvent le pratiquer, peu importe les diff\u00e9rences d\u2019\u00e2ge, de niveau, de taille ou de sexe.<\/p>\n<p style=\"text-align: justify;\">L\u2019unihockey incite \u00e0 jouer. le respect de r\u00e8gles simples en fait un jeu sans danger qui ne n\u00e9cessite aucune protection d\u2019ordre vestimentaire.<\/p>\n<p style=\"text-align: justify;\">On retiendra aussi le caract\u00e8re \u00e9volutif de l\u2019activit\u00e9, riche sur le plan \u00e9ducatif, fond\u00e9 sur le respect des autres, permettant de passer de l\u2019action individuelle spontan\u00e9e \u00e0 une action collective codifi\u00e9e.<\/p>\n<p style=\"text-align: justify;\">En r\u00e9sum\u00e9 : \u00ab\u00a0y go\u00fbter, c\u2019est l\u2019adopter\u2026. Gare \u00e0 vous !\u00a0\u00bb<\/p>\n<p style=\"text-align: justify;\">NB : participation aux comp\u00e9titions des jeunes provinces du Brabant et match contre l\u2019\u00e9cole scandinave sont organis\u00e9s pendant l\u2019ann\u00e9e<\/p>\n<p style=\"text-align: justify;\">PAF : 145 euros pour l&rsquo;ann\u00e9e<\/p>\n<p style=\"text-align: justify;\">Le montant couvre 20 \u00e0 25 s\u00e9ances r\u00e9parties entre la premi\u00e8re semaine du mois d\u2019octobre et la premi\u00e8re semaine du mois de juin.<\/p>\n","protected":false},"excerpt":{"rendered":"<p>L\u2019unihockey est un sport collectif o\u00f9 chacun peut s\u2019int\u00e9grer, s\u2019initier, se faire plaisir, s\u2019exprimer et se perfectionner. Gar\u00e7ons ou filles peuvent le pratiquer, peu importe les diff\u00e9rences d\u2019\u00e2ge, de niveau, de taille ou de sexe. L\u2019unihockey incite \u00e0 jouer. le respect de r\u00e8gles simples en fait un jeu sans danger [&hellip;]<\/p>\n","protected":false},"author":3,"featured_media":0,"parent":0,"menu_order":0,"comment_status":"closed","ping_status":"closed","template":"","meta":{"spay_email":""},"jetpack_sharing_enabled":true,"jetpack_shortlink":"https:\/\/wp.me\/Pa07XE-db","_links":{"self":[{"href":"https:\/\/www.campus-berlaymont.be\/l\/wp-json\/wp\/v2\/pages\/817"}],"collection":[{"href":"https:\/\/www.campus-berlaymont.be\/l\/wp-json\/wp\/v2\/pages"}],"about":[{"href":"https:\/\/www.campus-berlaymont.be\/l\/wp-json\/wp\/v2\/types\/page"}],"author":[{"embeddable":true,"href":"https:\/\/www.campus-berlaymont.be\/l\/wp-json\/wp\/v2\/users\/3"}],"replies":[{"embeddable":true,"href":"https:\/\/www.campus-berlaymont.be\/l\/wp-json\/wp\/v2\/comments?post=817"}],"version-history":[{"count":1,"href":"https:\/\/www.campus-berlaymont.be\/l\/wp-json\/wp\/v2\/pages\/817\/revisions"}],"predecessor-version":[{"id":8859,"href":"https:\/\/www.campus-berlaymont.be\/l\/wp-json\/wp\/v2\/pages\/817\/revisions\/8859"}],"wp:attachment":[{"href":"https:\/\/www.campus-berlaymont.be\/l\/wp-json\/wp\/v2\/media?parent=817"}],"curies":[{"name":"wp","href":"https:\/\/api.w.org\/{rel}","templated":true}]}}