{"id":819,"date":"2014-04-05T17:37:05","date_gmt":"2014-04-05T15:37:05","guid":{"rendered":"http:\/\/www.eureka-asbl.be\/?page_id=819"},"modified":"2025-08-23T10:05:07","modified_gmt":"2025-08-23T08:05:07","slug":"volley","status":"publish","type":"page","link":"https:\/\/www.campus-berlaymont.be\/l\/volley\/","title":{"rendered":"Volley"},"content":{"rendered":"<p>Tu as envie de faire du sport, de te d\u00e9penser tout en t\u2019amusant avec tes copines dans une ambiance conviviale ?<\/p>\n<p>Rejoins-nous dans le groupe de volley-ball ! Ce sport est fait pour toi car c\u2019est un sport collectif que nous abordons dans un chouette esprit de fair-play, de respect des autres et de dynamisme ! Nous aborderons dans un premier temps un aspect plut\u00f4t technique : les services, les passes hautes, les manchettes,\u2026. et dans un second temps un aspect plut\u00f4t tactique \u00e0 travers des mises en situation et des matchs.<\/p>\n<p>PAF : 145 euros pour l&rsquo;ann\u00e9e<\/p>\n<p>Le montant couvre 20 \u00e0 25\u00a0 s\u00e9ances r\u00e9parties entre la premi\u00e8re semaine du mois d\u2019octobre et la premi\u00e8re semaine du mois de juin.<\/p>\n","protected":false},"excerpt":{"rendered":"<p>Tu as envie de faire du sport, de te d\u00e9penser tout en t\u2019amusant avec tes copines dans une ambiance conviviale ? Rejoins-nous dans le groupe de volley-ball ! Ce sport est fait pour toi car c\u2019est un sport collectif que nous abordons dans un chouette esprit de fair-play, de respect [&hellip;]<\/p>\n","protected":false},"author":3,"featured_media":0,"parent":0,"menu_order":0,"comment_status":"closed","ping_status":"closed","template":"","meta":{"spay_email":""},"jetpack_sharing_enabled":true,"jetpack_shortlink":"https:\/\/wp.me\/Pa07XE-dd","_links":{"self":[{"href":"https:\/\/www.campus-berlaymont.be\/l\/wp-json\/wp\/v2\/pages\/819"}],"collection":[{"href":"https:\/\/www.campus-berlaymont.be\/l\/wp-json\/wp\/v2\/pages"}],"about":[{"href":"https:\/\/www.campus-berlaymont.be\/l\/wp-json\/wp\/v2\/types\/page"}],"author":[{"embeddable":true,"href":"https:\/\/www.campus-berlaymont.be\/l\/wp-json\/wp\/v2\/users\/3"}],"replies":[{"embeddable":true,"href":"https:\/\/www.campus-berlaymont.be\/l\/wp-json\/wp\/v2\/comments?post=819"}],"version-history":[{"count":3,"href":"https:\/\/www.campus-berlaymont.be\/l\/wp-json\/wp\/v2\/pages\/819\/revisions"}],"predecessor-version":[{"id":8860,"href":"https:\/\/www.campus-berlaymont.be\/l\/wp-json\/wp\/v2\/pages\/819\/revisions\/8860"}],"wp:attachment":[{"href":"https:\/\/www.campus-berlaymont.be\/l\/wp-json\/wp\/v2\/media?parent=819"}],"curies":[{"name":"wp","href":"https:\/\/api.w.org\/{rel}","templated":true}]}}