{"id":8616,"date":"2021-09-10T14:33:17","date_gmt":"2021-09-10T12:33:17","guid":{"rendered":"https:\/\/www.campus-berlaymont.be\/l\/?page_id=8616"},"modified":"2022-06-28T10:08:03","modified_gmt":"2022-06-28T08:08:03","slug":"codage-scratch","status":"publish","type":"page","link":"https:\/\/www.campus-berlaymont.be\/l\/codage-scratch\/","title":{"rendered":"Codage &#8211; scratch"},"content":{"rendered":"\n<div class=\"wp-container-2 wp-block-columns\">\n<div class=\"wp-container-1 wp-block-column\" style=\"flex-basis:100%\">\n<div class=\"wp-block-themeisle-blocks-advanced-columns has-2-columns has-desktop-equal-layout has-tablet-equal-layout has-mobile-collapsedRows-layout has-default-gap has-vertical-unset\" id=\"wp-block-themeisle-blocks-advanced-columns-76af8fc9\"><div class=\"wp-block-themeisle-blocks-advanced-columns-overlay\"><\/div><div class=\"innerblocks-wrap\"><\/div><\/div>\n\n\n\n<p>Scratch est un langage de programmation pour amateur\/d\u00e9butants qui permet de r\u00e9aliser toutes sortes de cr\u00e9ations telles que des histoires interactives ou non, des jeux, des questionnaires, &#8230; .<\/p>\n\n\n\n<p>L&rsquo;avantage de ce langage de programmation est qu&rsquo;il est \u00e9crit dans la langue maternelle gr\u00e2ce \u00e0 des blocs de programmations pr\u00e9con\u00e7us. Il permet de mettre en \u0153uvre visuellement des concepts de la base de la programmation tels que les boucles, les conditions, les testes, les affectations de variables.<\/p>\n\n\n\n<p>PAF : 174 euros<\/p>\n\n\n\n<p>L&rsquo;activit\u00e9 sera organis\u00e9e \u00e0 partir de 8 participants.<\/p>\n\n\n\n<p>Le forfait couvre entre 20 et 23 s\u00e9ances r\u00e9parties entre la premi\u00e8re semaine du mois d&rsquo;octobre et la premi\u00e8re semaine du mois de juin<\/p>\n\n\n\n<p><\/p>\n<\/div>\n<\/div>\n","protected":false},"excerpt":{"rendered":"<p>Scratch est un langage de programmation pour amateur\/d\u00e9butants qui permet de r\u00e9aliser toutes sortes de cr\u00e9ations telles que des histoires interactives ou non, des jeux, des questionnaires, &#8230; . L&rsquo;avantage de ce langage de programmation est qu&rsquo;il est \u00e9crit dans la langue maternelle gr\u00e2ce \u00e0 des blocs de programmations pr\u00e9con\u00e7us. [&hellip;]<\/p>\n","protected":false},"author":3,"featured_media":0,"parent":0,"menu_order":0,"comment_status":"closed","ping_status":"closed","template":"","meta":{"spay_email":""},"jetpack_sharing_enabled":true,"jetpack_shortlink":"https:\/\/wp.me\/Pa07XE-2eY","_links":{"self":[{"href":"https:\/\/www.campus-berlaymont.be\/l\/wp-json\/wp\/v2\/pages\/8616"}],"collection":[{"href":"https:\/\/www.campus-berlaymont.be\/l\/wp-json\/wp\/v2\/pages"}],"about":[{"href":"https:\/\/www.campus-berlaymont.be\/l\/wp-json\/wp\/v2\/types\/page"}],"author":[{"embeddable":true,"href":"https:\/\/www.campus-berlaymont.be\/l\/wp-json\/wp\/v2\/users\/3"}],"replies":[{"embeddable":true,"href":"https:\/\/www.campus-berlaymont.be\/l\/wp-json\/wp\/v2\/comments?post=8616"}],"version-history":[{"count":2,"href":"https:\/\/www.campus-berlaymont.be\/l\/wp-json\/wp\/v2\/pages\/8616\/revisions"}],"predecessor-version":[{"id":8672,"href":"https:\/\/www.campus-berlaymont.be\/l\/wp-json\/wp\/v2\/pages\/8616\/revisions\/8672"}],"wp:attachment":[{"href":"https:\/\/www.campus-berlaymont.be\/l\/wp-json\/wp\/v2\/media?parent=8616"}],"curies":[{"name":"wp","href":"https:\/\/api.w.org\/{rel}","templated":true}]}}