{"id":8622,"date":"2021-09-10T14:41:35","date_gmt":"2021-09-10T12:41:35","guid":{"rendered":"https:\/\/www.campus-berlaymont.be\/l\/?page_id=8622"},"modified":"2021-09-10T14:41:36","modified_gmt":"2021-09-10T12:41:36","slug":"tournois-sports-multiples","status":"publish","type":"page","link":"https:\/\/www.campus-berlaymont.be\/l\/tournois-sports-multiples\/","title":{"rendered":"Tournois sports multiples"},"content":{"rendered":"\n<div class=\"wp-block-themeisle-blocks-advanced-columns has-2-columns has-desktop-equal-layout has-tablet-equal-layout has-mobile-collapsedRows-layout has-default-gap has-vertical-unset\" id=\"wp-block-themeisle-blocks-advanced-columns-19bc8e6a\"><div class=\"wp-block-themeisle-blocks-advanced-columns-overlay\"><\/div><div class=\"innerblocks-wrap\">\n<div class=\"wp-block-themeisle-blocks-advanced-column\" id=\"wp-block-themeisle-blocks-advanced-column-6d98a6bf\"><\/div>\n\n\n\n<div class=\"wp-block-themeisle-blocks-advanced-column\" id=\"wp-block-themeisle-blocks-advanced-column-00d2293d\">\n<p>Ce parascolaire consiste \u00e0 proposer diff\u00e9rents sports pour lesquels un tournoi sera organis\u00e9. Le tournoi se d\u00e9roulera sur plusieurs semaines et verra s&rsquo;affronter des \u00e9quipes constitu\u00e9es d&rsquo;\u00e9l\u00e8ves de 5\u00e8me et 6\u00e8me ann\u00e9e. Le plaisir du jeu et la comp\u00e9tition seront au centre des pr\u00e9occupations.<\/p>\n\n\n\n<p>PAF&nbsp;: Forfait trimestriel<\/p>\n\n\n\n<p>L\u2019activit\u00e9 sera organis\u00e9e \u00e0 partir de 8 participants.<\/p>\n\n\n\n<p>Le forfait couvre entre 20 et 23 s\u00e9ances r\u00e9parties entre la premi\u00e8re semaine du mois d\u2019octobre et la premi\u00e8re semaine du mois de juin.<\/p>\n<\/div>\n<\/div><\/div>\n","protected":false},"excerpt":{"rendered":"","protected":false},"author":3,"featured_media":0,"parent":0,"menu_order":0,"comment_status":"closed","ping_status":"closed","template":"","meta":{"spay_email":""},"jetpack_sharing_enabled":true,"jetpack_shortlink":"https:\/\/wp.me\/Pa07XE-2f4","_links":{"self":[{"href":"https:\/\/www.campus-berlaymont.be\/l\/wp-json\/wp\/v2\/pages\/8622"}],"collection":[{"href":"https:\/\/www.campus-berlaymont.be\/l\/wp-json\/wp\/v2\/pages"}],"about":[{"href":"https:\/\/www.campus-berlaymont.be\/l\/wp-json\/wp\/v2\/types\/page"}],"author":[{"embeddable":true,"href":"https:\/\/www.campus-berlaymont.be\/l\/wp-json\/wp\/v2\/users\/3"}],"replies":[{"embeddable":true,"href":"https:\/\/www.campus-berlaymont.be\/l\/wp-json\/wp\/v2\/comments?post=8622"}],"version-history":[{"count":1,"href":"https:\/\/www.campus-berlaymont.be\/l\/wp-json\/wp\/v2\/pages\/8622\/revisions"}],"predecessor-version":[{"id":8623,"href":"https:\/\/www.campus-berlaymont.be\/l\/wp-json\/wp\/v2\/pages\/8622\/revisions\/8623"}],"wp:attachment":[{"href":"https:\/\/www.campus-berlaymont.be\/l\/wp-json\/wp\/v2\/media?parent=8622"}],"curies":[{"name":"wp","href":"https:\/\/api.w.org\/{rel}","templated":true}]}}