{"id":1468,"date":"2015-07-06T18:35:09","date_gmt":"2015-07-06T16:35:09","guid":{"rendered":"http:\/\/www.eureka-asbl.be\/?post_type=product&#038;p=1468"},"modified":"2020-09-01T14:25:01","modified_gmt":"2020-09-01T12:25:01","slug":"etudes-dirigees-2e-trimestre","status":"publish","type":"product","link":"https:\/\/www.campus-berlaymont.be\/l\/produit\/etudes-dirigees-2e-trimestre\/","title":{"rendered":"ED &#8211; Trimestre 2"},"content":{"rendered":"<p>Tous les lundis, mardis et jeudis du 2e trimestre<\/p>\n<p>\u2013 2e trimestre \u2013 32 \u00e9tudes -&gt; 140,80 euros (4,4 euros la s\u00e9ance)<\/p>\n<p>Une collation est pr\u00e9vue \u00e0 16 h 05 pour les \u00e9l\u00e8ves fr\u00e9quentant l&rsquo;\u00e9tude dirig\u00e9e.<\/p>\n<p>L&rsquo;\u00e9tude dirig\u00e9e est organis\u00e9e de 16 h 15 \u00e0 17 h 15.<\/p>\n","protected":false},"excerpt":{"rendered":"<p><img loading=\"lazy\" width=\"300\" height=\"300\" class=\"alignnone size-medium wp-image-3027\" alt=\"\" src=\"https:\/\/www.campus-berlaymont.be\/l\/wp-content\/uploads\/2015\/07\/reading-310397_640-300x300.png\" srcset=\"https:\/\/www.campus-berlaymont.be\/l\/wp-content\/uploads\/2015\/07\/reading-310397_640-300x300.png 300w, https:\/\/www.campus-berlaymont.be\/l\/wp-content\/uploads\/2015\/07\/reading-310397_640-160x160.png 160w, https:\/\/www.campus-berlaymont.be\/l\/wp-content\/uploads\/2015\/07\/reading-310397_640-150x150.png 150w, https:\/\/www.campus-berlaymont.be\/l\/wp-content\/uploads\/2015\/07\/reading-310397_640-600x600.png 600w, https:\/\/www.campus-berlaymont.be\/l\/wp-content\/uploads\/2015\/07\/reading-310397_640-230x230.png 230w, https:\/\/www.campus-berlaymont.be\/l\/wp-content\/uploads\/2015\/07\/reading-310397_640.png 640w\" sizes=\"(max-width: 300px) 100vw, 300px\" \/><\/p>\n","protected":false},"featured_media":3028,"template":"","meta":{"spay_email":"","jetpack_publicize_message":"","jetpack_is_tweetstorm":false,"jetpack_publicize_feature_enabled":true},"product_cat":[22],"product_tag":[],"jetpack_publicize_connections":[],"jetpack_sharing_enabled":true,"_links":{"self":[{"href":"https:\/\/www.campus-berlaymont.be\/l\/wp-json\/wp\/v2\/product\/1468"}],"collection":[{"href":"https:\/\/www.campus-berlaymont.be\/l\/wp-json\/wp\/v2\/product"}],"about":[{"href":"https:\/\/www.campus-berlaymont.be\/l\/wp-json\/wp\/v2\/types\/product"}],"wp:featuredmedia":[{"embeddable":true,"href":"https:\/\/www.campus-berlaymont.be\/l\/wp-json\/wp\/v2\/media\/3028"}],"wp:attachment":[{"href":"https:\/\/www.campus-berlaymont.be\/l\/wp-json\/wp\/v2\/media?parent=1468"}],"wp:term":[{"taxonomy":"product_cat","embeddable":true,"href":"https:\/\/www.campus-berlaymont.be\/l\/wp-json\/wp\/v2\/product_cat?post=1468"},{"taxonomy":"product_tag","embeddable":true,"href":"https:\/\/www.campus-berlaymont.be\/l\/wp-json\/wp\/v2\/product_tag?post=1468"}],"curies":[{"name":"wp","href":"https:\/\/api.w.org\/{rel}","templated":true}]}}