{"id":1051,"date":"2014-04-25T20:50:17","date_gmt":"2014-04-25T18:50:17","guid":{"rendered":"http:\/\/para-berlaymont.be\/?page_id=1051"},"modified":"2025-08-21T18:03:50","modified_gmt":"2025-08-21T16:03:50","slug":"calendrier","status":"publish","type":"page","link":"https:\/\/www.campus-berlaymont.be\/p\/calendrier\/","title":{"rendered":"Calendrier"},"content":{"rendered":"<p><img loading=\"lazy\" decoding=\"async\" class=\"aligncenter wp-image-1052 \" src=\"http:\/\/para-berlaymont.be\/wp-content\/uploads\/2014\/04\/calendrier.jpg\" alt=\"calendrier\" width=\"336\" height=\"191\" srcset=\"https:\/\/www.campus-berlaymont.be\/p\/wp-content\/uploads\/2014\/04\/calendrier.jpg 632w, https:\/\/www.campus-berlaymont.be\/p\/wp-content\/uploads\/2014\/04\/calendrier-300x170.jpg 300w\" sizes=\"(max-width: 336px) 100vw, 336px\" \/><\/p>\n<p style=\"text-align: center;\"><strong>Calendrier\u00a0de l&rsquo;aide aux devoirs<\/strong><\/p>\n<p style=\"text-align: center;\"><strong>Calendrier 2025-2026 (en construction)<\/strong><\/p>\n<p style=\"text-align: center;\"><span>Pour les activit\u00e9s parascolaires, 25 s\u00e9ances sont r\u00e9parties sur l\u2019ensemble de l\u2019ann\u00e9e scolaire.<\/span><\/p>\n","protected":false},"excerpt":{"rendered":"<p>Calendrier\u00a0de l&rsquo;aide aux devoirs Calendrier 2025-2026 (en construction) Pour les activit\u00e9s parascolaires, 25 s\u00e9ances sont r\u00e9parties sur l\u2019ensemble de l\u2019ann\u00e9e scolaire.<\/p>\n","protected":false},"author":1,"featured_media":0,"parent":0,"menu_order":0,"comment_status":"closed","ping_status":"closed","template":"","meta":{"footnotes":""},"class_list":["post-1051","page","type-page","status-publish","hentry"],"_links":{"self":[{"href":"https:\/\/www.campus-berlaymont.be\/p\/wp-json\/wp\/v2\/pages\/1051"}],"collection":[{"href":"https:\/\/www.campus-berlaymont.be\/p\/wp-json\/wp\/v2\/pages"}],"about":[{"href":"https:\/\/www.campus-berlaymont.be\/p\/wp-json\/wp\/v2\/types\/page"}],"author":[{"embeddable":true,"href":"https:\/\/www.campus-berlaymont.be\/p\/wp-json\/wp\/v2\/users\/1"}],"replies":[{"embeddable":true,"href":"https:\/\/www.campus-berlaymont.be\/p\/wp-json\/wp\/v2\/comments?post=1051"}],"version-history":[{"count":39,"href":"https:\/\/www.campus-berlaymont.be\/p\/wp-json\/wp\/v2\/pages\/1051\/revisions"}],"predecessor-version":[{"id":2325,"href":"https:\/\/www.campus-berlaymont.be\/p\/wp-json\/wp\/v2\/pages\/1051\/revisions\/2325"}],"wp:attachment":[{"href":"https:\/\/www.campus-berlaymont.be\/p\/wp-json\/wp\/v2\/media?parent=1051"}],"curies":[{"name":"wp","href":"https:\/\/api.w.org\/{rel}","templated":true}]}}