{"id":1060,"date":"2014-04-26T09:16:08","date_gmt":"2014-04-26T07:16:08","guid":{"rendered":"http:\/\/para-berlaymont.be\/?page_id=1060"},"modified":"2018-06-14T20:58:17","modified_gmt":"2018-06-14T18:58:17","slug":"recrutement","status":"publish","type":"page","link":"https:\/\/www.campus-berlaymont.be\/p\/recrutement\/","title":{"rendered":"Recrutement"},"content":{"rendered":"<p>Vous souhaitez participer \u00e0 notre but social ?<\/p>\n<p>Notre ASBL recourt essentiellement aux volontaires pour l\u2019aider dans sa mission d\u2019offrir un service de\u00a0qualit\u00e9 \u00e0 un prix d\u00e9mocratique aux parents. Les volontaires peuvent recevoir des d\u00e9fraiements.<\/p>\n<p>La relation entre l\u2019ASBL et ses volontaires se place dans un cadre l\u00e9gal dont les premi\u00e8res informations\u00a0peuvent se trouver sur le site consacr\u00e9 \u00e0 cet acte :\u00a0<a style=\"color: #33bee5;\" href=\"http:\/\/www.volontariat.be\/\">http:\/\/www.volontariat.be<\/a><\/p>\n<p>Pour d\u00e9poser votre\u00a0candidature pour l&rsquo;implantation de l&rsquo;\u00e9cole primaire de Berlaymont, contactez-nous via le formulaire ci-dessous.<\/p>\n<p><span style=\"color: #339966;\">Nous recherchons plus pr\u00e9cis\u00e9ment des volontaires pour encadrer le soutien \u00e0 l&rsquo;\u00e9tude (de 16 h \u00e0 17 h, les lundis, mardis et jeudis). Les personnes ayant une exp\u00e9rience p\u00e9dagogique en ce domaine sont privil\u00e9gi\u00e9es.<\/span><\/p>\n<p>[pirate_forms]<\/p>\n","protected":false},"excerpt":{"rendered":"<p>Vous souhaitez participer \u00e0 notre but social ? Notre ASBL recourt essentiellement aux volontaires pour l\u2019aider dans sa mission d\u2019offrir un service de\u00a0qualit\u00e9 \u00e0 un prix d\u00e9mocratique aux parents. Les volontaires peuvent recevoir des d\u00e9fraiements. La relation entre l\u2019ASBL et ses volontaires se place dans un cadre l\u00e9gal dont les [&hellip;]<\/p>\n","protected":false},"author":1,"featured_media":0,"parent":0,"menu_order":0,"comment_status":"closed","ping_status":"closed","template":"","meta":{"footnotes":""},"class_list":["post-1060","page","type-page","status-publish","hentry"],"_links":{"self":[{"href":"https:\/\/www.campus-berlaymont.be\/p\/wp-json\/wp\/v2\/pages\/1060"}],"collection":[{"href":"https:\/\/www.campus-berlaymont.be\/p\/wp-json\/wp\/v2\/pages"}],"about":[{"href":"https:\/\/www.campus-berlaymont.be\/p\/wp-json\/wp\/v2\/types\/page"}],"author":[{"embeddable":true,"href":"https:\/\/www.campus-berlaymont.be\/p\/wp-json\/wp\/v2\/users\/1"}],"replies":[{"embeddable":true,"href":"https:\/\/www.campus-berlaymont.be\/p\/wp-json\/wp\/v2\/comments?post=1060"}],"version-history":[{"count":3,"href":"https:\/\/www.campus-berlaymont.be\/p\/wp-json\/wp\/v2\/pages\/1060\/revisions"}],"predecessor-version":[{"id":1755,"href":"https:\/\/www.campus-berlaymont.be\/p\/wp-json\/wp\/v2\/pages\/1060\/revisions\/1755"}],"wp:attachment":[{"href":"https:\/\/www.campus-berlaymont.be\/p\/wp-json\/wp\/v2\/media?parent=1060"}],"curies":[{"name":"wp","href":"https:\/\/api.w.org\/{rel}","templated":true}]}}