{"id":2295,"date":"2024-09-17T18:41:43","date_gmt":"2024-09-17T16:41:43","guid":{"rendered":"https:\/\/www.campus-berlaymont.be\/p\/?page_id=2295"},"modified":"2024-09-17T18:41:43","modified_gmt":"2024-09-17T16:41:43","slug":"jeux-de-ballons","status":"publish","type":"page","link":"https:\/\/www.campus-berlaymont.be\/p\/jeux-de-ballons\/","title":{"rendered":"Jeux de ballons"},"content":{"rendered":"<p><strong>Rejoins le club \u00ab\u00a0Jeux de ballons\u00a0\u00bb et amuse-toi tout en bougeant !<\/strong><\/p>\n<p>Tu aimes courir, sauter et jouer avec tes amis ? Alors, ce parascolaire est fait pour toi ! Viens d\u00e9couvrir une multitude de jeux de ballon adapt\u00e9s \u00e0 ton \u00e2ge : football, ballon prisonnier, basket, et bien d\u2019autres.<\/p>\n<p>Nous apprendrons ensemble \u00e0 jouer en \u00e9quipe, \u00e0 respecter les r\u00e8gles, tout en s\u2019amusant et en d\u00e9veloppant nos capacit\u00e9s physiques.<\/p>\n<p>C\u2019est le moment de te d\u00e9penser, de rigoler et de faire de nouvelles rencontres dans une ambiance dynamique et conviviale !<\/p>\n<p>Alors, pr\u00eat \u00e0 t&rsquo;amuser tout en te d\u00e9passant ? Inscris-toi vite !<span>\u00a0<\/span><img decoding=\"async\" data-emoji=\"\ud83d\ude0a\" class=\"an1\" alt=\"\ud83d\ude0a\" aria-label=\"\ud83d\ude0a\" draggable=\"false\" src=\"https:\/\/fonts.gstatic.com\/s\/e\/notoemoji\/15.1\/1f60a\/72.png\" loading=\"lazy\" width=\"22\" height=\"22\" \/><\/p>\n<p><strong>(de la 1e \u00e0 la 2e)<\/strong>.<\/p>\n<p>PAF : 155 euros<\/p>\n\n\t\t<style type=\"text\/css\">\n\t\t\t#gallery-1 {\n\t\t\t\tmargin: auto;\n\t\t\t}\n\t\t\t#gallery-1 .gallery-item {\n\t\t\t\tfloat: left;\n\t\t\t\tmargin-top: 10px;\n\t\t\t\ttext-align: center;\n\t\t\t\twidth: 20%;\n\t\t\t}\n\t\t\t#gallery-1 img {\n\t\t\t\tborder: 2px solid #cfcfcf;\n\t\t\t}\n\t\t\t#gallery-1 .gallery-caption {\n\t\t\t\tmargin-left: 0;\n\t\t\t}\n\t\t\t\/* see gallery_shortcode() in wp-includes\/media.php *\/\n\t\t<\/style>\n\t\t<div id='gallery-1' class='gallery galleryid-2295 gallery-columns-5 gallery-size-thumbnail'><dl class='gallery-item'>\n\t\t\t<dt class='gallery-icon landscape'>\n\t\t\t\t<a href='https:\/\/www.campus-berlaymont.be\/p\/jeux-de-ballons\/image-4-2\/'><img loading=\"lazy\" decoding=\"async\" width=\"150\" height=\"150\" src=\"https:\/\/www.campus-berlaymont.be\/p\/wp-content\/uploads\/2024\/09\/image-4-1-150x150.png\" class=\"attachment-thumbnail size-thumbnail\" alt=\"\" \/><\/a>\n\t\t\t<\/dt><\/dl><dl class='gallery-item'>\n\t\t\t<dt class='gallery-icon landscape'>\n\t\t\t\t<a href='https:\/\/www.campus-berlaymont.be\/p\/jeux-de-ballons\/image-3\/'><img loading=\"lazy\" decoding=\"async\" width=\"150\" height=\"150\" src=\"https:\/\/www.campus-berlaymont.be\/p\/wp-content\/uploads\/2024\/09\/image-3-150x150.png\" class=\"attachment-thumbnail size-thumbnail\" alt=\"\" \/><\/a>\n\t\t\t<\/dt><\/dl><dl class='gallery-item'>\n\t\t\t<dt class='gallery-icon landscape'>\n\t\t\t\t<a href='https:\/\/www.campus-berlaymont.be\/p\/jeux-de-ballons\/image-2-2\/'><img loading=\"lazy\" decoding=\"async\" width=\"150\" height=\"150\" src=\"https:\/\/www.campus-berlaymont.be\/p\/wp-content\/uploads\/2024\/09\/image-2-1-150x150.png\" class=\"attachment-thumbnail size-thumbnail\" alt=\"\" \/><\/a>\n\t\t\t<\/dt><\/dl><dl class='gallery-item'>\n\t\t\t<dt class='gallery-icon landscape'>\n\t\t\t\t<a href='https:\/\/www.campus-berlaymont.be\/p\/jeux-de-ballons\/image-1-2\/'><img loading=\"lazy\" decoding=\"async\" width=\"150\" height=\"150\" src=\"https:\/\/www.campus-berlaymont.be\/p\/wp-content\/uploads\/2024\/09\/image-1-1-150x150.png\" class=\"attachment-thumbnail size-thumbnail\" alt=\"\" \/><\/a>\n\t\t\t<\/dt><\/dl><dl class='gallery-item'>\n\t\t\t<dt class='gallery-icon landscape'>\n\t\t\t\t<a href='https:\/\/www.campus-berlaymont.be\/p\/jeux-de-ballons\/image-5\/'><img loading=\"lazy\" decoding=\"async\" width=\"150\" height=\"150\" src=\"https:\/\/www.campus-berlaymont.be\/p\/wp-content\/uploads\/2024\/09\/image-5-150x150.png\" class=\"attachment-thumbnail size-thumbnail\" alt=\"\" \/><\/a>\n\t\t\t<\/dt><\/dl><br style=\"clear: both\" \/>\n\t\t<\/div>\n\n","protected":false},"excerpt":{"rendered":"<p>Rejoins le club \u00ab\u00a0Jeux de ballons\u00a0\u00bb et amuse-toi tout en bougeant ! Tu aimes courir, sauter et jouer avec tes amis ? Alors, ce parascolaire est fait pour toi ! Viens d\u00e9couvrir une multitude de jeux de ballon adapt\u00e9s \u00e0 ton \u00e2ge : football, ballon prisonnier, basket, et bien d\u2019autres. [&hellip;]<\/p>\n","protected":false},"author":6,"featured_media":0,"parent":0,"menu_order":0,"comment_status":"closed","ping_status":"closed","template":"","meta":{"footnotes":""},"class_list":["post-2295","page","type-page","status-publish","hentry"],"_links":{"self":[{"href":"https:\/\/www.campus-berlaymont.be\/p\/wp-json\/wp\/v2\/pages\/2295"}],"collection":[{"href":"https:\/\/www.campus-berlaymont.be\/p\/wp-json\/wp\/v2\/pages"}],"about":[{"href":"https:\/\/www.campus-berlaymont.be\/p\/wp-json\/wp\/v2\/types\/page"}],"author":[{"embeddable":true,"href":"https:\/\/www.campus-berlaymont.be\/p\/wp-json\/wp\/v2\/users\/6"}],"replies":[{"embeddable":true,"href":"https:\/\/www.campus-berlaymont.be\/p\/wp-json\/wp\/v2\/comments?post=2295"}],"version-history":[{"count":3,"href":"https:\/\/www.campus-berlaymont.be\/p\/wp-json\/wp\/v2\/pages\/2295\/revisions"}],"predecessor-version":[{"id":2314,"href":"https:\/\/www.campus-berlaymont.be\/p\/wp-json\/wp\/v2\/pages\/2295\/revisions\/2314"}],"wp:attachment":[{"href":"https:\/\/www.campus-berlaymont.be\/p\/wp-json\/wp\/v2\/media?parent=2295"}],"curies":[{"name":"wp","href":"https:\/\/api.w.org\/{rel}","templated":true}]}}