{"id":2298,"date":"2024-09-17T18:21:51","date_gmt":"2024-09-17T16:21:51","guid":{"rendered":"https:\/\/www.campus-berlaymont.be\/p\/?page_id=2298"},"modified":"2024-09-17T18:21:51","modified_gmt":"2024-09-17T16:21:51","slug":"unihock","status":"publish","type":"page","link":"https:\/\/www.campus-berlaymont.be\/p\/unihock\/","title":{"rendered":"Unihock"},"content":{"rendered":"<p><strong>D\u00e9couvre l\u2019Unihockey : le sport d&rsquo;\u00e9quipe fun et dynamique !<\/strong><\/p>\n<p>Tu aimes les sports rapides et intenses ? Alors, viens rejoindre notre parascolaire \u00ab\u00a0Unihockey\u00a0\u00bb et plonge dans un univers de vitesse, d\u2019adresse et de strat\u00e9gie !<\/p>\n<p>Que tu sois d\u00e9butant ou d\u00e9j\u00e0 fan, tu apprendras \u00e0 manier la crosse, \u00e0 marquer des buts spectaculaires et \u00e0 travailler en \u00e9quipe. L\u2019Unihockey est un sport o\u00f9 chacun a sa place, et o\u00f9 l&rsquo;esprit d&rsquo;\u00e9quipe et le fair-play sont au c\u0153ur du jeu.<\/p>\n<p>Viens te d\u00e9penser, te surpasser et t\u2019amuser avec tes amis dans une ambiance conviviale et sportive<br \/>\nRejoins-nous vite et deviens un champion de l\u2019Unihockey !<span>\u00a0<\/span><img decoding=\"async\" data-emoji=\"\ud83c\udfd1\" class=\"an1\" alt=\"\ud83c\udfd1\" aria-label=\"\ud83c\udfd1\" draggable=\"false\" src=\"https:\/\/fonts.gstatic.com\/s\/e\/notoemoji\/15.1\/1f3d1\/72.png\" loading=\"lazy\" \/><img decoding=\"async\" data-emoji=\"\u2728\" class=\"an1\" alt=\"\u2728\" aria-label=\"\u2728\" draggable=\"false\" src=\"https:\/\/fonts.gstatic.com\/s\/e\/notoemoji\/15.1\/2728\/72.png\" loading=\"lazy\" \/><\/p>\n<p><strong>(de la 3e \u00e0 la 5e)<\/strong>.<\/p>\n<p>PAF : 165 euros<\/p>\n\n\t\t<style type=\"text\/css\">\n\t\t\t#gallery-1 {\n\t\t\t\tmargin: auto;\n\t\t\t}\n\t\t\t#gallery-1 .gallery-item {\n\t\t\t\tfloat: left;\n\t\t\t\tmargin-top: 10px;\n\t\t\t\ttext-align: center;\n\t\t\t\twidth: 25%;\n\t\t\t}\n\t\t\t#gallery-1 img {\n\t\t\t\tborder: 2px solid #cfcfcf;\n\t\t\t}\n\t\t\t#gallery-1 .gallery-caption {\n\t\t\t\tmargin-left: 0;\n\t\t\t}\n\t\t\t\/* see gallery_shortcode() in wp-includes\/media.php *\/\n\t\t<\/style>\n\t\t<div id='gallery-1' class='gallery galleryid-2298 gallery-columns-4 gallery-size-thumbnail'><dl class='gallery-item'>\n\t\t\t<dt class='gallery-icon landscape'>\n\t\t\t\t<a href='https:\/\/www.campus-berlaymont.be\/p\/unihock\/image-2\/'><img loading=\"lazy\" decoding=\"async\" width=\"150\" height=\"150\" src=\"https:\/\/www.campus-berlaymont.be\/p\/wp-content\/uploads\/2024\/09\/image-2-150x150.png\" class=\"attachment-thumbnail size-thumbnail\" alt=\"\" \/><\/a>\n\t\t\t<\/dt><\/dl><dl class='gallery-item'>\n\t\t\t<dt class='gallery-icon landscape'>\n\t\t\t\t<a href='https:\/\/www.campus-berlaymont.be\/p\/unihock\/image-4\/'><img loading=\"lazy\" decoding=\"async\" width=\"150\" height=\"150\" src=\"https:\/\/www.campus-berlaymont.be\/p\/wp-content\/uploads\/2024\/09\/image-4-150x150.png\" class=\"attachment-thumbnail size-thumbnail\" alt=\"\" \/><\/a>\n\t\t\t<\/dt><\/dl><dl class='gallery-item'>\n\t\t\t<dt class='gallery-icon landscape'>\n\t\t\t\t<a href='https:\/\/www.campus-berlaymont.be\/p\/unihock\/image\/'><img loading=\"lazy\" decoding=\"async\" width=\"150\" height=\"150\" src=\"https:\/\/www.campus-berlaymont.be\/p\/wp-content\/uploads\/2024\/09\/image-150x150.png\" class=\"attachment-thumbnail size-thumbnail\" alt=\"\" \/><\/a>\n\t\t\t<\/dt><\/dl><dl class='gallery-item'>\n\t\t\t<dt class='gallery-icon landscape'>\n\t\t\t\t<a href='https:\/\/www.campus-berlaymont.be\/p\/unihock\/image-1\/'><img loading=\"lazy\" decoding=\"async\" width=\"150\" height=\"150\" src=\"https:\/\/www.campus-berlaymont.be\/p\/wp-content\/uploads\/2024\/09\/image-1-150x150.png\" class=\"attachment-thumbnail size-thumbnail\" alt=\"\" \/><\/a>\n\t\t\t<\/dt><\/dl><br style=\"clear: both\" \/>\n\t\t<\/div>\n\n","protected":false},"excerpt":{"rendered":"<p>D\u00e9couvre l\u2019Unihockey : le sport d&rsquo;\u00e9quipe fun et dynamique ! Tu aimes les sports rapides et intenses ? Alors, viens rejoindre notre parascolaire \u00ab\u00a0Unihockey\u00a0\u00bb et plonge dans un univers de vitesse, d\u2019adresse et de strat\u00e9gie ! Que tu sois d\u00e9butant ou d\u00e9j\u00e0 fan, tu apprendras \u00e0 manier la crosse, \u00e0 [&hellip;]<\/p>\n","protected":false},"author":6,"featured_media":0,"parent":0,"menu_order":0,"comment_status":"closed","ping_status":"closed","template":"","meta":{"footnotes":""},"class_list":["post-2298","page","type-page","status-publish","hentry"],"_links":{"self":[{"href":"https:\/\/www.campus-berlaymont.be\/p\/wp-json\/wp\/v2\/pages\/2298"}],"collection":[{"href":"https:\/\/www.campus-berlaymont.be\/p\/wp-json\/wp\/v2\/pages"}],"about":[{"href":"https:\/\/www.campus-berlaymont.be\/p\/wp-json\/wp\/v2\/types\/page"}],"author":[{"embeddable":true,"href":"https:\/\/www.campus-berlaymont.be\/p\/wp-json\/wp\/v2\/users\/6"}],"replies":[{"embeddable":true,"href":"https:\/\/www.campus-berlaymont.be\/p\/wp-json\/wp\/v2\/comments?post=2298"}],"version-history":[{"count":2,"href":"https:\/\/www.campus-berlaymont.be\/p\/wp-json\/wp\/v2\/pages\/2298\/revisions"}],"predecessor-version":[{"id":2305,"href":"https:\/\/www.campus-berlaymont.be\/p\/wp-json\/wp\/v2\/pages\/2298\/revisions\/2305"}],"wp:attachment":[{"href":"https:\/\/www.campus-berlaymont.be\/p\/wp-json\/wp\/v2\/media?parent=2298"}],"curies":[{"name":"wp","href":"https:\/\/api.w.org\/{rel}","templated":true}]}}