{"id":234,"date":"2012-05-24T14:17:16","date_gmt":"2012-05-24T12:17:16","guid":{"rendered":"http:\/\/para-berlaymont.be\/?page_id=234"},"modified":"2024-09-19T10:02:26","modified_gmt":"2024-09-19T08:02:26","slug":"inscriptions","status":"publish","type":"page","link":"https:\/\/www.campus-berlaymont.be\/p\/inscriptions\/","title":{"rendered":"Formulaires d&rsquo;inscription"},"content":{"rendered":"<blockquote class=\"wp-embedded-content\" data-secret=\"1txvHVshP2\"><p><a href=\"https:\/\/www.campus-berlaymont.be\/p\/inscriptions\/inscription-parascolaires\/\">Activit\u00e9s parascolaires<\/a><\/p><\/blockquote>\n<p><iframe loading=\"lazy\" class=\"wp-embedded-content\" sandbox=\"allow-scripts\" security=\"restricted\" style=\"position: absolute; visibility: hidden;\" title=\"\u00ab\u00a0Activit\u00e9s parascolaires\u00a0\u00bb &#8212; Campus Berlaymont - P(rimaire)\" src=\"https:\/\/www.campus-berlaymont.be\/p\/inscriptions\/inscription-parascolaires\/embed\/#?secret=GyhOWZ25DS#?secret=1txvHVshP2\" data-secret=\"1txvHVshP2\" width=\"600\" height=\"338\" frameborder=\"0\" marginwidth=\"0\" marginheight=\"0\" scrolling=\"no\"><\/iframe><\/p>\n<blockquote class=\"wp-embedded-content\" data-secret=\"RSLoMWLGIy\"><p><a href=\"https:\/\/www.campus-berlaymont.be\/p\/inscriptions\/soutien-etude\/\">Soutien \u00e0 l&rsquo;\u00e9tude<\/a><\/p><\/blockquote>\n<p><iframe loading=\"lazy\" class=\"wp-embedded-content\" sandbox=\"allow-scripts\" security=\"restricted\" style=\"position: absolute; visibility: hidden;\" title=\"\u00ab\u00a0Soutien \u00e0 l&rsquo;\u00e9tude\u00a0\u00bb &#8212; Campus Berlaymont - P(rimaire)\" src=\"https:\/\/www.campus-berlaymont.be\/p\/inscriptions\/soutien-etude\/embed\/#?secret=hqXN5nYfLD#?secret=RSLoMWLGIy\" data-secret=\"RSLoMWLGIy\" width=\"600\" height=\"338\" frameborder=\"0\" marginwidth=\"0\" marginheight=\"0\" scrolling=\"no\"><\/iframe><\/p>\n","protected":false},"excerpt":{"rendered":"<p>Activit\u00e9s parascolaires Soutien \u00e0 l&rsquo;\u00e9tude<\/p>\n","protected":false},"author":1,"featured_media":0,"parent":0,"menu_order":0,"comment_status":"closed","ping_status":"closed","template":"","meta":{"footnotes":""},"class_list":["post-234","page","type-page","status-publish","hentry"],"_links":{"self":[{"href":"https:\/\/www.campus-berlaymont.be\/p\/wp-json\/wp\/v2\/pages\/234"}],"collection":[{"href":"https:\/\/www.campus-berlaymont.be\/p\/wp-json\/wp\/v2\/pages"}],"about":[{"href":"https:\/\/www.campus-berlaymont.be\/p\/wp-json\/wp\/v2\/types\/page"}],"author":[{"embeddable":true,"href":"https:\/\/www.campus-berlaymont.be\/p\/wp-json\/wp\/v2\/users\/1"}],"replies":[{"embeddable":true,"href":"https:\/\/www.campus-berlaymont.be\/p\/wp-json\/wp\/v2\/comments?post=234"}],"version-history":[{"count":4,"href":"https:\/\/www.campus-berlaymont.be\/p\/wp-json\/wp\/v2\/pages\/234\/revisions"}],"predecessor-version":[{"id":2319,"href":"https:\/\/www.campus-berlaymont.be\/p\/wp-json\/wp\/v2\/pages\/234\/revisions\/2319"}],"wp:attachment":[{"href":"https:\/\/www.campus-berlaymont.be\/p\/wp-json\/wp\/v2\/media?parent=234"}],"curies":[{"name":"wp","href":"https:\/\/api.w.org\/{rel}","templated":true}]}}