{"id":31,"date":"2020-09-15T11:25:05","date_gmt":"2020-09-15T09:25:05","guid":{"rendered":"http:\/\/para-berlaymont.be\/?page_id=31"},"modified":"2022-09-02T13:52:03","modified_gmt":"2022-09-02T11:52:03","slug":"art-dramatique","status":"publish","type":"page","link":"https:\/\/www.campus-berlaymont.be\/p\/activites-artistiques\/art-dramatique\/","title":{"rendered":"Art dramatique \/ Th\u00e9\u00e2tre"},"content":{"rendered":"<p>Cet atelier, encadr\u00e9 par Cristina, est avant tout un lieu de divertissement o\u00f9 la notion de plaisir est au centre des pr\u00e9occupations.<\/p>\n<p>Des jeux corporels, des jeux d\u2019improvisation, des exercices vocaux, de la diction, des marionnettes, de petites mises en sc\u00e8ne et un chouette projet de spectacle de fin d\u2019ann\u00e9e constituent une synergie d\u2019activit\u00e9s qui tendent \u00e0 rendre les enfants plus autonomes et plus heureux.<\/p>\n<p>Grandir, c\u2019est oser prendre la parole, \u00e9couter l\u2019autre, aiguiser sa patience, avoir confiance en soi et dans l\u2019autre, perdre sa timidit\u00e9, se ma\u00eetriser, enrichir son vocabulaire, d\u00e9velopper son imagination, faire \u00e9quipe, avoir conscience de son corps et de sa posture, d\u00e9couvrir \u00e0 la fois la notion de rigueur et de plaisir et \u00eatre enthousiaste.<\/p>\n<p>Le tout dans une atmosph\u00e8re d\u00e9contract\u00e9e, respectueuse et tr\u00e8s joyeuse o\u00f9 l\u2019humeur est le moteur principal de notre parascolaire.<\/p>\n<p><strong>(de la 4<sup>e<\/sup> \u00e0 la 6<sup>e<\/sup>)<\/strong><\/p>\n<p>PAF : 165 euros<\/p>\n<p>&nbsp;<\/p>\n\n\t\t<style type=\"text\/css\">\n\t\t\t#gallery-1 {\n\t\t\t\tmargin: auto;\n\t\t\t}\n\t\t\t#gallery-1 .gallery-item {\n\t\t\t\tfloat: left;\n\t\t\t\tmargin-top: 10px;\n\t\t\t\ttext-align: center;\n\t\t\t\twidth: 33%;\n\t\t\t}\n\t\t\t#gallery-1 img {\n\t\t\t\tborder: 2px solid #cfcfcf;\n\t\t\t}\n\t\t\t#gallery-1 .gallery-caption {\n\t\t\t\tmargin-left: 0;\n\t\t\t}\n\t\t\t\/* see gallery_shortcode() in wp-includes\/media.php *\/\n\t\t<\/style>\n\t\t<div id='gallery-1' class='gallery galleryid-31 gallery-columns-3 gallery-size-thumbnail'><dl class='gallery-item'>\n\t\t\t<dt class='gallery-icon landscape'>\n\t\t\t\t<img loading=\"lazy\" decoding=\"async\" width=\"150\" height=\"150\" src=\"https:\/\/www.campus-berlaymont.be\/p\/wp-content\/uploads\/2012\/04\/photos-a-classer-084-150x150.jpg\" class=\"attachment-thumbnail size-thumbnail\" alt=\"\" srcset=\"https:\/\/www.campus-berlaymont.be\/p\/wp-content\/uploads\/2012\/04\/photos-a-classer-084-150x150.jpg 150w, https:\/\/www.campus-berlaymont.be\/p\/wp-content\/uploads\/2012\/04\/photos-a-classer-084-100x100.jpg 100w\" sizes=\"(max-width: 150px) 100vw, 150px\" \/>\n\t\t\t<\/dt><\/dl><dl class='gallery-item'>\n\t\t\t<dt class='gallery-icon landscape'>\n\t\t\t\t<img loading=\"lazy\" decoding=\"async\" width=\"150\" height=\"150\" src=\"https:\/\/www.campus-berlaymont.be\/p\/wp-content\/uploads\/2012\/04\/photos-a-classer-082-150x150.jpg\" class=\"attachment-thumbnail size-thumbnail\" alt=\"\" srcset=\"https:\/\/www.campus-berlaymont.be\/p\/wp-content\/uploads\/2012\/04\/photos-a-classer-082-150x150.jpg 150w, https:\/\/www.campus-berlaymont.be\/p\/wp-content\/uploads\/2012\/04\/photos-a-classer-082-100x100.jpg 100w\" sizes=\"(max-width: 150px) 100vw, 150px\" \/>\n\t\t\t<\/dt><\/dl><dl class='gallery-item'>\n\t\t\t<dt class='gallery-icon landscape'>\n\t\t\t\t<img loading=\"lazy\" decoding=\"async\" width=\"150\" height=\"150\" src=\"https:\/\/www.campus-berlaymont.be\/p\/wp-content\/uploads\/2012\/04\/photos-a-classer-086-150x150.jpg\" class=\"attachment-thumbnail size-thumbnail\" alt=\"\" srcset=\"https:\/\/www.campus-berlaymont.be\/p\/wp-content\/uploads\/2012\/04\/photos-a-classer-086-150x150.jpg 150w, https:\/\/www.campus-berlaymont.be\/p\/wp-content\/uploads\/2012\/04\/photos-a-classer-086-100x100.jpg 100w\" sizes=\"(max-width: 150px) 100vw, 150px\" \/>\n\t\t\t<\/dt><\/dl><br style=\"clear: both\" \/>\n\t\t<\/div>\n\n","protected":false},"excerpt":{"rendered":"<p>Cet atelier, encadr\u00e9 par Cristina, est avant tout un lieu de divertissement o\u00f9 la notion de plaisir est au centre des pr\u00e9occupations. Des jeux corporels, des jeux d\u2019improvisation, des exercices vocaux, de la diction, des marionnettes, de petites mises en sc\u00e8ne et un chouette projet de spectacle de fin d\u2019ann\u00e9e [&hellip;]<\/p>\n","protected":false},"author":1,"featured_media":0,"parent":29,"menu_order":0,"comment_status":"closed","ping_status":"closed","template":"","meta":{"footnotes":""},"class_list":["post-31","page","type-page","status-publish","hentry"],"_links":{"self":[{"href":"https:\/\/www.campus-berlaymont.be\/p\/wp-json\/wp\/v2\/pages\/31"}],"collection":[{"href":"https:\/\/www.campus-berlaymont.be\/p\/wp-json\/wp\/v2\/pages"}],"about":[{"href":"https:\/\/www.campus-berlaymont.be\/p\/wp-json\/wp\/v2\/types\/page"}],"author":[{"embeddable":true,"href":"https:\/\/www.campus-berlaymont.be\/p\/wp-json\/wp\/v2\/users\/1"}],"replies":[{"embeddable":true,"href":"https:\/\/www.campus-berlaymont.be\/p\/wp-json\/wp\/v2\/comments?post=31"}],"version-history":[{"count":6,"href":"https:\/\/www.campus-berlaymont.be\/p\/wp-json\/wp\/v2\/pages\/31\/revisions"}],"predecessor-version":[{"id":2181,"href":"https:\/\/www.campus-berlaymont.be\/p\/wp-json\/wp\/v2\/pages\/31\/revisions\/2181"}],"up":[{"embeddable":true,"href":"https:\/\/www.campus-berlaymont.be\/p\/wp-json\/wp\/v2\/pages\/29"}],"wp:attachment":[{"href":"https:\/\/www.campus-berlaymont.be\/p\/wp-json\/wp\/v2\/media?parent=31"}],"curies":[{"name":"wp","href":"https:\/\/api.w.org\/{rel}","templated":true}]}}