{"id":48,"date":"2012-04-29T11:27:13","date_gmt":"2012-04-29T09:27:13","guid":{"rendered":"http:\/\/para-berlaymont.be\/?page_id=48"},"modified":"2022-09-02T13:53:09","modified_gmt":"2022-09-02T11:53:09","slug":"modelage","status":"publish","type":"page","link":"https:\/\/www.campus-berlaymont.be\/p\/activites-artistiques\/modelage\/","title":{"rendered":"Modelage"},"content":{"rendered":"<p>L&rsquo;enfant laisse parler ses mains&#8230; De ses doigts va na\u00eetre la rencontre avec la mati\u00e8re essentielle qui est la terre glaise. La libert\u00e9 d&rsquo;expression permet la cr\u00e9ation d&rsquo;objets, la mat\u00e9rialisation d&rsquo;id\u00e9es r\u00e9elles ou imaginaires.<\/p>\n<p>Elle \u00e9panouit les enfants en leur donnant qui\u00e9tude, assurance en soi sans n\u00e9gliger l&rsquo;approche technique.<\/p>\n<p><strong>(de la 1e \u00e0 la 2e)<\/strong><\/p>\n<p>PAF : 155 euros<\/p>\n\n\t\t<style type=\"text\/css\">\n\t\t\t#gallery-1 {\n\t\t\t\tmargin: auto;\n\t\t\t}\n\t\t\t#gallery-1 .gallery-item {\n\t\t\t\tfloat: left;\n\t\t\t\tmargin-top: 10px;\n\t\t\t\ttext-align: center;\n\t\t\t\twidth: 25%;\n\t\t\t}\n\t\t\t#gallery-1 img {\n\t\t\t\tborder: 2px solid #cfcfcf;\n\t\t\t}\n\t\t\t#gallery-1 .gallery-caption {\n\t\t\t\tmargin-left: 0;\n\t\t\t}\n\t\t\t\/* see gallery_shortcode() in wp-includes\/media.php *\/\n\t\t<\/style>\n\t\t<div id='gallery-1' class='gallery galleryid-48 gallery-columns-4 gallery-size-thumbnail'><dl class='gallery-item'>\n\t\t\t<dt class='gallery-icon landscape'>\n\t\t\t\t<img loading=\"lazy\" decoding=\"async\" width=\"150\" height=\"150\" src=\"https:\/\/www.campus-berlaymont.be\/p\/wp-content\/uploads\/2018\/06\/IMG_1728-150x150.jpg\" class=\"attachment-thumbnail size-thumbnail\" alt=\"\" \/>\n\t\t\t<\/dt><\/dl><dl class='gallery-item'>\n\t\t\t<dt class='gallery-icon portrait'>\n\t\t\t\t<img loading=\"lazy\" decoding=\"async\" width=\"150\" height=\"150\" src=\"https:\/\/www.campus-berlaymont.be\/p\/wp-content\/uploads\/2018\/06\/IMG_1730-e1529398140952-150x150.jpg\" class=\"attachment-thumbnail size-thumbnail\" alt=\"\" \/>\n\t\t\t<\/dt><\/dl><dl class='gallery-item'>\n\t\t\t<dt class='gallery-icon portrait'>\n\t\t\t\t<img loading=\"lazy\" decoding=\"async\" width=\"150\" height=\"150\" src=\"https:\/\/www.campus-berlaymont.be\/p\/wp-content\/uploads\/2018\/06\/IMG_1736-150x150.jpg\" class=\"attachment-thumbnail size-thumbnail\" alt=\"\" \/>\n\t\t\t<\/dt><\/dl><dl class='gallery-item'>\n\t\t\t<dt class='gallery-icon landscape'>\n\t\t\t\t<img loading=\"lazy\" decoding=\"async\" width=\"150\" height=\"150\" src=\"https:\/\/www.campus-berlaymont.be\/p\/wp-content\/uploads\/2018\/06\/IMG_1739-150x150.jpg\" class=\"attachment-thumbnail size-thumbnail\" alt=\"\" \/>\n\t\t\t<\/dt><\/dl><br style=\"clear: both\" \/><dl class='gallery-item'>\n\t\t\t<dt class='gallery-icon portrait'>\n\t\t\t\t<img loading=\"lazy\" decoding=\"async\" width=\"150\" height=\"150\" src=\"https:\/\/www.campus-berlaymont.be\/p\/wp-content\/uploads\/2018\/06\/IMG_1741-150x150.jpg\" class=\"attachment-thumbnail size-thumbnail\" alt=\"\" \/>\n\t\t\t<\/dt><\/dl><dl class='gallery-item'>\n\t\t\t<dt class='gallery-icon portrait'>\n\t\t\t\t<img loading=\"lazy\" decoding=\"async\" width=\"150\" height=\"150\" src=\"https:\/\/www.campus-berlaymont.be\/p\/wp-content\/uploads\/2018\/06\/IMG_1734-e1529398118664-150x150.jpg\" class=\"attachment-thumbnail size-thumbnail\" alt=\"\" \/>\n\t\t\t<\/dt><\/dl><dl class='gallery-item'>\n\t\t\t<dt class='gallery-icon landscape'>\n\t\t\t\t<img loading=\"lazy\" decoding=\"async\" width=\"150\" height=\"150\" src=\"https:\/\/www.campus-berlaymont.be\/p\/wp-content\/uploads\/2018\/06\/IMG_1733-150x150.jpg\" class=\"attachment-thumbnail size-thumbnail\" alt=\"\" \/>\n\t\t\t<\/dt><\/dl><dl class='gallery-item'>\n\t\t\t<dt class='gallery-icon portrait'>\n\t\t\t\t<img loading=\"lazy\" decoding=\"async\" width=\"150\" height=\"150\" src=\"https:\/\/www.campus-berlaymont.be\/p\/wp-content\/uploads\/2018\/06\/IMG_1743-e1529398102109-150x150.jpg\" class=\"attachment-thumbnail size-thumbnail\" alt=\"\" \/>\n\t\t\t<\/dt><\/dl><br style=\"clear: both\" \/>\n\t\t<\/div>\n\n","protected":false},"excerpt":{"rendered":"<p>L&rsquo;enfant laisse parler ses mains&#8230; De ses doigts va na\u00eetre la rencontre avec la mati\u00e8re essentielle qui est la terre glaise. La libert\u00e9 d&rsquo;expression permet la cr\u00e9ation d&rsquo;objets, la mat\u00e9rialisation d&rsquo;id\u00e9es r\u00e9elles ou imaginaires. Elle \u00e9panouit les enfants en leur donnant qui\u00e9tude, assurance en soi sans n\u00e9gliger l&rsquo;approche technique. (de [&hellip;]<\/p>\n","protected":false},"author":1,"featured_media":0,"parent":29,"menu_order":0,"comment_status":"closed","ping_status":"closed","template":"","meta":{"footnotes":""},"class_list":["post-48","page","type-page","status-publish","hentry"],"_links":{"self":[{"href":"https:\/\/www.campus-berlaymont.be\/p\/wp-json\/wp\/v2\/pages\/48"}],"collection":[{"href":"https:\/\/www.campus-berlaymont.be\/p\/wp-json\/wp\/v2\/pages"}],"about":[{"href":"https:\/\/www.campus-berlaymont.be\/p\/wp-json\/wp\/v2\/types\/page"}],"author":[{"embeddable":true,"href":"https:\/\/www.campus-berlaymont.be\/p\/wp-json\/wp\/v2\/users\/1"}],"replies":[{"embeddable":true,"href":"https:\/\/www.campus-berlaymont.be\/p\/wp-json\/wp\/v2\/comments?post=48"}],"version-history":[{"count":5,"href":"https:\/\/www.campus-berlaymont.be\/p\/wp-json\/wp\/v2\/pages\/48\/revisions"}],"predecessor-version":[{"id":2183,"href":"https:\/\/www.campus-berlaymont.be\/p\/wp-json\/wp\/v2\/pages\/48\/revisions\/2183"}],"up":[{"embeddable":true,"href":"https:\/\/www.campus-berlaymont.be\/p\/wp-json\/wp\/v2\/pages\/29"}],"wp:attachment":[{"href":"https:\/\/www.campus-berlaymont.be\/p\/wp-json\/wp\/v2\/media?parent=48"}],"curies":[{"name":"wp","href":"https:\/\/api.w.org\/{rel}","templated":true}]}}