{"id":51,"date":"2012-04-29T11:27:34","date_gmt":"2012-04-29T09:27:34","guid":{"rendered":"http:\/\/para-berlaymont.be\/?page_id=51"},"modified":"2022-09-02T13:53:36","modified_gmt":"2022-09-02T11:53:36","slug":"peinture","status":"publish","type":"page","link":"https:\/\/www.campus-berlaymont.be\/p\/activites-artistiques\/peinture\/","title":{"rendered":"Peinture"},"content":{"rendered":"<p style=\"text-align: justify;\">D\u00e9velopper l&rsquo;expression picturale, c&rsquo;est une d\u00e9marche personnelle o\u00f9 chacun d\u00e9couvre ses propres qualit\u00e9s plastiques.<\/p>\n<p style=\"text-align: justify;\">L&rsquo;enfant dit et se dit par l&rsquo;observation d&rsquo;\u00e9l\u00e9ments de la r\u00e9alit\u00e9 int\u00e9rieure (prise de conscience de sa diff\u00e9rence).<\/p>\n<p style=\"text-align: justify;\">Utiliser les pinceaux et d\u00e9couvrir la couleur sont au service de l&rsquo;imagination.<\/p>\n<p style=\"text-align: justify;\">Les travaux libres alternent avec les travaux impos\u00e9s.<\/p>\n<p style=\"text-align: justify;\"><strong>(De la 1e \u00e0 la 6e)<\/strong><\/p>\n<p>PAF : 155 euros<\/p>\n\n\t\t<style type=\"text\/css\">\n\t\t\t#gallery-1 {\n\t\t\t\tmargin: auto;\n\t\t\t}\n\t\t\t#gallery-1 .gallery-item {\n\t\t\t\tfloat: left;\n\t\t\t\tmargin-top: 10px;\n\t\t\t\ttext-align: center;\n\t\t\t\twidth: 50%;\n\t\t\t}\n\t\t\t#gallery-1 img {\n\t\t\t\tborder: 2px solid #cfcfcf;\n\t\t\t}\n\t\t\t#gallery-1 .gallery-caption {\n\t\t\t\tmargin-left: 0;\n\t\t\t}\n\t\t\t\/* see gallery_shortcode() in wp-includes\/media.php *\/\n\t\t<\/style>\n\t\t<div id='gallery-1' class='gallery galleryid-51 gallery-columns-2 gallery-size-thumbnail'><dl class='gallery-item'>\n\t\t\t<dt class='gallery-icon landscape'>\n\t\t\t\t<img loading=\"lazy\" decoding=\"async\" width=\"150\" height=\"150\" src=\"https:\/\/www.campus-berlaymont.be\/p\/wp-content\/uploads\/2012\/04\/pict5071-peinture-150x150.jpg\" class=\"attachment-thumbnail size-thumbnail\" alt=\"\" srcset=\"https:\/\/www.campus-berlaymont.be\/p\/wp-content\/uploads\/2012\/04\/pict5071-peinture-150x150.jpg 150w, https:\/\/www.campus-berlaymont.be\/p\/wp-content\/uploads\/2012\/04\/pict5071-peinture-100x100.jpg 100w\" sizes=\"(max-width: 150px) 100vw, 150px\" \/>\n\t\t\t<\/dt><\/dl><dl class='gallery-item'>\n\t\t\t<dt class='gallery-icon landscape'>\n\t\t\t\t<img loading=\"lazy\" decoding=\"async\" width=\"150\" height=\"150\" src=\"https:\/\/www.campus-berlaymont.be\/p\/wp-content\/uploads\/2012\/04\/pict5474-peinture-150x150.jpg\" class=\"attachment-thumbnail size-thumbnail\" alt=\"\" srcset=\"https:\/\/www.campus-berlaymont.be\/p\/wp-content\/uploads\/2012\/04\/pict5474-peinture-150x150.jpg 150w, https:\/\/www.campus-berlaymont.be\/p\/wp-content\/uploads\/2012\/04\/pict5474-peinture-100x100.jpg 100w\" sizes=\"(max-width: 150px) 100vw, 150px\" \/>\n\t\t\t<\/dt><\/dl><br style=\"clear: both\" \/>\n\t\t<\/div>\n\n","protected":false},"excerpt":{"rendered":"<p>D\u00e9velopper l&rsquo;expression picturale, c&rsquo;est une d\u00e9marche personnelle o\u00f9 chacun d\u00e9couvre ses propres qualit\u00e9s plastiques. L&rsquo;enfant dit et se dit par l&rsquo;observation d&rsquo;\u00e9l\u00e9ments de la r\u00e9alit\u00e9 int\u00e9rieure (prise de conscience de sa diff\u00e9rence). Utiliser les pinceaux et d\u00e9couvrir la couleur sont au service de l&rsquo;imagination. Les travaux libres alternent avec les [&hellip;]<\/p>\n","protected":false},"author":1,"featured_media":0,"parent":29,"menu_order":0,"comment_status":"closed","ping_status":"open","template":"","meta":{"footnotes":""},"class_list":["post-51","page","type-page","status-publish","hentry"],"_links":{"self":[{"href":"https:\/\/www.campus-berlaymont.be\/p\/wp-json\/wp\/v2\/pages\/51"}],"collection":[{"href":"https:\/\/www.campus-berlaymont.be\/p\/wp-json\/wp\/v2\/pages"}],"about":[{"href":"https:\/\/www.campus-berlaymont.be\/p\/wp-json\/wp\/v2\/types\/page"}],"author":[{"embeddable":true,"href":"https:\/\/www.campus-berlaymont.be\/p\/wp-json\/wp\/v2\/users\/1"}],"replies":[{"embeddable":true,"href":"https:\/\/www.campus-berlaymont.be\/p\/wp-json\/wp\/v2\/comments?post=51"}],"version-history":[{"count":2,"href":"https:\/\/www.campus-berlaymont.be\/p\/wp-json\/wp\/v2\/pages\/51\/revisions"}],"predecessor-version":[{"id":2184,"href":"https:\/\/www.campus-berlaymont.be\/p\/wp-json\/wp\/v2\/pages\/51\/revisions\/2184"}],"up":[{"embeddable":true,"href":"https:\/\/www.campus-berlaymont.be\/p\/wp-json\/wp\/v2\/pages\/29"}],"wp:attachment":[{"href":"https:\/\/www.campus-berlaymont.be\/p\/wp-json\/wp\/v2\/media?parent=51"}],"curies":[{"name":"wp","href":"https:\/\/api.w.org\/{rel}","templated":true}]}}