{"id":53,"date":"2012-04-29T11:27:46","date_gmt":"2012-04-29T09:27:46","guid":{"rendered":"http:\/\/para-berlaymont.be\/?page_id=53"},"modified":"2022-09-02T13:54:00","modified_gmt":"2022-09-02T11:54:00","slug":"piano","status":"publish","type":"page","link":"https:\/\/www.campus-berlaymont.be\/p\/activites-artistiques\/piano\/","title":{"rendered":"Piano"},"content":{"rendered":"<p>Jouer du\u00a0piano\u00a0permet de travailler sa m\u00e9moire, et plus largement son intelligence. Apprendre un morceau demande un effort de m\u00e9moire, m\u00e9moire au sens large : la m\u00e9moire du cerveau, mais aussi la m\u00e9moire du corps, des doigts notamment.<\/p>\n<p>Il s\u2019agit d\u2019un cours particulier de 30 min.<\/p>\n<p><strong>(De la 1e \u00e0 la 6e)<\/strong><\/p>\n<p>PAF : 545 euros<\/p>\n<p><img loading=\"lazy\" decoding=\"async\" src=\"https:\/\/www.campus-berlaymont.be\/p\/wp-content\/uploads\/2018\/06\/IMG_1724-e1529394119453-225x300.jpg\" alt=\"\" class=\"alignnone size-medium wp-image-1809\" width=\"225\" height=\"300\" srcset=\"https:\/\/www.campus-berlaymont.be\/p\/wp-content\/uploads\/2018\/06\/IMG_1724-e1529394119453-225x300.jpg 225w, https:\/\/www.campus-berlaymont.be\/p\/wp-content\/uploads\/2018\/06\/IMG_1724-e1529394119453-768x1024.jpg 768w\" sizes=\"(max-width: 225px) 100vw, 225px\" \/> <img loading=\"lazy\" decoding=\"async\" src=\"https:\/\/www.campus-berlaymont.be\/p\/wp-content\/uploads\/2018\/06\/IMG_1726-e1529394098147-225x300.jpg\" alt=\"\" class=\"alignnone size-medium wp-image-1811\" width=\"225\" height=\"300\" srcset=\"https:\/\/www.campus-berlaymont.be\/p\/wp-content\/uploads\/2018\/06\/IMG_1726-e1529394098147-225x300.jpg 225w, https:\/\/www.campus-berlaymont.be\/p\/wp-content\/uploads\/2018\/06\/IMG_1726-e1529394098147-768x1024.jpg 768w\" sizes=\"(max-width: 225px) 100vw, 225px\" \/> <img loading=\"lazy\" decoding=\"async\" src=\"https:\/\/www.campus-berlaymont.be\/p\/wp-content\/uploads\/2018\/06\/IMG_1725-e1529394109978-225x300.jpg\" alt=\"\" class=\"alignnone size-medium wp-image-1810\" width=\"225\" height=\"300\" srcset=\"https:\/\/www.campus-berlaymont.be\/p\/wp-content\/uploads\/2018\/06\/IMG_1725-e1529394109978-225x300.jpg 225w, https:\/\/www.campus-berlaymont.be\/p\/wp-content\/uploads\/2018\/06\/IMG_1725-e1529394109978-768x1024.jpg 768w\" sizes=\"(max-width: 225px) 100vw, 225px\" \/><\/p>\n","protected":false},"excerpt":{"rendered":"<p>Jouer du\u00a0piano\u00a0permet de travailler sa m\u00e9moire, et plus largement son intelligence. Apprendre un morceau demande un effort de m\u00e9moire, m\u00e9moire au sens large : la m\u00e9moire du cerveau, mais aussi la m\u00e9moire du corps, des doigts notamment. Il s\u2019agit d\u2019un cours particulier de 30 min. (De la 1e \u00e0 la [&hellip;]<\/p>\n","protected":false},"author":1,"featured_media":0,"parent":29,"menu_order":0,"comment_status":"closed","ping_status":"open","template":"","meta":{"footnotes":""},"class_list":["post-53","page","type-page","status-publish","hentry"],"_links":{"self":[{"href":"https:\/\/www.campus-berlaymont.be\/p\/wp-json\/wp\/v2\/pages\/53"}],"collection":[{"href":"https:\/\/www.campus-berlaymont.be\/p\/wp-json\/wp\/v2\/pages"}],"about":[{"href":"https:\/\/www.campus-berlaymont.be\/p\/wp-json\/wp\/v2\/types\/page"}],"author":[{"embeddable":true,"href":"https:\/\/www.campus-berlaymont.be\/p\/wp-json\/wp\/v2\/users\/1"}],"replies":[{"embeddable":true,"href":"https:\/\/www.campus-berlaymont.be\/p\/wp-json\/wp\/v2\/comments?post=53"}],"version-history":[{"count":6,"href":"https:\/\/www.campus-berlaymont.be\/p\/wp-json\/wp\/v2\/pages\/53\/revisions"}],"predecessor-version":[{"id":2185,"href":"https:\/\/www.campus-berlaymont.be\/p\/wp-json\/wp\/v2\/pages\/53\/revisions\/2185"}],"up":[{"embeddable":true,"href":"https:\/\/www.campus-berlaymont.be\/p\/wp-json\/wp\/v2\/pages\/29"}],"wp:attachment":[{"href":"https:\/\/www.campus-berlaymont.be\/p\/wp-json\/wp\/v2\/media?parent=53"}],"curies":[{"name":"wp","href":"https:\/\/api.w.org\/{rel}","templated":true}]}}