{"id":59,"date":"2012-04-29T11:28:43","date_gmt":"2012-04-29T09:28:43","guid":{"rendered":"http:\/\/para-berlaymont.be\/?page_id=59"},"modified":"2022-09-02T13:54:51","modified_gmt":"2022-09-02T11:54:51","slug":"escalade","status":"publish","type":"page","link":"https:\/\/www.campus-berlaymont.be\/p\/activites-sportives-sports-et-jeux-pour-filles-et-garcons\/escalade\/","title":{"rendered":"Escalade"},"content":{"rendered":"<p style=\"text-align: justify;\">Cette activit\u00e9 permet le d\u00e9veloppement de qualit\u00e9s physiques et morales essentielles.\u00a0 Les frais comprennent la location du mat\u00e9riel.\u00a0 Le cours se donne dans le Hall des sports du Lyc\u00e9e \u00e9quip\u00e9 d&rsquo;un mur d&rsquo;escalade de 13 voies.<\/p>\n<p style=\"text-align: justify;\"><strong>(de la 4e \u00e0 6e)<\/strong>.<\/p>\n<p>\u00a0PAF : 165 euros<\/p>\n<p>&nbsp;<\/p>\n\n\t\t<style type=\"text\/css\">\n\t\t\t#gallery-1 {\n\t\t\t\tmargin: auto;\n\t\t\t}\n\t\t\t#gallery-1 .gallery-item {\n\t\t\t\tfloat: left;\n\t\t\t\tmargin-top: 10px;\n\t\t\t\ttext-align: center;\n\t\t\t\twidth: 33%;\n\t\t\t}\n\t\t\t#gallery-1 img {\n\t\t\t\tborder: 2px solid #cfcfcf;\n\t\t\t}\n\t\t\t#gallery-1 .gallery-caption {\n\t\t\t\tmargin-left: 0;\n\t\t\t}\n\t\t\t\/* see gallery_shortcode() in wp-includes\/media.php *\/\n\t\t<\/style>\n\t\t<div id='gallery-1' class='gallery galleryid-59 gallery-columns-3 gallery-size-thumbnail'><dl class='gallery-item'>\n\t\t\t<dt class='gallery-icon landscape'>\n\t\t\t\t<a href='https:\/\/www.campus-berlaymont.be\/p\/activites-sportives-sports-et-jeux-pour-filles-et-garcons\/escalade\/1-img_4073\/'><img loading=\"lazy\" decoding=\"async\" width=\"150\" height=\"150\" src=\"https:\/\/www.campus-berlaymont.be\/p\/wp-content\/uploads\/2012\/04\/1-IMG_4073-150x150.jpg\" class=\"attachment-thumbnail size-thumbnail\" alt=\"\" srcset=\"https:\/\/www.campus-berlaymont.be\/p\/wp-content\/uploads\/2012\/04\/1-IMG_4073-150x150.jpg 150w, https:\/\/www.campus-berlaymont.be\/p\/wp-content\/uploads\/2012\/04\/1-IMG_4073-100x100.jpg 100w\" sizes=\"(max-width: 150px) 100vw, 150px\" \/><\/a>\n\t\t\t<\/dt><\/dl><dl class='gallery-item'>\n\t\t\t<dt class='gallery-icon landscape'>\n\t\t\t\t<a href='https:\/\/www.campus-berlaymont.be\/p\/activites-sportives-sports-et-jeux-pour-filles-et-garcons\/escalade\/2-img_4074\/'><img loading=\"lazy\" decoding=\"async\" width=\"150\" height=\"150\" src=\"https:\/\/www.campus-berlaymont.be\/p\/wp-content\/uploads\/2012\/04\/2-IMG_4074-150x150.jpg\" class=\"attachment-thumbnail size-thumbnail\" alt=\"\" srcset=\"https:\/\/www.campus-berlaymont.be\/p\/wp-content\/uploads\/2012\/04\/2-IMG_4074-150x150.jpg 150w, https:\/\/www.campus-berlaymont.be\/p\/wp-content\/uploads\/2012\/04\/2-IMG_4074-100x100.jpg 100w\" sizes=\"(max-width: 150px) 100vw, 150px\" \/><\/a>\n\t\t\t<\/dt><\/dl><dl class='gallery-item'>\n\t\t\t<dt class='gallery-icon portrait'>\n\t\t\t\t<a href='https:\/\/www.campus-berlaymont.be\/p\/activites-sportives-sports-et-jeux-pour-filles-et-garcons\/escalade\/3-img_4075\/'><img loading=\"lazy\" decoding=\"async\" width=\"150\" height=\"150\" src=\"https:\/\/www.campus-berlaymont.be\/p\/wp-content\/uploads\/2012\/04\/3-IMG_4075-150x150.jpg\" class=\"attachment-thumbnail size-thumbnail\" alt=\"\" srcset=\"https:\/\/www.campus-berlaymont.be\/p\/wp-content\/uploads\/2012\/04\/3-IMG_4075-150x150.jpg 150w, https:\/\/www.campus-berlaymont.be\/p\/wp-content\/uploads\/2012\/04\/3-IMG_4075-100x100.jpg 100w\" sizes=\"(max-width: 150px) 100vw, 150px\" \/><\/a>\n\t\t\t<\/dt><\/dl><br style=\"clear: both\" \/><dl class='gallery-item'>\n\t\t\t<dt class='gallery-icon portrait'>\n\t\t\t\t<a href='https:\/\/www.campus-berlaymont.be\/p\/activites-sportives-sports-et-jeux-pour-filles-et-garcons\/escalade\/4-img_4076\/'><img loading=\"lazy\" decoding=\"async\" width=\"150\" height=\"150\" src=\"https:\/\/www.campus-berlaymont.be\/p\/wp-content\/uploads\/2012\/04\/4-IMG_4076-150x150.jpg\" class=\"attachment-thumbnail size-thumbnail\" alt=\"\" srcset=\"https:\/\/www.campus-berlaymont.be\/p\/wp-content\/uploads\/2012\/04\/4-IMG_4076-150x150.jpg 150w, https:\/\/www.campus-berlaymont.be\/p\/wp-content\/uploads\/2012\/04\/4-IMG_4076-100x100.jpg 100w\" sizes=\"(max-width: 150px) 100vw, 150px\" \/><\/a>\n\t\t\t<\/dt><\/dl><dl class='gallery-item'>\n\t\t\t<dt class='gallery-icon portrait'>\n\t\t\t\t<a href='https:\/\/www.campus-berlaymont.be\/p\/activites-sportives-sports-et-jeux-pour-filles-et-garcons\/escalade\/5-img_4077\/'><img loading=\"lazy\" decoding=\"async\" width=\"150\" height=\"150\" src=\"https:\/\/www.campus-berlaymont.be\/p\/wp-content\/uploads\/2012\/04\/5-IMG_4077-150x150.jpg\" class=\"attachment-thumbnail size-thumbnail\" alt=\"\" srcset=\"https:\/\/www.campus-berlaymont.be\/p\/wp-content\/uploads\/2012\/04\/5-IMG_4077-150x150.jpg 150w, https:\/\/www.campus-berlaymont.be\/p\/wp-content\/uploads\/2012\/04\/5-IMG_4077-100x100.jpg 100w\" sizes=\"(max-width: 150px) 100vw, 150px\" \/><\/a>\n\t\t\t<\/dt><\/dl><dl class='gallery-item'>\n\t\t\t<dt class='gallery-icon portrait'>\n\t\t\t\t<a href='https:\/\/www.campus-berlaymont.be\/p\/activites-sportives-sports-et-jeux-pour-filles-et-garcons\/escalade\/6-img_4078\/'><img loading=\"lazy\" decoding=\"async\" width=\"150\" height=\"150\" src=\"https:\/\/www.campus-berlaymont.be\/p\/wp-content\/uploads\/2012\/04\/6-IMG_4078-150x150.jpg\" class=\"attachment-thumbnail size-thumbnail\" alt=\"\" srcset=\"https:\/\/www.campus-berlaymont.be\/p\/wp-content\/uploads\/2012\/04\/6-IMG_4078-150x150.jpg 150w, https:\/\/www.campus-berlaymont.be\/p\/wp-content\/uploads\/2012\/04\/6-IMG_4078-100x100.jpg 100w\" sizes=\"(max-width: 150px) 100vw, 150px\" \/><\/a>\n\t\t\t<\/dt><\/dl><br style=\"clear: both\" \/>\n\t\t<\/div>\n\n","protected":false},"excerpt":{"rendered":"<p>Cette activit\u00e9 permet le d\u00e9veloppement de qualit\u00e9s physiques et morales essentielles.\u00a0 Les frais comprennent la location du mat\u00e9riel.\u00a0 Le cours se donne dans le Hall des sports du Lyc\u00e9e \u00e9quip\u00e9 d&rsquo;un mur d&rsquo;escalade de 13 voies. (de la 4e \u00e0 6e). \u00a0PAF : 165 euros &nbsp;<\/p>\n","protected":false},"author":1,"featured_media":0,"parent":55,"menu_order":0,"comment_status":"closed","ping_status":"open","template":"","meta":{"footnotes":""},"class_list":["post-59","page","type-page","status-publish","hentry"],"_links":{"self":[{"href":"https:\/\/www.campus-berlaymont.be\/p\/wp-json\/wp\/v2\/pages\/59"}],"collection":[{"href":"https:\/\/www.campus-berlaymont.be\/p\/wp-json\/wp\/v2\/pages"}],"about":[{"href":"https:\/\/www.campus-berlaymont.be\/p\/wp-json\/wp\/v2\/types\/page"}],"author":[{"embeddable":true,"href":"https:\/\/www.campus-berlaymont.be\/p\/wp-json\/wp\/v2\/users\/1"}],"replies":[{"embeddable":true,"href":"https:\/\/www.campus-berlaymont.be\/p\/wp-json\/wp\/v2\/comments?post=59"}],"version-history":[{"count":4,"href":"https:\/\/www.campus-berlaymont.be\/p\/wp-json\/wp\/v2\/pages\/59\/revisions"}],"predecessor-version":[{"id":2187,"href":"https:\/\/www.campus-berlaymont.be\/p\/wp-json\/wp\/v2\/pages\/59\/revisions\/2187"}],"up":[{"embeddable":true,"href":"https:\/\/www.campus-berlaymont.be\/p\/wp-json\/wp\/v2\/pages\/55"}],"wp:attachment":[{"href":"https:\/\/www.campus-berlaymont.be\/p\/wp-json\/wp\/v2\/media?parent=59"}],"curies":[{"name":"wp","href":"https:\/\/api.w.org\/{rel}","templated":true}]}}