{"id":63,"date":"2012-04-29T11:29:12","date_gmt":"2012-04-29T09:29:12","guid":{"rendered":"http:\/\/para-berlaymont.be\/?page_id=63"},"modified":"2022-09-02T13:55:37","modified_gmt":"2022-09-02T11:55:37","slug":"gymnastique-sportive","status":"publish","type":"page","link":"https:\/\/www.campus-berlaymont.be\/p\/activites-sportives-sports-et-jeux-pour-filles-et-garcons\/gymnastique-sportive\/","title":{"rendered":"Gymnastique sportive"},"content":{"rendered":"<p style=\"text-align: justify;\">Faire aimer la gymnastique sportive, d\u00e9couvrir et vivre le plaisir, la joie dans le mouvement. Cette activit\u00e9 d\u00e9veloppe\u00a0:<\/p>\n<ul style=\"text-align: justify;\">\n<li>la coordination dynamique g\u00e9n\u00e9rale sur le plan psychomoteur;<\/li>\n<li>la perception de soi dans l&rsquo;espace et dans le temps;<\/li>\n<li>le travail des facteurs d&rsquo;ex\u00e9cution\u00a0: endurance, force musculaire, souplesse, vitesse;<\/li>\n<li>le vocabulaire sp\u00e9cifique du corps en mouvement sur les plans corporel et psychologique.<\/li>\n<\/ul>\n<p style=\"text-align: justify;\"><strong>\u00a0 (Cours mixte de la 4e \u00e0 la 6e)<\/strong><\/p>\n<p>PAF : 155 euros<\/p>\n\n\t\t<style type=\"text\/css\">\n\t\t\t#gallery-1 {\n\t\t\t\tmargin: auto;\n\t\t\t}\n\t\t\t#gallery-1 .gallery-item {\n\t\t\t\tfloat: left;\n\t\t\t\tmargin-top: 10px;\n\t\t\t\ttext-align: center;\n\t\t\t\twidth: 25%;\n\t\t\t}\n\t\t\t#gallery-1 img {\n\t\t\t\tborder: 2px solid #cfcfcf;\n\t\t\t}\n\t\t\t#gallery-1 .gallery-caption {\n\t\t\t\tmargin-left: 0;\n\t\t\t}\n\t\t\t\/* see gallery_shortcode() in wp-includes\/media.php *\/\n\t\t<\/style>\n\t\t<div id='gallery-1' class='gallery galleryid-63 gallery-columns-4 gallery-size-thumbnail'><dl class='gallery-item'>\n\t\t\t<dt class='gallery-icon landscape'>\n\t\t\t\t<a href='https:\/\/www.campus-berlaymont.be\/p\/activites-sportives-sports-et-jeux-pour-filles-et-garcons\/gymnastique-sportive\/img_1753\/'><img loading=\"lazy\" decoding=\"async\" width=\"150\" height=\"150\" src=\"https:\/\/www.campus-berlaymont.be\/p\/wp-content\/uploads\/2018\/06\/IMG_1753-150x150.jpg\" class=\"attachment-thumbnail size-thumbnail\" alt=\"\" \/><\/a>\n\t\t\t<\/dt><\/dl><dl class='gallery-item'>\n\t\t\t<dt class='gallery-icon portrait'>\n\t\t\t\t<a href='https:\/\/www.campus-berlaymont.be\/p\/activites-sportives-sports-et-jeux-pour-filles-et-garcons\/gymnastique-sportive\/photo-2018-06-11-14-30-20_2\/'><img loading=\"lazy\" decoding=\"async\" width=\"150\" height=\"150\" src=\"https:\/\/www.campus-berlaymont.be\/p\/wp-content\/uploads\/2018\/06\/PHOTO-2018-06-11-14-30-20_2-150x150.jpg\" class=\"attachment-thumbnail size-thumbnail\" alt=\"\" \/><\/a>\n\t\t\t<\/dt><\/dl><dl class='gallery-item'>\n\t\t\t<dt class='gallery-icon landscape'>\n\t\t\t\t<a href='https:\/\/www.campus-berlaymont.be\/p\/activites-sportives-sports-et-jeux-pour-filles-et-garcons\/gymnastique-sportive\/photo-2018-06-11-14-30-21\/'><img loading=\"lazy\" decoding=\"async\" width=\"150\" height=\"150\" src=\"https:\/\/www.campus-berlaymont.be\/p\/wp-content\/uploads\/2018\/06\/PHOTO-2018-06-11-14-30-21-150x150.jpg\" class=\"attachment-thumbnail size-thumbnail\" alt=\"\" \/><\/a>\n\t\t\t<\/dt><\/dl><dl class='gallery-item'>\n\t\t\t<dt class='gallery-icon landscape'>\n\t\t\t\t<a href='https:\/\/www.campus-berlaymont.be\/p\/activites-sportives-sports-et-jeux-pour-filles-et-garcons\/gymnastique-sportive\/photo-2018-06-11-14-30-21_2\/'><img loading=\"lazy\" decoding=\"async\" width=\"150\" height=\"150\" src=\"https:\/\/www.campus-berlaymont.be\/p\/wp-content\/uploads\/2018\/06\/PHOTO-2018-06-11-14-30-21_2-150x150.jpg\" class=\"attachment-thumbnail size-thumbnail\" alt=\"\" \/><\/a>\n\t\t\t<\/dt><\/dl><br style=\"clear: both\" \/><dl class='gallery-item'>\n\t\t\t<dt class='gallery-icon portrait'>\n\t\t\t\t<a href='https:\/\/www.campus-berlaymont.be\/p\/activites-sportives-sports-et-jeux-pour-filles-et-garcons\/gymnastique-sportive\/photo-2018-06-11-14-30-22_1\/'><img loading=\"lazy\" decoding=\"async\" width=\"150\" height=\"150\" src=\"https:\/\/www.campus-berlaymont.be\/p\/wp-content\/uploads\/2018\/06\/PHOTO-2018-06-11-14-30-22_1-150x150.jpg\" class=\"attachment-thumbnail size-thumbnail\" alt=\"\" \/><\/a>\n\t\t\t<\/dt><\/dl><dl class='gallery-item'>\n\t\t\t<dt class='gallery-icon portrait'>\n\t\t\t\t<a href='https:\/\/www.campus-berlaymont.be\/p\/activites-sportives-sports-et-jeux-pour-filles-et-garcons\/gymnastique-sportive\/photo-2018-06-11-14-30-22_3\/'><img loading=\"lazy\" decoding=\"async\" width=\"150\" height=\"150\" src=\"https:\/\/www.campus-berlaymont.be\/p\/wp-content\/uploads\/2018\/06\/PHOTO-2018-06-11-14-30-22_3-150x150.jpg\" class=\"attachment-thumbnail size-thumbnail\" alt=\"\" \/><\/a>\n\t\t\t<\/dt><\/dl><dl class='gallery-item'>\n\t\t\t<dt class='gallery-icon landscape'>\n\t\t\t\t<a href='https:\/\/www.campus-berlaymont.be\/p\/activites-sportives-sports-et-jeux-pour-filles-et-garcons\/gymnastique-sportive\/photo-2018-06-11-14-30-22_4\/'><img loading=\"lazy\" decoding=\"async\" width=\"150\" height=\"150\" src=\"https:\/\/www.campus-berlaymont.be\/p\/wp-content\/uploads\/2018\/06\/PHOTO-2018-06-11-14-30-22_4-150x150.jpg\" class=\"attachment-thumbnail size-thumbnail\" alt=\"\" \/><\/a>\n\t\t\t<\/dt><\/dl><dl class='gallery-item'>\n\t\t\t<dt class='gallery-icon portrait'>\n\t\t\t\t<a href='https:\/\/www.campus-berlaymont.be\/p\/activites-sportives-sports-et-jeux-pour-filles-et-garcons\/gymnastique-sportive\/img_1752-2\/'><img loading=\"lazy\" decoding=\"async\" width=\"150\" height=\"150\" src=\"https:\/\/www.campus-berlaymont.be\/p\/wp-content\/uploads\/2018\/06\/IMG_1752-1-e1530189031769-150x150.jpg\" class=\"attachment-thumbnail size-thumbnail\" alt=\"\" \/><\/a>\n\t\t\t<\/dt><\/dl><br style=\"clear: both\" \/>\n\t\t<\/div>\n\n","protected":false},"excerpt":{"rendered":"<p>Faire aimer la gymnastique sportive, d\u00e9couvrir et vivre le plaisir, la joie dans le mouvement. Cette activit\u00e9 d\u00e9veloppe\u00a0: la coordination dynamique g\u00e9n\u00e9rale sur le plan psychomoteur; la perception de soi dans l&rsquo;espace et dans le temps; le travail des facteurs d&rsquo;ex\u00e9cution\u00a0: endurance, force musculaire, souplesse, vitesse; le vocabulaire sp\u00e9cifique du [&hellip;]<\/p>\n","protected":false},"author":1,"featured_media":0,"parent":55,"menu_order":0,"comment_status":"closed","ping_status":"open","template":"","meta":{"footnotes":""},"class_list":["post-63","page","type-page","status-publish","hentry"],"_links":{"self":[{"href":"https:\/\/www.campus-berlaymont.be\/p\/wp-json\/wp\/v2\/pages\/63"}],"collection":[{"href":"https:\/\/www.campus-berlaymont.be\/p\/wp-json\/wp\/v2\/pages"}],"about":[{"href":"https:\/\/www.campus-berlaymont.be\/p\/wp-json\/wp\/v2\/types\/page"}],"author":[{"embeddable":true,"href":"https:\/\/www.campus-berlaymont.be\/p\/wp-json\/wp\/v2\/users\/1"}],"replies":[{"embeddable":true,"href":"https:\/\/www.campus-berlaymont.be\/p\/wp-json\/wp\/v2\/comments?post=63"}],"version-history":[{"count":6,"href":"https:\/\/www.campus-berlaymont.be\/p\/wp-json\/wp\/v2\/pages\/63\/revisions"}],"predecessor-version":[{"id":2189,"href":"https:\/\/www.campus-berlaymont.be\/p\/wp-json\/wp\/v2\/pages\/63\/revisions\/2189"}],"up":[{"embeddable":true,"href":"https:\/\/www.campus-berlaymont.be\/p\/wp-json\/wp\/v2\/pages\/55"}],"wp:attachment":[{"href":"https:\/\/www.campus-berlaymont.be\/p\/wp-json\/wp\/v2\/media?parent=63"}],"curies":[{"name":"wp","href":"https:\/\/api.w.org\/{rel}","templated":true}]}}