{"id":71,"date":"2012-04-29T11:30:04","date_gmt":"2012-04-29T09:30:04","guid":{"rendered":"http:\/\/para-berlaymont.be\/?page_id=71"},"modified":"2022-09-02T13:56:42","modified_gmt":"2022-09-02T11:56:42","slug":"judo","status":"publish","type":"page","link":"https:\/\/www.campus-berlaymont.be\/p\/activites-sportives-sports-et-jeux-pour-filles-et-garcons\/judo\/","title":{"rendered":"Judo"},"content":{"rendered":"<p style=\"text-align: justify;\">Sport qui \u00e9quilibre, d\u00e9tend, \u00e9duque et permet de se d\u00e9fendre.<\/p>\n<p style=\"text-align: justify;\">Le professeur de judo fournit les \u00e9quipements sur commande lors de la premi\u00e8re s\u00e9ance.<\/p>\n<p style=\"text-align: justify;\"><strong>(de la 3e \u00e0 la 6e)<\/strong><\/p>\n<p style=\"text-align: justify;\">PAF : 155 euros<\/p>\n\n\t\t<style type=\"text\/css\">\n\t\t\t#gallery-1 {\n\t\t\t\tmargin: auto;\n\t\t\t}\n\t\t\t#gallery-1 .gallery-item {\n\t\t\t\tfloat: left;\n\t\t\t\tmargin-top: 10px;\n\t\t\t\ttext-align: center;\n\t\t\t\twidth: 100%;\n\t\t\t}\n\t\t\t#gallery-1 img {\n\t\t\t\tborder: 2px solid #cfcfcf;\n\t\t\t}\n\t\t\t#gallery-1 .gallery-caption {\n\t\t\t\tmargin-left: 0;\n\t\t\t}\n\t\t\t\/* see gallery_shortcode() in wp-includes\/media.php *\/\n\t\t<\/style>\n\t\t<div id='gallery-1' class='gallery galleryid-71 gallery-columns-1 gallery-size-medium'><dl class='gallery-item'>\n\t\t\t<dt class='gallery-icon landscape'>\n\t\t\t\t<a href='https:\/\/www.campus-berlaymont.be\/p\/activites-sportives-sports-et-jeux-pour-filles-et-garcons\/judo\/ph1-4\/'><img loading=\"lazy\" decoding=\"async\" width=\"300\" height=\"225\" src=\"https:\/\/www.campus-berlaymont.be\/p\/wp-content\/uploads\/2020\/09\/PH1-3-300x225.jpg\" class=\"attachment-medium size-medium\" alt=\"\" srcset=\"https:\/\/www.campus-berlaymont.be\/p\/wp-content\/uploads\/2020\/09\/PH1-3-300x225.jpg 300w, https:\/\/www.campus-berlaymont.be\/p\/wp-content\/uploads\/2020\/09\/PH1-3-1024x768.jpg 1024w, https:\/\/www.campus-berlaymont.be\/p\/wp-content\/uploads\/2020\/09\/PH1-3-768x576.jpg 768w, https:\/\/www.campus-berlaymont.be\/p\/wp-content\/uploads\/2020\/09\/PH1-3-1536x1152.jpg 1536w, https:\/\/www.campus-berlaymont.be\/p\/wp-content\/uploads\/2020\/09\/PH1-3-2048x1536.jpg 2048w\" sizes=\"(max-width: 300px) 100vw, 300px\" \/><\/a>\n\t\t\t<\/dt><\/dl><br style=\"clear: both\" \/>\n\t\t<\/div>\n\n<p><img loading=\"lazy\" decoding=\"async\" class=\"aligncenter wp-image-148 size-full\" title=\"pict5092-judo\" src=\"http:\/\/para-berlaymont.be\/wp-content\/uploads\/2012\/04\/pict5092-judo.jpg\" alt=\"\" width=\"289\" height=\"216\" \/><\/p>\n","protected":false},"excerpt":{"rendered":"<p>Sport qui \u00e9quilibre, d\u00e9tend, \u00e9duque et permet de se d\u00e9fendre. Le professeur de judo fournit les \u00e9quipements sur commande lors de la premi\u00e8re s\u00e9ance. (de la 3e \u00e0 la 6e) PAF : 155 euros<\/p>\n","protected":false},"author":1,"featured_media":0,"parent":55,"menu_order":0,"comment_status":"closed","ping_status":"open","template":"","meta":{"footnotes":""},"class_list":["post-71","page","type-page","status-publish","hentry"],"_links":{"self":[{"href":"https:\/\/www.campus-berlaymont.be\/p\/wp-json\/wp\/v2\/pages\/71"}],"collection":[{"href":"https:\/\/www.campus-berlaymont.be\/p\/wp-json\/wp\/v2\/pages"}],"about":[{"href":"https:\/\/www.campus-berlaymont.be\/p\/wp-json\/wp\/v2\/types\/page"}],"author":[{"embeddable":true,"href":"https:\/\/www.campus-berlaymont.be\/p\/wp-json\/wp\/v2\/users\/1"}],"replies":[{"embeddable":true,"href":"https:\/\/www.campus-berlaymont.be\/p\/wp-json\/wp\/v2\/comments?post=71"}],"version-history":[{"count":6,"href":"https:\/\/www.campus-berlaymont.be\/p\/wp-json\/wp\/v2\/pages\/71\/revisions"}],"predecessor-version":[{"id":2191,"href":"https:\/\/www.campus-berlaymont.be\/p\/wp-json\/wp\/v2\/pages\/71\/revisions\/2191"}],"up":[{"embeddable":true,"href":"https:\/\/www.campus-berlaymont.be\/p\/wp-json\/wp\/v2\/pages\/55"}],"wp:attachment":[{"href":"https:\/\/www.campus-berlaymont.be\/p\/wp-json\/wp\/v2\/media?parent=71"}],"curies":[{"name":"wp","href":"https:\/\/api.w.org\/{rel}","templated":true}]}}