{"id":75,"date":"2012-04-29T11:30:35","date_gmt":"2012-04-29T09:30:35","guid":{"rendered":"http:\/\/para-berlaymont.be\/?page_id=75"},"modified":"2022-09-02T13:56:59","modified_gmt":"2022-09-02T11:56:59","slug":"sports-et-jeux-pour-filles-et-garcons","status":"publish","type":"page","link":"https:\/\/www.campus-berlaymont.be\/p\/activites-sportives-sports-et-jeux-pour-filles-et-garcons\/sports-et-jeux-pour-filles-et-garcons\/","title":{"rendered":"Sports et jeux pour filles et gar\u00e7ons"},"content":{"rendered":"<p style=\"text-align: justify;\">Initier les enfants \u00e0 diff\u00e9rents sports collectifs tout en les aidant \u00e0 acqu\u00e9rir un esprit d&rsquo;\u00e9quipe, \u00e0 d\u00e9velopper la condition physique, la motricit\u00e9, la coordination des mouvements ainsi qu&rsquo;\u00e0 faire l&rsquo;apprentissage du respect des r\u00e8gles de jeux.<\/p>\n<p style=\"text-align: justify;\">Sugg\u00e9rer des exercices de d\u00e9foulement physique afin<strong>\u00a0<\/strong>que l&rsquo;enfant puisse lib\u00e9rer son \u00e9nergie, retrouver son calme et une certaine s\u00e9r\u00e9nit\u00e9.<br \/>\nDiff\u00e9rents types de jeux<strong>\u00a0<\/strong>proposeront la vitesse, le d\u00e9veloppement musculaire, la souplesse, l&rsquo;adresse, la rapidit\u00e9 d&rsquo;ex\u00e9cution, la recherche d&rsquo;\u00e9quilibre.<\/p>\n<p style=\"text-align: justify;\"><strong>(de la 1e \u00e0 la 3e)<\/strong><\/p>\n<p style=\"text-align: justify;\">PAF : 155 euros<\/p>\n\n\t\t<style type=\"text\/css\">\n\t\t\t#gallery-1 {\n\t\t\t\tmargin: auto;\n\t\t\t}\n\t\t\t#gallery-1 .gallery-item {\n\t\t\t\tfloat: left;\n\t\t\t\tmargin-top: 10px;\n\t\t\t\ttext-align: center;\n\t\t\t\twidth: 50%;\n\t\t\t}\n\t\t\t#gallery-1 img {\n\t\t\t\tborder: 2px solid #cfcfcf;\n\t\t\t}\n\t\t\t#gallery-1 .gallery-caption {\n\t\t\t\tmargin-left: 0;\n\t\t\t}\n\t\t\t\/* see gallery_shortcode() in wp-includes\/media.php *\/\n\t\t<\/style>\n\t\t<div id='gallery-1' class='gallery galleryid-75 gallery-columns-2 gallery-size-thumbnail'><dl class='gallery-item'>\n\t\t\t<dt class='gallery-icon landscape'>\n\t\t\t\t<img loading=\"lazy\" decoding=\"async\" width=\"150\" height=\"150\" src=\"https:\/\/www.campus-berlaymont.be\/p\/wp-content\/uploads\/2012\/04\/pict5445-sports-et-jeux-pr-garcons-150x150.jpg\" class=\"attachment-thumbnail size-thumbnail\" alt=\"\" srcset=\"https:\/\/www.campus-berlaymont.be\/p\/wp-content\/uploads\/2012\/04\/pict5445-sports-et-jeux-pr-garcons-150x150.jpg 150w, https:\/\/www.campus-berlaymont.be\/p\/wp-content\/uploads\/2012\/04\/pict5445-sports-et-jeux-pr-garcons-100x100.jpg 100w\" sizes=\"(max-width: 150px) 100vw, 150px\" \/>\n\t\t\t<\/dt><\/dl><dl class='gallery-item'>\n\t\t\t<dt class='gallery-icon landscape'>\n\t\t\t\t<img loading=\"lazy\" decoding=\"async\" width=\"150\" height=\"150\" src=\"https:\/\/www.campus-berlaymont.be\/p\/wp-content\/uploads\/2012\/04\/pict5448-ports-et-jeux-pr-garcons-150x150.jpg\" class=\"attachment-thumbnail size-thumbnail\" alt=\"\" srcset=\"https:\/\/www.campus-berlaymont.be\/p\/wp-content\/uploads\/2012\/04\/pict5448-ports-et-jeux-pr-garcons-150x150.jpg 150w, https:\/\/www.campus-berlaymont.be\/p\/wp-content\/uploads\/2012\/04\/pict5448-ports-et-jeux-pr-garcons-100x100.jpg 100w\" sizes=\"(max-width: 150px) 100vw, 150px\" \/>\n\t\t\t<\/dt><\/dl><br style=\"clear: both\" \/>\n\t\t<\/div>\n\n","protected":false},"excerpt":{"rendered":"<p>Initier les enfants \u00e0 diff\u00e9rents sports collectifs tout en les aidant \u00e0 acqu\u00e9rir un esprit d&rsquo;\u00e9quipe, \u00e0 d\u00e9velopper la condition physique, la motricit\u00e9, la coordination des mouvements ainsi qu&rsquo;\u00e0 faire l&rsquo;apprentissage du respect des r\u00e8gles de jeux. Sugg\u00e9rer des exercices de d\u00e9foulement physique afin\u00a0que l&rsquo;enfant puisse lib\u00e9rer son \u00e9nergie, retrouver [&hellip;]<\/p>\n","protected":false},"author":1,"featured_media":0,"parent":55,"menu_order":0,"comment_status":"closed","ping_status":"open","template":"","meta":{"footnotes":""},"class_list":["post-75","page","type-page","status-publish","hentry"],"_links":{"self":[{"href":"https:\/\/www.campus-berlaymont.be\/p\/wp-json\/wp\/v2\/pages\/75"}],"collection":[{"href":"https:\/\/www.campus-berlaymont.be\/p\/wp-json\/wp\/v2\/pages"}],"about":[{"href":"https:\/\/www.campus-berlaymont.be\/p\/wp-json\/wp\/v2\/types\/page"}],"author":[{"embeddable":true,"href":"https:\/\/www.campus-berlaymont.be\/p\/wp-json\/wp\/v2\/users\/1"}],"replies":[{"embeddable":true,"href":"https:\/\/www.campus-berlaymont.be\/p\/wp-json\/wp\/v2\/comments?post=75"}],"version-history":[{"count":3,"href":"https:\/\/www.campus-berlaymont.be\/p\/wp-json\/wp\/v2\/pages\/75\/revisions"}],"predecessor-version":[{"id":2192,"href":"https:\/\/www.campus-berlaymont.be\/p\/wp-json\/wp\/v2\/pages\/75\/revisions\/2192"}],"up":[{"embeddable":true,"href":"https:\/\/www.campus-berlaymont.be\/p\/wp-json\/wp\/v2\/pages\/55"}],"wp:attachment":[{"href":"https:\/\/www.campus-berlaymont.be\/p\/wp-json\/wp\/v2\/media?parent=75"}],"curies":[{"name":"wp","href":"https:\/\/api.w.org\/{rel}","templated":true}]}}