{"id":77,"date":"2012-04-29T11:30:49","date_gmt":"2012-04-29T09:30:49","guid":{"rendered":"http:\/\/para-berlaymont.be\/?page_id=77"},"modified":"2024-09-16T13:55:55","modified_gmt":"2024-09-16T11:55:55","slug":"tennis-de-table","status":"publish","type":"page","link":"https:\/\/www.campus-berlaymont.be\/p\/activites-sportives-sports-et-jeux-pour-filles-et-garcons\/tennis-de-table\/","title":{"rendered":"Tennis de table"},"content":{"rendered":"<p style=\"text-align: justify;\">Plus connu sous le nom de ping-pong, le tennis de table d\u00e9veloppe les r\u00e9flexes, la force de frappe, la coordination et la perception de l&rsquo;espace.<\/p>\n<p style=\"text-align: justify;\">Le tennis de table peut se jouer en individuel ou en \u00e9quipe. Les joueurs participent \u00e0 une comp\u00e9tition inter-\u00e9coles.<\/p>\n<p style=\"text-align: justify;\"><strong>(de la 4e \u00e0 la 6e)<\/strong><\/p>\n<p>PAF : 165 euros<\/p>\n\n\t\t<style type=\"text\/css\">\n\t\t\t#gallery-1 {\n\t\t\t\tmargin: auto;\n\t\t\t}\n\t\t\t#gallery-1 .gallery-item {\n\t\t\t\tfloat: left;\n\t\t\t\tmargin-top: 10px;\n\t\t\t\ttext-align: center;\n\t\t\t\twidth: 25%;\n\t\t\t}\n\t\t\t#gallery-1 img {\n\t\t\t\tborder: 2px solid #cfcfcf;\n\t\t\t}\n\t\t\t#gallery-1 .gallery-caption {\n\t\t\t\tmargin-left: 0;\n\t\t\t}\n\t\t\t\/* see gallery_shortcode() in wp-includes\/media.php *\/\n\t\t<\/style>\n\t\t<div id='gallery-1' class='gallery galleryid-77 gallery-columns-4 gallery-size-thumbnail'><dl class='gallery-item'>\n\t\t\t<dt class='gallery-icon landscape'>\n\t\t\t\t<img loading=\"lazy\" decoding=\"async\" width=\"150\" height=\"150\" src=\"https:\/\/www.campus-berlaymont.be\/p\/wp-content\/uploads\/2012\/04\/pict5466-tennis-de-table-150x150.jpg\" class=\"attachment-thumbnail size-thumbnail\" alt=\"\" srcset=\"https:\/\/www.campus-berlaymont.be\/p\/wp-content\/uploads\/2012\/04\/pict5466-tennis-de-table-150x150.jpg 150w, https:\/\/www.campus-berlaymont.be\/p\/wp-content\/uploads\/2012\/04\/pict5466-tennis-de-table-100x100.jpg 100w\" sizes=\"(max-width: 150px) 100vw, 150px\" \/>\n\t\t\t<\/dt><\/dl><dl class='gallery-item'>\n\t\t\t<dt class='gallery-icon landscape'>\n\t\t\t\t<img loading=\"lazy\" decoding=\"async\" width=\"150\" height=\"150\" src=\"https:\/\/www.campus-berlaymont.be\/p\/wp-content\/uploads\/2018\/06\/IMG_1757-150x150.jpg\" class=\"attachment-thumbnail size-thumbnail\" alt=\"\" \/>\n\t\t\t<\/dt><\/dl><dl class='gallery-item'>\n\t\t\t<dt class='gallery-icon landscape'>\n\t\t\t\t<img loading=\"lazy\" decoding=\"async\" width=\"150\" height=\"150\" src=\"https:\/\/www.campus-berlaymont.be\/p\/wp-content\/uploads\/2018\/06\/IMG_1762-150x150.jpg\" class=\"attachment-thumbnail size-thumbnail\" alt=\"\" \/>\n\t\t\t<\/dt><\/dl><dl class='gallery-item'>\n\t\t\t<dt class='gallery-icon landscape'>\n\t\t\t\t<img loading=\"lazy\" decoding=\"async\" width=\"150\" height=\"150\" src=\"https:\/\/www.campus-berlaymont.be\/p\/wp-content\/uploads\/2020\/09\/PH1-2-150x150.jpg\" class=\"attachment-thumbnail size-thumbnail\" alt=\"\" \/>\n\t\t\t<\/dt><\/dl><br style=\"clear: both\" \/>\n\t\t<\/div>\n\n","protected":false},"excerpt":{"rendered":"<p>Plus connu sous le nom de ping-pong, le tennis de table d\u00e9veloppe les r\u00e9flexes, la force de frappe, la coordination et la perception de l&rsquo;espace. Le tennis de table peut se jouer en individuel ou en \u00e9quipe. Les joueurs participent \u00e0 une comp\u00e9tition inter-\u00e9coles. (de la 4e \u00e0 la 6e) [&hellip;]<\/p>\n","protected":false},"author":1,"featured_media":0,"parent":55,"menu_order":0,"comment_status":"closed","ping_status":"open","template":"","meta":{"footnotes":""},"class_list":["post-77","page","type-page","status-publish","hentry"],"_links":{"self":[{"href":"https:\/\/www.campus-berlaymont.be\/p\/wp-json\/wp\/v2\/pages\/77"}],"collection":[{"href":"https:\/\/www.campus-berlaymont.be\/p\/wp-json\/wp\/v2\/pages"}],"about":[{"href":"https:\/\/www.campus-berlaymont.be\/p\/wp-json\/wp\/v2\/types\/page"}],"author":[{"embeddable":true,"href":"https:\/\/www.campus-berlaymont.be\/p\/wp-json\/wp\/v2\/users\/1"}],"replies":[{"embeddable":true,"href":"https:\/\/www.campus-berlaymont.be\/p\/wp-json\/wp\/v2\/comments?post=77"}],"version-history":[{"count":6,"href":"https:\/\/www.campus-berlaymont.be\/p\/wp-json\/wp\/v2\/pages\/77\/revisions"}],"predecessor-version":[{"id":2280,"href":"https:\/\/www.campus-berlaymont.be\/p\/wp-json\/wp\/v2\/pages\/77\/revisions\/2280"}],"up":[{"embeddable":true,"href":"https:\/\/www.campus-berlaymont.be\/p\/wp-json\/wp\/v2\/pages\/55"}],"wp:attachment":[{"href":"https:\/\/www.campus-berlaymont.be\/p\/wp-json\/wp\/v2\/media?parent=77"}],"curies":[{"name":"wp","href":"https:\/\/api.w.org\/{rel}","templated":true}]}}