{"id":982,"date":"2014-04-14T14:55:19","date_gmt":"2014-04-14T12:55:19","guid":{"rendered":"http:\/\/para-berlaymont.be\/?page_id=982"},"modified":"2025-08-21T18:00:59","modified_gmt":"2025-08-21T16:00:59","slug":"etudes-dirigees","status":"publish","type":"page","link":"https:\/\/www.campus-berlaymont.be\/p\/etudes-dirigees\/","title":{"rendered":"Etudes dirig\u00e9es"},"content":{"rendered":"<h3 style=\"text-align: center;\"><strong>Etudes \u2013 <\/strong><strong><span>Ecole primaire de Berlaymont<\/span><\/strong><strong><span style=\"font-size: xx-large;\"><br \/>\n<\/span><\/strong><strong>Ann\u00e9e scolaire 2025-2026 :<\/strong><strong><span style=\"font-size: xx-large;\">\u00a0<\/span><\/strong><\/h3>\n<h5><b>R\u00e8glement et Conditions\u00a0<\/b><\/h5>\n<ul>\n<li><strong>Dur\u00e9e d\u2019inscription <\/strong>: L\u2019inscription est valable pour l\u2019ann\u00e9e enti\u00e8re. Si l\u2019enfant ne<br \/>\nparticipe pas \u00e0 toutes les s\u00e9ances propos\u00e9es, le montant restera inchang\u00e9.<\/li>\n<li><strong>Plusieurs formules :<\/strong><br \/>\na) L\u2019\u00e9tude <strong>surveill\u00e9e<\/strong> (3e \u00e0 6e)<br \/>\nb) L\u2019\u00e9tude <strong>dirig\u00e9e<\/strong> (3e \u00e0 6e)<br \/>\nc) L\u2019\u00e9tude <strong>dirig\u00e9e<\/strong> (1re et 2e)<\/li>\n<li><strong>Composition des groupes :<\/strong><br \/>\na) \u00c9tude surveill\u00e9e 3e \u00e0 6e : 15 \u00e0 18 \u00e9l\u00e8ves<br \/>\nb) \u00c9tude dirig\u00e9e 3e \u00e0 6e : 4 \u00e0 6 \u00e9l\u00e8ves<br \/>\nc) \u00c9tude dirig\u00e9e 1re et 2e : 7 \u00e0 9 \u00e9l\u00e8ves<\/li>\n<li><strong>V\u00e9rification des devoirs :<\/strong><br \/>\na) Durant l\u2019\u00e9tude surveill\u00e9e, l\u2019accent est mis sur un encadrement g\u00e9n\u00e9ral : les<br \/>\ndevoirs sont surveill\u00e9s mais ne font pas l\u2019objet d\u2019une aide individualis\u00e9e.<br \/>\nb) Durant l\u2019\u00e9tude dirig\u00e9e, les \u00e9l\u00e8ves b\u00e9n\u00e9ficient d\u2019un accompagnement plus<br \/>\ncibl\u00e9. Les devoirs sont non seulement v\u00e9rifi\u00e9s, mais un soutien est apport\u00e9<br \/>\nen cas de difficult\u00e9. Cela permet d\u2019identifier les points \u00e0 retravailler en<br \/>\nclasse et d\u2019aider l\u2019\u00e9l\u00e8ve \u00e0 progresser.<br \/>\nc) L\u2019\u00e9tude dirig\u00e9e pour les 1re et 2e ann\u00e9es offre un encadrement adapt\u00e9 aux<br \/>\nplus jeunes : les devoirs sont accompagn\u00e9s de fa\u00e7on structur\u00e9e, dans un<br \/>\npetit groupe, pour encourager l\u2019autonomie tout en assurant une<br \/>\ncompr\u00e9hension des consignes.<\/li>\n<li><strong>Horaires :<\/strong> De 16 h 00 \u00e0 17 h 00 les lundi, mardi et jeudi.<\/li>\n<li><strong>Sortie des enfants :<\/strong> Les parents doivent attendre les enfants \u00e0 l\u2019ext\u00e9rieur de<br \/>\nl\u2019\u00e9cole.<\/li>\n<li><strong>Co\u00fbt :<\/strong><br \/>\na) \u00c9tude <strong>surveill\u00e9e<\/strong> (3e \u00e0 6e) : 270\u20ac (c\u00e0d 3\u20ac la s\u00e9ance d\u2019une heure)<br \/>\nb) \u00c9tude <strong>dirig\u00e9e<\/strong> (3e \u00e0 6e) : 540\u20ac (c\u00e0d 6\u20ac la s\u00e9ance d\u2019une heure)<br \/>\nc) \u00c9tude <strong>dirig\u00e9e<\/strong> (1re et 2e) : 360\u20ac (c\u00e0d 4\u20ac la s\u00e9ance d\u2019une heure)<\/li>\n<li><strong>!!! Remarque importante :<\/strong> Il n\u2019est pas possible de reprendre votre enfant en cours<br \/>\nde s\u00e9ance. Si votre enfant doit quitter l\u2019\u00e9tablissement scolaire avant 17h00, il ne<br \/>\npourra pas se rendre \u00e0 l\u2019\u00e9tude ce jour-l\u00e0. Dans ce cas, il devra aller directement \u00e0<br \/>\nla garderie.\u00a0 Le respect du r\u00e8glement est essentiel pour garantir que tous les \u00e9l\u00e8ves b\u00e9n\u00e9ficiant de l\u2019\u00e9tude dirig\u00e9e puissent travailler dans un environnement sain et serein. Votre collaboration contribue \u00e0 maintenir une atmosph\u00e8re propice \u00e0 l\u2019apprentissage pour chacun.<\/li>\n<\/ul>\n<p><strong><a href=\"https:\/\/forms.gle\/uhYFAos7ejScvNZg7\" target=\"_blank\" data-saferedirecturl=\"https:\/\/www.google.com\/url?q=https:\/\/www.campus-berlaymont.be\/p\/inscriptions\/soutien-etude\/&amp;source=gmail&amp;ust=1724650111567000&amp;usg=AOvVaw2AQewi8GADrRLENP2w231m\" rel=\"noopener noreferrer\"><b><span style=\"font-size: large;\">Formulaire d&rsquo;inscription aux\u00a0<span>\u00e9tudes dirig\u00e9es<\/span><\/span><\/b><\/a><\/strong><\/p>\n<p><strong>Calendrier 2025-2026 (en construction)<\/strong><\/p>\n","protected":false},"excerpt":{"rendered":"<p>Etudes \u2013 Ecole primaire de Berlaymont Ann\u00e9e scolaire 2025-2026 :\u00a0 R\u00e8glement et Conditions\u00a0 Dur\u00e9e d\u2019inscription : L\u2019inscription est valable pour l\u2019ann\u00e9e enti\u00e8re. Si l\u2019enfant ne participe pas \u00e0 toutes les s\u00e9ances propos\u00e9es, le montant restera inchang\u00e9. Plusieurs formules : a) L\u2019\u00e9tude surveill\u00e9e (3e \u00e0 6e) b) L\u2019\u00e9tude dirig\u00e9e (3e \u00e0 [&hellip;]<\/p>\n","protected":false},"author":1,"featured_media":0,"parent":0,"menu_order":0,"comment_status":"closed","ping_status":"closed","template":"","meta":{"footnotes":""},"class_list":["post-982","page","type-page","status-publish","hentry"],"_links":{"self":[{"href":"https:\/\/www.campus-berlaymont.be\/p\/wp-json\/wp\/v2\/pages\/982"}],"collection":[{"href":"https:\/\/www.campus-berlaymont.be\/p\/wp-json\/wp\/v2\/pages"}],"about":[{"href":"https:\/\/www.campus-berlaymont.be\/p\/wp-json\/wp\/v2\/types\/page"}],"author":[{"embeddable":true,"href":"https:\/\/www.campus-berlaymont.be\/p\/wp-json\/wp\/v2\/users\/1"}],"replies":[{"embeddable":true,"href":"https:\/\/www.campus-berlaymont.be\/p\/wp-json\/wp\/v2\/comments?post=982"}],"version-history":[{"count":26,"href":"https:\/\/www.campus-berlaymont.be\/p\/wp-json\/wp\/v2\/pages\/982\/revisions"}],"predecessor-version":[{"id":2323,"href":"https:\/\/www.campus-berlaymont.be\/p\/wp-json\/wp\/v2\/pages\/982\/revisions\/2323"}],"wp:attachment":[{"href":"https:\/\/www.campus-berlaymont.be\/p\/wp-json\/wp\/v2\/media?parent=982"}],"curies":[{"name":"wp","href":"https:\/\/api.w.org\/{rel}","templated":true}]}}