{"id":991,"date":"2014-04-25T19:52:54","date_gmt":"2014-04-25T17:52:54","guid":{"rendered":"http:\/\/para-berlaymont.be\/?page_id=991"},"modified":"2019-09-22T17:34:37","modified_gmt":"2019-09-22T15:34:37","slug":"notre-asbl","status":"publish","type":"page","link":"https:\/\/www.campus-berlaymont.be\/p\/","title":{"rendered":"Notre ASBL"},"content":{"rendered":"<p><span><strong><img loading=\"lazy\" decoding=\"async\" src=\"https:\/\/www.campus-berlaymont.be\/p\/wp-content\/uploads\/2018\/06\/Campus-P-1-300x272.png\" alt=\"\" width=\"300\" height=\"272\" class=\"wp-image-1783 size-medium alignleft\" srcset=\"https:\/\/www.campus-berlaymont.be\/p\/wp-content\/uploads\/2018\/06\/Campus-P-1-300x272.png 300w, https:\/\/www.campus-berlaymont.be\/p\/wp-content\/uploads\/2018\/06\/Campus-P-1.png 693w\" sizes=\"(max-width: 300px) 100vw, 300px\" \/>Campus Berlaymont \u2013 P <\/strong>est<\/span><span>\u00a0un soutien dans l\u2019organisation d\u2019activit\u00e9s p\u00e9riscolaires.<\/span><\/p>\n<p><span>Nous\u00a0apportons une exp\u00e9rience, une aide et une structure pour construire avec l\u2019\u00e9cole les activit\u00e9s qui lui conviennent en dehors du temps scolaire (temps de midi\u00a0et\u00a0apr\u00e8s 16 h).<\/span><\/p>\n<p><span>Nous avons la conviction que ces activit\u00e9s renforcent les motivations et les esp\u00e9rances des \u00e9l\u00e8ves dans leur scolarit\u00e9.<\/span><\/p>\n","protected":false},"excerpt":{"rendered":"<p>Campus Berlaymont \u2013 P est\u00a0un soutien dans l\u2019organisation d\u2019activit\u00e9s p\u00e9riscolaires. Nous\u00a0apportons une exp\u00e9rience, une aide et une structure pour construire avec l\u2019\u00e9cole les activit\u00e9s qui lui conviennent en dehors du temps scolaire (temps de midi\u00a0et\u00a0apr\u00e8s 16 h). Nous avons la conviction que ces activit\u00e9s renforcent les motivations et les esp\u00e9rances [&hellip;]<\/p>\n","protected":false},"author":1,"featured_media":0,"parent":0,"menu_order":0,"comment_status":"closed","ping_status":"closed","template":"","meta":{"footnotes":""},"class_list":["post-991","page","type-page","status-publish","hentry"],"_links":{"self":[{"href":"https:\/\/www.campus-berlaymont.be\/p\/wp-json\/wp\/v2\/pages\/991"}],"collection":[{"href":"https:\/\/www.campus-berlaymont.be\/p\/wp-json\/wp\/v2\/pages"}],"about":[{"href":"https:\/\/www.campus-berlaymont.be\/p\/wp-json\/wp\/v2\/types\/page"}],"author":[{"embeddable":true,"href":"https:\/\/www.campus-berlaymont.be\/p\/wp-json\/wp\/v2\/users\/1"}],"replies":[{"embeddable":true,"href":"https:\/\/www.campus-berlaymont.be\/p\/wp-json\/wp\/v2\/comments?post=991"}],"version-history":[{"count":7,"href":"https:\/\/www.campus-berlaymont.be\/p\/wp-json\/wp\/v2\/pages\/991\/revisions"}],"predecessor-version":[{"id":2025,"href":"https:\/\/www.campus-berlaymont.be\/p\/wp-json\/wp\/v2\/pages\/991\/revisions\/2025"}],"wp:attachment":[{"href":"https:\/\/www.campus-berlaymont.be\/p\/wp-json\/wp\/v2\/media?parent=991"}],"curies":[{"name":"wp","href":"https:\/\/api.w.org\/{rel}","templated":true}]}}